{"id":56218,"date":"2026-01-22T06:44:20","date_gmt":"2026-01-22T06:44:20","guid":{"rendered":"https:\/\/jokke.com\/se\/produkt\/snake-expo-halsband-i-mjuk-akta-lader-med-snake-kedja-i-silver-eller-guld-farg\/"},"modified":"2026-01-22T07:10:03","modified_gmt":"2026-01-22T07:10:03","slug":"snake-expo-halsband-i-mjuk-akta-lader-med-snake-kedja-i-silver-eller-guld-farg","status":"publish","type":"product","link":"https:\/\/jokke.com\/se\/produkt\/snake-expo-halsband-i-mjuk-akta-lader-med-snake-kedja-i-silver-eller-guld-farg\/","title":{"rendered":"Snake-Expo halsband i mjuk \u00e4kta l\u00e4der med Snake-kedja i silver eller guld f\u00e4rg."},"content":{"rendered":"","protected":false},"excerpt":{"rendered":"<p>L\u00e4dret vid 2 mm Snake kedja \u00e4r cirka 1, 8 mm nappaleder f\u00f6rst\u00e4rkt och sytt med en f\u00f6rst\u00e4rkningsband i insidan medan produkter med 3 mm och 4 mm Snake har en + 3 mm tjock l\u00e4derband i remml\u00e4der.<\/p>\n","protected":false},"featured_media":56233,"comment_status":"closed","ping_status":"closed","template":"","meta":{"_acf_changed":false},"product_brand":[],"product_cat":[504],"product_tag":[],"class_list":{"0":"post-56218","1":"product","2":"type-product","3":"status-publish","4":"has-post-thumbnail","6":"product_cat-selar","7":"pa_langd-25-35-cm-x-2-mm-kulta-forgylld","8":"pa_langd-25-35-cm-x-2-mm-hopea-silver","9":"pa_langd-30-40-cm-x-2-mm-kulta-forgylld","10":"pa_langd-30-40-cm-x-2-mm-hopea-silver","11":"pa_langd-35-45-cm-x-2-mm-kulta-forgylld","12":"pa_langd-35-45-cm-x-2-mm-hopea-silver","13":"pa_langd-40-50-cm-x-2-mm-kulta-forgylld","14":"pa_langd-40-50-cm-x-2-mm-hopea-silver","15":"pa_langd-40-50-cm-x-3-mm-kulta-forgylld","16":"pa_langd-40-50-cm-x-4-mm-hopea-silver","17":"pa_langd-45-55-cm-x-3-mm-kulta-forgylld","18":"pa_langd-45-55-cm-x-4-mm-hopea-silver","19":"pa_langd-50-60-cm-x-3-mm-kulta-forgylld","20":"pa_langd-50-60-cm-x-4-mm-hopea-silver","21":"pa_langd-55-65-cm-x-3-mm-kulta-forgylld","22":"pa_langd-55-65-cm-x-4-mm-hopea-silver","24":"first","25":"instock","26":"taxable","27":"shipping-taxable","28":"purchasable","29":"product-type-variable"},"acf":[],"yoast_head":"<!-- This site is optimized with the Yoast SEO plugin v26.7 - https:\/\/yoast.com\/wordpress\/plugins\/seo\/ -->\n<title>Snake-Expo halsband i mjuk \u00e4kta l\u00e4der med Snake-kedja i silver eller guld f\u00e4rg. - Jokke<\/title>\n<meta name=\"robots\" content=\"index, follow, max-snippet:-1, max-image-preview:large, max-video-preview:-1\" \/>\n<link rel=\"canonical\" href=\"https:\/\/jokke.com\/se\/produkt\/snake-expo-halsband-i-mjuk-akta-lader-med-snake-kedja-i-silver-eller-guld-farg\/\" \/>\n<meta property=\"og:locale\" content=\"sv_SE\" \/>\n<meta property=\"og:type\" content=\"article\" \/>\n<meta property=\"og:title\" content=\"Snake-Expo halsband i mjuk \u00e4kta l\u00e4der med Snake-kedja i silver eller guld f\u00e4rg. - Jokke\" \/>\n<meta property=\"og:description\" content=\"L\u00e4dret vid 2 mm Snake kedja \u00e4r cirka 1, 8 mm nappaleder f\u00f6rst\u00e4rkt och sytt med en f\u00f6rst\u00e4rkningsband i insidan medan produkter med 3 mm och 4 mm Snake har en + 3 mm tjock l\u00e4derband i remml\u00e4der.\" \/>\n<meta property=\"og:url\" content=\"https:\/\/jokke.com\/se\/produkt\/snake-expo-halsband-i-mjuk-akta-lader-med-snake-kedja-i-silver-eller-guld-farg\/\" \/>\n<meta property=\"og:site_name\" content=\"Jokke\" \/>\n<meta property=\"article:modified_time\" content=\"2026-01-22T07:10:03+00:00\" \/>\n<meta property=\"og:image\" content=\"https:\/\/jokke.com\/se\/wp-content\/uploads\/2026\/01\/SNAKEEXPO-1.jpg\" \/>\n\t<meta property=\"og:image:width\" content=\"370\" \/>\n\t<meta property=\"og:image:height\" content=\"675\" \/>\n\t<meta property=\"og:image:type\" content=\"image\/jpeg\" \/>\n<meta name=\"twitter:card\" content=\"summary_large_image\" \/>\n<script type=\"application\/ld+json\" class=\"yoast-schema-graph\">{\"@context\":\"https:\/\/schema.org\",\"@graph\":[{\"@type\":\"WebPage\",\"@id\":\"https:\/\/jokke.com\/se\/produkt\/snake-expo-halsband-i-mjuk-akta-lader-med-snake-kedja-i-silver-eller-guld-farg\/\",\"url\":\"https:\/\/jokke.com\/se\/produkt\/snake-expo-halsband-i-mjuk-akta-lader-med-snake-kedja-i-silver-eller-guld-farg\/\",\"name\":\"Snake-Expo halsband i mjuk \u00e4kta l\u00e4der med Snake-kedja i silver eller guld f\u00e4rg. - Jokke\",\"isPartOf\":{\"@id\":\"https:\/\/jokke.com\/se\/#website\"},\"primaryImageOfPage\":{\"@id\":\"https:\/\/jokke.com\/se\/produkt\/snake-expo-halsband-i-mjuk-akta-lader-med-snake-kedja-i-silver-eller-guld-farg\/#primaryimage\"},\"image\":{\"@id\":\"https:\/\/jokke.com\/se\/produkt\/snake-expo-halsband-i-mjuk-akta-lader-med-snake-kedja-i-silver-eller-guld-farg\/#primaryimage\"},\"thumbnailUrl\":\"https:\/\/jokke.com\/se\/wp-content\/uploads\/2026\/01\/SNAKEEXPO-1.jpg\",\"datePublished\":\"2026-01-22T06:44:20+00:00\",\"dateModified\":\"2026-01-22T07:10:03+00:00\",\"breadcrumb\":{\"@id\":\"https:\/\/jokke.com\/se\/produkt\/snake-expo-halsband-i-mjuk-akta-lader-med-snake-kedja-i-silver-eller-guld-farg\/#breadcrumb\"},\"inLanguage\":\"sv-SE\",\"potentialAction\":[{\"@type\":\"ReadAction\",\"target\":[\"https:\/\/jokke.com\/se\/produkt\/snake-expo-halsband-i-mjuk-akta-lader-med-snake-kedja-i-silver-eller-guld-farg\/\"]}]},{\"@type\":\"ImageObject\",\"inLanguage\":\"sv-SE\",\"@id\":\"https:\/\/jokke.com\/se\/produkt\/snake-expo-halsband-i-mjuk-akta-lader-med-snake-kedja-i-silver-eller-guld-farg\/#primaryimage\",\"url\":\"https:\/\/jokke.com\/se\/wp-content\/uploads\/2026\/01\/SNAKEEXPO-1.jpg\",\"contentUrl\":\"https:\/\/jokke.com\/se\/wp-content\/uploads\/2026\/01\/SNAKEEXPO-1.jpg\",\"width\":370,\"height\":675},{\"@type\":\"BreadcrumbList\",\"@id\":\"https:\/\/jokke.com\/se\/produkt\/snake-expo-halsband-i-mjuk-akta-lader-med-snake-kedja-i-silver-eller-guld-farg\/#breadcrumb\",\"itemListElement\":[{\"@type\":\"ListItem\",\"position\":1,\"name\":\"Home\",\"item\":\"https:\/\/jokke.com\/se\/\"},{\"@type\":\"ListItem\",\"position\":2,\"name\":\"Butik\",\"item\":\"https:\/\/jokke.com\/se\/butik\/\"},{\"@type\":\"ListItem\",\"position\":3,\"name\":\"Snake-Expo halsband i mjuk \u00e4kta l\u00e4der med Snake-kedja i silver eller guld f\u00e4rg.\"}]},{\"@type\":\"WebSite\",\"@id\":\"https:\/\/jokke.com\/se\/#website\",\"url\":\"https:\/\/jokke.com\/se\/\",\"name\":\"Jokke\",\"description\":\"\",\"potentialAction\":[{\"@type\":\"SearchAction\",\"target\":{\"@type\":\"EntryPoint\",\"urlTemplate\":\"https:\/\/jokke.com\/se\/?s={search_term_string}\"},\"query-input\":{\"@type\":\"PropertyValueSpecification\",\"valueRequired\":true,\"valueName\":\"search_term_string\"}}],\"inLanguage\":\"sv-SE\"}]}<\/script>\n<!-- \/ Yoast SEO plugin. -->","yoast_head_json":{"title":"Snake-Expo halsband i mjuk \u00e4kta l\u00e4der med Snake-kedja i silver eller guld f\u00e4rg. - Jokke","robots":{"index":"index","follow":"follow","max-snippet":"max-snippet:-1","max-image-preview":"max-image-preview:large","max-video-preview":"max-video-preview:-1"},"canonical":"https:\/\/jokke.com\/se\/produkt\/snake-expo-halsband-i-mjuk-akta-lader-med-snake-kedja-i-silver-eller-guld-farg\/","og_locale":"sv_SE","og_type":"article","og_title":"Snake-Expo halsband i mjuk \u00e4kta l\u00e4der med Snake-kedja i silver eller guld f\u00e4rg. - Jokke","og_description":"L\u00e4dret vid 2 mm Snake kedja \u00e4r cirka 1, 8 mm nappaleder f\u00f6rst\u00e4rkt och sytt med en f\u00f6rst\u00e4rkningsband i insidan medan produkter med 3 mm och 4 mm Snake har en + 3 mm tjock l\u00e4derband i remml\u00e4der.","og_url":"https:\/\/jokke.com\/se\/produkt\/snake-expo-halsband-i-mjuk-akta-lader-med-snake-kedja-i-silver-eller-guld-farg\/","og_site_name":"Jokke","article_modified_time":"2026-01-22T07:10:03+00:00","og_image":[{"width":370,"height":675,"url":"https:\/\/jokke.com\/se\/wp-content\/uploads\/2026\/01\/SNAKEEXPO-1.jpg","type":"image\/jpeg"}],"twitter_card":"summary_large_image","schema":{"@context":"https:\/\/schema.org","@graph":[{"@type":"WebPage","@id":"https:\/\/jokke.com\/se\/produkt\/snake-expo-halsband-i-mjuk-akta-lader-med-snake-kedja-i-silver-eller-guld-farg\/","url":"https:\/\/jokke.com\/se\/produkt\/snake-expo-halsband-i-mjuk-akta-lader-med-snake-kedja-i-silver-eller-guld-farg\/","name":"Snake-Expo halsband i mjuk \u00e4kta l\u00e4der med Snake-kedja i silver eller guld f\u00e4rg. - Jokke","isPartOf":{"@id":"https:\/\/jokke.com\/se\/#website"},"primaryImageOfPage":{"@id":"https:\/\/jokke.com\/se\/produkt\/snake-expo-halsband-i-mjuk-akta-lader-med-snake-kedja-i-silver-eller-guld-farg\/#primaryimage"},"image":{"@id":"https:\/\/jokke.com\/se\/produkt\/snake-expo-halsband-i-mjuk-akta-lader-med-snake-kedja-i-silver-eller-guld-farg\/#primaryimage"},"thumbnailUrl":"https:\/\/jokke.com\/se\/wp-content\/uploads\/2026\/01\/SNAKEEXPO-1.jpg","datePublished":"2026-01-22T06:44:20+00:00","dateModified":"2026-01-22T07:10:03+00:00","breadcrumb":{"@id":"https:\/\/jokke.com\/se\/produkt\/snake-expo-halsband-i-mjuk-akta-lader-med-snake-kedja-i-silver-eller-guld-farg\/#breadcrumb"},"inLanguage":"sv-SE","potentialAction":[{"@type":"ReadAction","target":["https:\/\/jokke.com\/se\/produkt\/snake-expo-halsband-i-mjuk-akta-lader-med-snake-kedja-i-silver-eller-guld-farg\/"]}]},{"@type":"ImageObject","inLanguage":"sv-SE","@id":"https:\/\/jokke.com\/se\/produkt\/snake-expo-halsband-i-mjuk-akta-lader-med-snake-kedja-i-silver-eller-guld-farg\/#primaryimage","url":"https:\/\/jokke.com\/se\/wp-content\/uploads\/2026\/01\/SNAKEEXPO-1.jpg","contentUrl":"https:\/\/jokke.com\/se\/wp-content\/uploads\/2026\/01\/SNAKEEXPO-1.jpg","width":370,"height":675},{"@type":"BreadcrumbList","@id":"https:\/\/jokke.com\/se\/produkt\/snake-expo-halsband-i-mjuk-akta-lader-med-snake-kedja-i-silver-eller-guld-farg\/#breadcrumb","itemListElement":[{"@type":"ListItem","position":1,"name":"Home","item":"https:\/\/jokke.com\/se\/"},{"@type":"ListItem","position":2,"name":"Butik","item":"https:\/\/jokke.com\/se\/butik\/"},{"@type":"ListItem","position":3,"name":"Snake-Expo halsband i mjuk \u00e4kta l\u00e4der med Snake-kedja i silver eller guld f\u00e4rg."}]},{"@type":"WebSite","@id":"https:\/\/jokke.com\/se\/#website","url":"https:\/\/jokke.com\/se\/","name":"Jokke","description":"","potentialAction":[{"@type":"SearchAction","target":{"@type":"EntryPoint","urlTemplate":"https:\/\/jokke.com\/se\/?s={search_term_string}"},"query-input":{"@type":"PropertyValueSpecification","valueRequired":true,"valueName":"search_term_string"}}],"inLanguage":"sv-SE"}]}},"_links":{"self":[{"href":"https:\/\/jokke.com\/se\/wp-json\/wp\/v2\/product\/56218","targetHints":{"allow":["GET"]}}],"collection":[{"href":"https:\/\/jokke.com\/se\/wp-json\/wp\/v2\/product"}],"about":[{"href":"https:\/\/jokke.com\/se\/wp-json\/wp\/v2\/types\/product"}],"replies":[{"embeddable":true,"href":"https:\/\/jokke.com\/se\/wp-json\/wp\/v2\/comments?post=56218"}],"wp:featuredmedia":[{"embeddable":true,"href":"https:\/\/jokke.com\/se\/wp-json\/wp\/v2\/media\/56233"}],"wp:attachment":[{"href":"https:\/\/jokke.com\/se\/wp-json\/wp\/v2\/media?parent=56218"}],"wp:term":[{"taxonomy":"product_brand","embeddable":true,"href":"https:\/\/jokke.com\/se\/wp-json\/wp\/v2\/product_brand?post=56218"},{"taxonomy":"product_cat","embeddable":true,"href":"https:\/\/jokke.com\/se\/wp-json\/wp\/v2\/product_cat?post=56218"},{"taxonomy":"product_tag","embeddable":true,"href":"https:\/\/jokke.com\/se\/wp-json\/wp\/v2\/product_tag?post=56218"}],"curies":[{"name":"wp","href":"https:\/\/api.w.org\/{rel}","templated":true}]}}