{"id":55843,"date":"2026-01-22T06:41:08","date_gmt":"2026-01-22T06:41:08","guid":{"rendered":"https:\/\/jokke.com\/se\/produkt\/joy-halsband-i-mjuk-fleececirca-60-mm-bred-tillverkad-i-fnland-2\/"},"modified":"2026-01-22T06:41:12","modified_gmt":"2026-01-22T06:41:12","slug":"joy-halsband-i-mjuk-fleececirca-60-mm-bred-tillverkad-i-fnland","status":"publish","type":"product","link":"https:\/\/jokke.com\/se\/produkt\/joy-halsband-i-mjuk-fleececirca-60-mm-bred-tillverkad-i-fnland\/","title":{"rendered":"Joy-halsband i mjuk fleece,circa 60 mm bred, tillverkad i Fnland."},"content":{"rendered":"","protected":false},"excerpt":{"rendered":"<p>Reflexband med stabila d-ringar. Tyget i f\u00e4rg multicolor \u00e4r litet stabilare \u00e4n i f\u00e4rg cerise.<\/p>\n","protected":false},"featured_media":55859,"comment_status":"closed","ping_status":"open","template":"","meta":{"_acf_changed":false},"product_brand":[],"product_cat":[17],"product_tag":[],"class_list":{"0":"post-55843","1":"product","2":"type-product","3":"status-publish","4":"has-post-thumbnail","6":"product_cat-halsband","7":"pa_bredd-multicolor","8":"pa_farg-35-44-cm-cerise","9":"pa_farg-35-44-cm-multicolor","10":"pa_farg-40-49-cm-cerise","11":"pa_farg-40-49-cm-multicolor","12":"pa_farg-45-54-cm-cerise","13":"pa_farg-45-54-cm-multicolor","14":"pa_langd-35-44-cm-kirjava","15":"pa_langd-35-44-cm-pinkki","16":"pa_langd-40-49-cm-kirjava","17":"pa_langd-40-49-cm-pinkki","18":"pa_langd-45-54-cm-kirjava","19":"pa_langd-45-54-cm-pinkki","21":"first","22":"instock","23":"taxable","24":"shipping-taxable","25":"purchasable","26":"product-type-variable"},"acf":[],"yoast_head":"<!-- This site is optimized with the Yoast SEO plugin v26.7 - https:\/\/yoast.com\/wordpress\/plugins\/seo\/ -->\n<title>Joy-halsband i mjuk fleece,circa 60 mm bred, tillverkad i Fnland. - Jokke<\/title>\n<meta name=\"robots\" content=\"index, follow, max-snippet:-1, max-image-preview:large, max-video-preview:-1\" \/>\n<link rel=\"canonical\" href=\"https:\/\/jokke.com\/se\/produkt\/joy-halsband-i-mjuk-fleececirca-60-mm-bred-tillverkad-i-fnland\/\" \/>\n<meta property=\"og:locale\" content=\"sv_SE\" \/>\n<meta property=\"og:type\" content=\"article\" \/>\n<meta property=\"og:title\" content=\"Joy-halsband i mjuk fleece,circa 60 mm bred, tillverkad i Fnland. - Jokke\" \/>\n<meta property=\"og:description\" content=\"Reflexband med stabila d-ringar. Tyget i f\u00e4rg multicolor \u00e4r litet stabilare \u00e4n i f\u00e4rg cerise.\" \/>\n<meta property=\"og:url\" content=\"https:\/\/jokke.com\/se\/produkt\/joy-halsband-i-mjuk-fleececirca-60-mm-bred-tillverkad-i-fnland\/\" \/>\n<meta property=\"og:site_name\" content=\"Jokke\" \/>\n<meta property=\"article:modified_time\" content=\"2026-01-22T06:41:12+00:00\" \/>\n<meta property=\"og:image\" content=\"https:\/\/jokke.com\/se\/wp-content\/uploads\/2025\/09\/JOY60mm.jpg\" \/>\n\t<meta property=\"og:image:width\" content=\"647\" \/>\n\t<meta property=\"og:image:height\" content=\"960\" \/>\n\t<meta property=\"og:image:type\" content=\"image\/jpeg\" \/>\n<meta name=\"twitter:card\" content=\"summary_large_image\" \/>\n<script type=\"application\/ld+json\" class=\"yoast-schema-graph\">{\"@context\":\"https:\/\/schema.org\",\"@graph\":[{\"@type\":\"WebPage\",\"@id\":\"https:\/\/jokke.com\/se\/produkt\/joy-halsband-i-mjuk-fleececirca-60-mm-bred-tillverkad-i-fnland\/\",\"url\":\"https:\/\/jokke.com\/se\/produkt\/joy-halsband-i-mjuk-fleececirca-60-mm-bred-tillverkad-i-fnland\/\",\"name\":\"Joy-halsband i mjuk fleece,circa 60 mm bred, tillverkad i Fnland. - Jokke\",\"isPartOf\":{\"@id\":\"https:\/\/jokke.com\/se\/#website\"},\"primaryImageOfPage\":{\"@id\":\"https:\/\/jokke.com\/se\/produkt\/joy-halsband-i-mjuk-fleececirca-60-mm-bred-tillverkad-i-fnland\/#primaryimage\"},\"image\":{\"@id\":\"https:\/\/jokke.com\/se\/produkt\/joy-halsband-i-mjuk-fleececirca-60-mm-bred-tillverkad-i-fnland\/#primaryimage\"},\"thumbnailUrl\":\"https:\/\/jokke.com\/se\/wp-content\/uploads\/2025\/09\/JOY60mm.jpg\",\"datePublished\":\"2026-01-22T06:41:08+00:00\",\"dateModified\":\"2026-01-22T06:41:12+00:00\",\"breadcrumb\":{\"@id\":\"https:\/\/jokke.com\/se\/produkt\/joy-halsband-i-mjuk-fleececirca-60-mm-bred-tillverkad-i-fnland\/#breadcrumb\"},\"inLanguage\":\"sv-SE\",\"potentialAction\":[{\"@type\":\"ReadAction\",\"target\":[\"https:\/\/jokke.com\/se\/produkt\/joy-halsband-i-mjuk-fleececirca-60-mm-bred-tillverkad-i-fnland\/\"]}]},{\"@type\":\"ImageObject\",\"inLanguage\":\"sv-SE\",\"@id\":\"https:\/\/jokke.com\/se\/produkt\/joy-halsband-i-mjuk-fleececirca-60-mm-bred-tillverkad-i-fnland\/#primaryimage\",\"url\":\"https:\/\/jokke.com\/se\/wp-content\/uploads\/2025\/09\/JOY60mm.jpg\",\"contentUrl\":\"https:\/\/jokke.com\/se\/wp-content\/uploads\/2025\/09\/JOY60mm.jpg\",\"width\":647,\"height\":960},{\"@type\":\"BreadcrumbList\",\"@id\":\"https:\/\/jokke.com\/se\/produkt\/joy-halsband-i-mjuk-fleececirca-60-mm-bred-tillverkad-i-fnland\/#breadcrumb\",\"itemListElement\":[{\"@type\":\"ListItem\",\"position\":1,\"name\":\"Home\",\"item\":\"https:\/\/jokke.com\/se\/\"},{\"@type\":\"ListItem\",\"position\":2,\"name\":\"Butik\",\"item\":\"https:\/\/jokke.com\/se\/butik\/\"},{\"@type\":\"ListItem\",\"position\":3,\"name\":\"Joy-halsband i mjuk fleece,circa 60 mm bred, tillverkad i Fnland.\"}]},{\"@type\":\"WebSite\",\"@id\":\"https:\/\/jokke.com\/se\/#website\",\"url\":\"https:\/\/jokke.com\/se\/\",\"name\":\"Jokke\",\"description\":\"\",\"potentialAction\":[{\"@type\":\"SearchAction\",\"target\":{\"@type\":\"EntryPoint\",\"urlTemplate\":\"https:\/\/jokke.com\/se\/?s={search_term_string}\"},\"query-input\":{\"@type\":\"PropertyValueSpecification\",\"valueRequired\":true,\"valueName\":\"search_term_string\"}}],\"inLanguage\":\"sv-SE\"}]}<\/script>\n<!-- \/ Yoast SEO plugin. -->","yoast_head_json":{"title":"Joy-halsband i mjuk fleece,circa 60 mm bred, tillverkad i Fnland. - Jokke","robots":{"index":"index","follow":"follow","max-snippet":"max-snippet:-1","max-image-preview":"max-image-preview:large","max-video-preview":"max-video-preview:-1"},"canonical":"https:\/\/jokke.com\/se\/produkt\/joy-halsband-i-mjuk-fleececirca-60-mm-bred-tillverkad-i-fnland\/","og_locale":"sv_SE","og_type":"article","og_title":"Joy-halsband i mjuk fleece,circa 60 mm bred, tillverkad i Fnland. - Jokke","og_description":"Reflexband med stabila d-ringar. Tyget i f\u00e4rg multicolor \u00e4r litet stabilare \u00e4n i f\u00e4rg cerise.","og_url":"https:\/\/jokke.com\/se\/produkt\/joy-halsband-i-mjuk-fleececirca-60-mm-bred-tillverkad-i-fnland\/","og_site_name":"Jokke","article_modified_time":"2026-01-22T06:41:12+00:00","og_image":[{"width":647,"height":960,"url":"https:\/\/jokke.com\/se\/wp-content\/uploads\/2025\/09\/JOY60mm.jpg","type":"image\/jpeg"}],"twitter_card":"summary_large_image","schema":{"@context":"https:\/\/schema.org","@graph":[{"@type":"WebPage","@id":"https:\/\/jokke.com\/se\/produkt\/joy-halsband-i-mjuk-fleececirca-60-mm-bred-tillverkad-i-fnland\/","url":"https:\/\/jokke.com\/se\/produkt\/joy-halsband-i-mjuk-fleececirca-60-mm-bred-tillverkad-i-fnland\/","name":"Joy-halsband i mjuk fleece,circa 60 mm bred, tillverkad i Fnland. - Jokke","isPartOf":{"@id":"https:\/\/jokke.com\/se\/#website"},"primaryImageOfPage":{"@id":"https:\/\/jokke.com\/se\/produkt\/joy-halsband-i-mjuk-fleececirca-60-mm-bred-tillverkad-i-fnland\/#primaryimage"},"image":{"@id":"https:\/\/jokke.com\/se\/produkt\/joy-halsband-i-mjuk-fleececirca-60-mm-bred-tillverkad-i-fnland\/#primaryimage"},"thumbnailUrl":"https:\/\/jokke.com\/se\/wp-content\/uploads\/2025\/09\/JOY60mm.jpg","datePublished":"2026-01-22T06:41:08+00:00","dateModified":"2026-01-22T06:41:12+00:00","breadcrumb":{"@id":"https:\/\/jokke.com\/se\/produkt\/joy-halsband-i-mjuk-fleececirca-60-mm-bred-tillverkad-i-fnland\/#breadcrumb"},"inLanguage":"sv-SE","potentialAction":[{"@type":"ReadAction","target":["https:\/\/jokke.com\/se\/produkt\/joy-halsband-i-mjuk-fleececirca-60-mm-bred-tillverkad-i-fnland\/"]}]},{"@type":"ImageObject","inLanguage":"sv-SE","@id":"https:\/\/jokke.com\/se\/produkt\/joy-halsband-i-mjuk-fleececirca-60-mm-bred-tillverkad-i-fnland\/#primaryimage","url":"https:\/\/jokke.com\/se\/wp-content\/uploads\/2025\/09\/JOY60mm.jpg","contentUrl":"https:\/\/jokke.com\/se\/wp-content\/uploads\/2025\/09\/JOY60mm.jpg","width":647,"height":960},{"@type":"BreadcrumbList","@id":"https:\/\/jokke.com\/se\/produkt\/joy-halsband-i-mjuk-fleececirca-60-mm-bred-tillverkad-i-fnland\/#breadcrumb","itemListElement":[{"@type":"ListItem","position":1,"name":"Home","item":"https:\/\/jokke.com\/se\/"},{"@type":"ListItem","position":2,"name":"Butik","item":"https:\/\/jokke.com\/se\/butik\/"},{"@type":"ListItem","position":3,"name":"Joy-halsband i mjuk fleece,circa 60 mm bred, tillverkad i Fnland."}]},{"@type":"WebSite","@id":"https:\/\/jokke.com\/se\/#website","url":"https:\/\/jokke.com\/se\/","name":"Jokke","description":"","potentialAction":[{"@type":"SearchAction","target":{"@type":"EntryPoint","urlTemplate":"https:\/\/jokke.com\/se\/?s={search_term_string}"},"query-input":{"@type":"PropertyValueSpecification","valueRequired":true,"valueName":"search_term_string"}}],"inLanguage":"sv-SE"}]}},"_links":{"self":[{"href":"https:\/\/jokke.com\/se\/wp-json\/wp\/v2\/product\/55843","targetHints":{"allow":["GET"]}}],"collection":[{"href":"https:\/\/jokke.com\/se\/wp-json\/wp\/v2\/product"}],"about":[{"href":"https:\/\/jokke.com\/se\/wp-json\/wp\/v2\/types\/product"}],"replies":[{"embeddable":true,"href":"https:\/\/jokke.com\/se\/wp-json\/wp\/v2\/comments?post=55843"}],"wp:featuredmedia":[{"embeddable":true,"href":"https:\/\/jokke.com\/se\/wp-json\/wp\/v2\/media\/55859"}],"wp:attachment":[{"href":"https:\/\/jokke.com\/se\/wp-json\/wp\/v2\/media?parent=55843"}],"wp:term":[{"taxonomy":"product_brand","embeddable":true,"href":"https:\/\/jokke.com\/se\/wp-json\/wp\/v2\/product_brand?post=55843"},{"taxonomy":"product_cat","embeddable":true,"href":"https:\/\/jokke.com\/se\/wp-json\/wp\/v2\/product_cat?post=55843"},{"taxonomy":"product_tag","embeddable":true,"href":"https:\/\/jokke.com\/se\/wp-json\/wp\/v2\/product_tag?post=55843"}],"curies":[{"name":"wp","href":"https:\/\/api.w.org\/{rel}","templated":true}]}}