{"id":55634,"date":"2026-01-22T06:47:44","date_gmt":"2026-01-22T06:47:44","guid":{"rendered":"https:\/\/jokke.com\/se\/produkt\/kaninskin-i-sorterade-farger-6290-000-077-ursprungsomrade-eu-2\/"},"modified":"2026-01-22T06:47:45","modified_gmt":"2026-01-22T06:47:45","slug":"kaninskin-i-sorterade-farger-6290-000-077-ursprungsomrade-eu","status":"publish","type":"product","link":"https:\/\/jokke.com\/se\/produkt\/kaninskin-i-sorterade-farger-6290-000-077-ursprungsomrade-eu\/","title":{"rendered":"Kaninskin i sorterade f\u00e4rger  6290 000 077 ), ursprungsomr\u00e5de EU"},"content":{"rendered":"","protected":false},"excerpt":{"rendered":"<p>Kaninskin med p\u00e4ls,sorterade f\u00e4rger, Ursprung EU, biprodukt av matproduktionen<\/p>\n","protected":false},"featured_media":55644,"comment_status":"closed","ping_status":"open","template":"","meta":{"_acf_changed":false},"product_brand":[],"product_cat":[21],"product_tag":[],"class_list":{"0":"post-55634","1":"product","2":"type-product","3":"status-publish","4":"has-post-thumbnail","6":"product_cat-motivering","8":"first","9":"instock","10":"taxable","11":"shipping-taxable","12":"purchasable","13":"product-type-simple"},"acf":[],"yoast_head":"<!-- This site is optimized with the Yoast SEO plugin v26.7 - https:\/\/yoast.com\/wordpress\/plugins\/seo\/ -->\n<title>Kaninskin i sorterade f\u00e4rger 6290 000 077 ), ursprungsomr\u00e5de EU - Jokke<\/title>\n<meta name=\"robots\" content=\"index, follow, max-snippet:-1, max-image-preview:large, max-video-preview:-1\" \/>\n<link rel=\"canonical\" href=\"https:\/\/jokke.com\/se\/produkt\/kaninskin-i-sorterade-farger-6290-000-077-ursprungsomrade-eu\/\" \/>\n<meta property=\"og:locale\" content=\"sv_SE\" \/>\n<meta property=\"og:type\" content=\"article\" \/>\n<meta property=\"og:title\" content=\"Kaninskin i sorterade f\u00e4rger 6290 000 077 ), ursprungsomr\u00e5de EU - Jokke\" \/>\n<meta property=\"og:description\" content=\"Kaninskin med p\u00e4ls,sorterade f\u00e4rger, Ursprung EU, biprodukt av matproduktionen\" \/>\n<meta property=\"og:url\" content=\"https:\/\/jokke.com\/se\/produkt\/kaninskin-i-sorterade-farger-6290-000-077-ursprungsomrade-eu\/\" \/>\n<meta property=\"og:site_name\" content=\"Jokke\" \/>\n<meta property=\"article:modified_time\" content=\"2026-01-22T06:47:45+00:00\" \/>\n<meta property=\"og:image\" content=\"https:\/\/jokke.com\/se\/wp-content\/uploads\/2025\/06\/KANINNAHKA6290000077.jpg\" \/>\n\t<meta property=\"og:image:width\" content=\"1772\" \/>\n\t<meta property=\"og:image:height\" content=\"1772\" \/>\n\t<meta property=\"og:image:type\" content=\"image\/jpeg\" \/>\n<meta name=\"twitter:card\" content=\"summary_large_image\" \/>\n<script type=\"application\/ld+json\" class=\"yoast-schema-graph\">{\"@context\":\"https:\/\/schema.org\",\"@graph\":[{\"@type\":\"WebPage\",\"@id\":\"https:\/\/jokke.com\/se\/produkt\/kaninskin-i-sorterade-farger-6290-000-077-ursprungsomrade-eu\/\",\"url\":\"https:\/\/jokke.com\/se\/produkt\/kaninskin-i-sorterade-farger-6290-000-077-ursprungsomrade-eu\/\",\"name\":\"Kaninskin i sorterade f\u00e4rger 6290 000 077 ), ursprungsomr\u00e5de EU - Jokke\",\"isPartOf\":{\"@id\":\"https:\/\/jokke.com\/se\/#website\"},\"primaryImageOfPage\":{\"@id\":\"https:\/\/jokke.com\/se\/produkt\/kaninskin-i-sorterade-farger-6290-000-077-ursprungsomrade-eu\/#primaryimage\"},\"image\":{\"@id\":\"https:\/\/jokke.com\/se\/produkt\/kaninskin-i-sorterade-farger-6290-000-077-ursprungsomrade-eu\/#primaryimage\"},\"thumbnailUrl\":\"https:\/\/jokke.com\/se\/wp-content\/uploads\/2025\/06\/KANINNAHKA6290000077.jpg\",\"datePublished\":\"2026-01-22T06:47:44+00:00\",\"dateModified\":\"2026-01-22T06:47:45+00:00\",\"breadcrumb\":{\"@id\":\"https:\/\/jokke.com\/se\/produkt\/kaninskin-i-sorterade-farger-6290-000-077-ursprungsomrade-eu\/#breadcrumb\"},\"inLanguage\":\"sv-SE\",\"potentialAction\":[{\"@type\":\"ReadAction\",\"target\":[\"https:\/\/jokke.com\/se\/produkt\/kaninskin-i-sorterade-farger-6290-000-077-ursprungsomrade-eu\/\"]}]},{\"@type\":\"ImageObject\",\"inLanguage\":\"sv-SE\",\"@id\":\"https:\/\/jokke.com\/se\/produkt\/kaninskin-i-sorterade-farger-6290-000-077-ursprungsomrade-eu\/#primaryimage\",\"url\":\"https:\/\/jokke.com\/se\/wp-content\/uploads\/2025\/06\/KANINNAHKA6290000077.jpg\",\"contentUrl\":\"https:\/\/jokke.com\/se\/wp-content\/uploads\/2025\/06\/KANINNAHKA6290000077.jpg\",\"width\":1772,\"height\":1772},{\"@type\":\"BreadcrumbList\",\"@id\":\"https:\/\/jokke.com\/se\/produkt\/kaninskin-i-sorterade-farger-6290-000-077-ursprungsomrade-eu\/#breadcrumb\",\"itemListElement\":[{\"@type\":\"ListItem\",\"position\":1,\"name\":\"Home\",\"item\":\"https:\/\/jokke.com\/se\/\"},{\"@type\":\"ListItem\",\"position\":2,\"name\":\"Butik\",\"item\":\"https:\/\/jokke.com\/se\/butik\/\"},{\"@type\":\"ListItem\",\"position\":3,\"name\":\"Kaninskin i sorterade f\u00e4rger 6290 000 077 ), ursprungsomr\u00e5de EU\"}]},{\"@type\":\"WebSite\",\"@id\":\"https:\/\/jokke.com\/se\/#website\",\"url\":\"https:\/\/jokke.com\/se\/\",\"name\":\"Jokke\",\"description\":\"\",\"potentialAction\":[{\"@type\":\"SearchAction\",\"target\":{\"@type\":\"EntryPoint\",\"urlTemplate\":\"https:\/\/jokke.com\/se\/?s={search_term_string}\"},\"query-input\":{\"@type\":\"PropertyValueSpecification\",\"valueRequired\":true,\"valueName\":\"search_term_string\"}}],\"inLanguage\":\"sv-SE\"}]}<\/script>\n<!-- \/ Yoast SEO plugin. -->","yoast_head_json":{"title":"Kaninskin i sorterade f\u00e4rger 6290 000 077 ), ursprungsomr\u00e5de EU - Jokke","robots":{"index":"index","follow":"follow","max-snippet":"max-snippet:-1","max-image-preview":"max-image-preview:large","max-video-preview":"max-video-preview:-1"},"canonical":"https:\/\/jokke.com\/se\/produkt\/kaninskin-i-sorterade-farger-6290-000-077-ursprungsomrade-eu\/","og_locale":"sv_SE","og_type":"article","og_title":"Kaninskin i sorterade f\u00e4rger 6290 000 077 ), ursprungsomr\u00e5de EU - Jokke","og_description":"Kaninskin med p\u00e4ls,sorterade f\u00e4rger, Ursprung EU, biprodukt av matproduktionen","og_url":"https:\/\/jokke.com\/se\/produkt\/kaninskin-i-sorterade-farger-6290-000-077-ursprungsomrade-eu\/","og_site_name":"Jokke","article_modified_time":"2026-01-22T06:47:45+00:00","og_image":[{"width":1772,"height":1772,"url":"https:\/\/jokke.com\/se\/wp-content\/uploads\/2025\/06\/KANINNAHKA6290000077.jpg","type":"image\/jpeg"}],"twitter_card":"summary_large_image","schema":{"@context":"https:\/\/schema.org","@graph":[{"@type":"WebPage","@id":"https:\/\/jokke.com\/se\/produkt\/kaninskin-i-sorterade-farger-6290-000-077-ursprungsomrade-eu\/","url":"https:\/\/jokke.com\/se\/produkt\/kaninskin-i-sorterade-farger-6290-000-077-ursprungsomrade-eu\/","name":"Kaninskin i sorterade f\u00e4rger 6290 000 077 ), ursprungsomr\u00e5de EU - Jokke","isPartOf":{"@id":"https:\/\/jokke.com\/se\/#website"},"primaryImageOfPage":{"@id":"https:\/\/jokke.com\/se\/produkt\/kaninskin-i-sorterade-farger-6290-000-077-ursprungsomrade-eu\/#primaryimage"},"image":{"@id":"https:\/\/jokke.com\/se\/produkt\/kaninskin-i-sorterade-farger-6290-000-077-ursprungsomrade-eu\/#primaryimage"},"thumbnailUrl":"https:\/\/jokke.com\/se\/wp-content\/uploads\/2025\/06\/KANINNAHKA6290000077.jpg","datePublished":"2026-01-22T06:47:44+00:00","dateModified":"2026-01-22T06:47:45+00:00","breadcrumb":{"@id":"https:\/\/jokke.com\/se\/produkt\/kaninskin-i-sorterade-farger-6290-000-077-ursprungsomrade-eu\/#breadcrumb"},"inLanguage":"sv-SE","potentialAction":[{"@type":"ReadAction","target":["https:\/\/jokke.com\/se\/produkt\/kaninskin-i-sorterade-farger-6290-000-077-ursprungsomrade-eu\/"]}]},{"@type":"ImageObject","inLanguage":"sv-SE","@id":"https:\/\/jokke.com\/se\/produkt\/kaninskin-i-sorterade-farger-6290-000-077-ursprungsomrade-eu\/#primaryimage","url":"https:\/\/jokke.com\/se\/wp-content\/uploads\/2025\/06\/KANINNAHKA6290000077.jpg","contentUrl":"https:\/\/jokke.com\/se\/wp-content\/uploads\/2025\/06\/KANINNAHKA6290000077.jpg","width":1772,"height":1772},{"@type":"BreadcrumbList","@id":"https:\/\/jokke.com\/se\/produkt\/kaninskin-i-sorterade-farger-6290-000-077-ursprungsomrade-eu\/#breadcrumb","itemListElement":[{"@type":"ListItem","position":1,"name":"Home","item":"https:\/\/jokke.com\/se\/"},{"@type":"ListItem","position":2,"name":"Butik","item":"https:\/\/jokke.com\/se\/butik\/"},{"@type":"ListItem","position":3,"name":"Kaninskin i sorterade f\u00e4rger 6290 000 077 ), ursprungsomr\u00e5de EU"}]},{"@type":"WebSite","@id":"https:\/\/jokke.com\/se\/#website","url":"https:\/\/jokke.com\/se\/","name":"Jokke","description":"","potentialAction":[{"@type":"SearchAction","target":{"@type":"EntryPoint","urlTemplate":"https:\/\/jokke.com\/se\/?s={search_term_string}"},"query-input":{"@type":"PropertyValueSpecification","valueRequired":true,"valueName":"search_term_string"}}],"inLanguage":"sv-SE"}]}},"_links":{"self":[{"href":"https:\/\/jokke.com\/se\/wp-json\/wp\/v2\/product\/55634","targetHints":{"allow":["GET"]}}],"collection":[{"href":"https:\/\/jokke.com\/se\/wp-json\/wp\/v2\/product"}],"about":[{"href":"https:\/\/jokke.com\/se\/wp-json\/wp\/v2\/types\/product"}],"replies":[{"embeddable":true,"href":"https:\/\/jokke.com\/se\/wp-json\/wp\/v2\/comments?post=55634"}],"wp:featuredmedia":[{"embeddable":true,"href":"https:\/\/jokke.com\/se\/wp-json\/wp\/v2\/media\/55644"}],"wp:attachment":[{"href":"https:\/\/jokke.com\/se\/wp-json\/wp\/v2\/media?parent=55634"}],"wp:term":[{"taxonomy":"product_brand","embeddable":true,"href":"https:\/\/jokke.com\/se\/wp-json\/wp\/v2\/product_brand?post=55634"},{"taxonomy":"product_cat","embeddable":true,"href":"https:\/\/jokke.com\/se\/wp-json\/wp\/v2\/product_cat?post=55634"},{"taxonomy":"product_tag","embeddable":true,"href":"https:\/\/jokke.com\/se\/wp-json\/wp\/v2\/product_tag?post=55634"}],"curies":[{"name":"wp","href":"https:\/\/api.w.org\/{rel}","templated":true}]}}