{"id":55312,"date":"2026-01-22T06:47:20","date_gmt":"2026-01-22T06:47:20","guid":{"rendered":"https:\/\/jokke.com\/se\/produkt\/rabbitdummy-med-kaninpals-i-olika-vikter-2\/"},"modified":"2026-01-22T06:47:22","modified_gmt":"2026-01-22T06:47:22","slug":"rabbitdummy-med-kaninpals-i-olika-vikter-tillverkad-i-finland","status":"publish","type":"product","link":"https:\/\/jokke.com\/se\/produkt\/rabbitdummy-med-kaninpals-i-olika-vikter-tillverkad-i-finland\/","title":{"rendered":"RabbitDummy med kaninp\u00e4ls i olika vikter, tillverkad i Finland."},"content":{"rendered":"","protected":false},"excerpt":{"rendered":"<p>En perfekt produkt f\u00f6r att l\u00e4ra hunden b\u00e4ra h\u00e5rvilt. Stadigt tack vare det starka tyget inuti. V\u00e4nligen notera att produkten ej \u00e4r l\u00e4mplig att anv\u00e4ndas som en leksak.<\/p>\n","protected":false},"featured_media":55314,"comment_status":"closed","ping_status":"open","template":"","meta":{"_acf_changed":false},"product_brand":[],"product_cat":[21],"product_tag":[],"class_list":{"0":"post-55312","1":"product","2":"type-product","3":"status-publish","4":"has-post-thumbnail","6":"product_cat-motivering","7":"pa_storlek-circa-1000-gr","8":"pa_storlek-circa-160-gr","9":"pa_storlek-circa-250-gr","10":"pa_storlek-circa-500-gr","12":"first","13":"instock","14":"taxable","15":"shipping-taxable","16":"purchasable","17":"product-type-variable"},"acf":[],"yoast_head":"<!-- This site is optimized with the Yoast SEO plugin v26.7 - https:\/\/yoast.com\/wordpress\/plugins\/seo\/ -->\n<title>RabbitDummy med kaninp\u00e4ls i olika vikter, tillverkad i Finland. - Jokke<\/title>\n<meta name=\"robots\" content=\"index, follow, max-snippet:-1, max-image-preview:large, max-video-preview:-1\" \/>\n<link rel=\"canonical\" href=\"https:\/\/jokke.com\/se\/produkt\/rabbitdummy-med-kaninpals-i-olika-vikter-tillverkad-i-finland\/\" \/>\n<meta property=\"og:locale\" content=\"sv_SE\" \/>\n<meta property=\"og:type\" content=\"article\" \/>\n<meta property=\"og:title\" content=\"RabbitDummy med kaninp\u00e4ls i olika vikter, tillverkad i Finland. - Jokke\" \/>\n<meta property=\"og:description\" content=\"En perfekt produkt f\u00f6r att l\u00e4ra hunden b\u00e4ra h\u00e5rvilt. Stadigt tack vare det starka tyget inuti. V\u00e4nligen notera att produkten ej \u00e4r l\u00e4mplig att anv\u00e4ndas som en leksak.\" \/>\n<meta property=\"og:url\" content=\"https:\/\/jokke.com\/se\/produkt\/rabbitdummy-med-kaninpals-i-olika-vikter-tillverkad-i-finland\/\" \/>\n<meta property=\"og:site_name\" content=\"Jokke\" \/>\n<meta property=\"article:modified_time\" content=\"2026-01-22T06:47:22+00:00\" \/>\n<meta property=\"og:image\" content=\"https:\/\/jokke.com\/se\/wp-content\/uploads\/2025\/02\/DUMMYRABBIT.jpg\" \/>\n\t<meta property=\"og:image:width\" content=\"1049\" \/>\n\t<meta property=\"og:image:height\" content=\"897\" \/>\n\t<meta property=\"og:image:type\" content=\"image\/jpeg\" \/>\n<meta name=\"twitter:card\" content=\"summary_large_image\" \/>\n<script type=\"application\/ld+json\" class=\"yoast-schema-graph\">{\"@context\":\"https:\/\/schema.org\",\"@graph\":[{\"@type\":\"WebPage\",\"@id\":\"https:\/\/jokke.com\/se\/produkt\/rabbitdummy-med-kaninpals-i-olika-vikter-tillverkad-i-finland\/\",\"url\":\"https:\/\/jokke.com\/se\/produkt\/rabbitdummy-med-kaninpals-i-olika-vikter-tillverkad-i-finland\/\",\"name\":\"RabbitDummy med kaninp\u00e4ls i olika vikter, tillverkad i Finland. - Jokke\",\"isPartOf\":{\"@id\":\"https:\/\/jokke.com\/se\/#website\"},\"primaryImageOfPage\":{\"@id\":\"https:\/\/jokke.com\/se\/produkt\/rabbitdummy-med-kaninpals-i-olika-vikter-tillverkad-i-finland\/#primaryimage\"},\"image\":{\"@id\":\"https:\/\/jokke.com\/se\/produkt\/rabbitdummy-med-kaninpals-i-olika-vikter-tillverkad-i-finland\/#primaryimage\"},\"thumbnailUrl\":\"https:\/\/jokke.com\/se\/wp-content\/uploads\/2025\/02\/DUMMYRABBIT.jpg\",\"datePublished\":\"2026-01-22T06:47:20+00:00\",\"dateModified\":\"2026-01-22T06:47:22+00:00\",\"breadcrumb\":{\"@id\":\"https:\/\/jokke.com\/se\/produkt\/rabbitdummy-med-kaninpals-i-olika-vikter-tillverkad-i-finland\/#breadcrumb\"},\"inLanguage\":\"sv-SE\",\"potentialAction\":[{\"@type\":\"ReadAction\",\"target\":[\"https:\/\/jokke.com\/se\/produkt\/rabbitdummy-med-kaninpals-i-olika-vikter-tillverkad-i-finland\/\"]}]},{\"@type\":\"ImageObject\",\"inLanguage\":\"sv-SE\",\"@id\":\"https:\/\/jokke.com\/se\/produkt\/rabbitdummy-med-kaninpals-i-olika-vikter-tillverkad-i-finland\/#primaryimage\",\"url\":\"https:\/\/jokke.com\/se\/wp-content\/uploads\/2025\/02\/DUMMYRABBIT.jpg\",\"contentUrl\":\"https:\/\/jokke.com\/se\/wp-content\/uploads\/2025\/02\/DUMMYRABBIT.jpg\",\"width\":1049,\"height\":897},{\"@type\":\"BreadcrumbList\",\"@id\":\"https:\/\/jokke.com\/se\/produkt\/rabbitdummy-med-kaninpals-i-olika-vikter-tillverkad-i-finland\/#breadcrumb\",\"itemListElement\":[{\"@type\":\"ListItem\",\"position\":1,\"name\":\"Home\",\"item\":\"https:\/\/jokke.com\/se\/\"},{\"@type\":\"ListItem\",\"position\":2,\"name\":\"Butik\",\"item\":\"https:\/\/jokke.com\/se\/butik\/\"},{\"@type\":\"ListItem\",\"position\":3,\"name\":\"RabbitDummy med kaninp\u00e4ls i olika vikter, tillverkad i Finland.\"}]},{\"@type\":\"WebSite\",\"@id\":\"https:\/\/jokke.com\/se\/#website\",\"url\":\"https:\/\/jokke.com\/se\/\",\"name\":\"Jokke\",\"description\":\"\",\"potentialAction\":[{\"@type\":\"SearchAction\",\"target\":{\"@type\":\"EntryPoint\",\"urlTemplate\":\"https:\/\/jokke.com\/se\/?s={search_term_string}\"},\"query-input\":{\"@type\":\"PropertyValueSpecification\",\"valueRequired\":true,\"valueName\":\"search_term_string\"}}],\"inLanguage\":\"sv-SE\"}]}<\/script>\n<!-- \/ Yoast SEO plugin. -->","yoast_head_json":{"title":"RabbitDummy med kaninp\u00e4ls i olika vikter, tillverkad i Finland. - Jokke","robots":{"index":"index","follow":"follow","max-snippet":"max-snippet:-1","max-image-preview":"max-image-preview:large","max-video-preview":"max-video-preview:-1"},"canonical":"https:\/\/jokke.com\/se\/produkt\/rabbitdummy-med-kaninpals-i-olika-vikter-tillverkad-i-finland\/","og_locale":"sv_SE","og_type":"article","og_title":"RabbitDummy med kaninp\u00e4ls i olika vikter, tillverkad i Finland. - Jokke","og_description":"En perfekt produkt f\u00f6r att l\u00e4ra hunden b\u00e4ra h\u00e5rvilt. Stadigt tack vare det starka tyget inuti. V\u00e4nligen notera att produkten ej \u00e4r l\u00e4mplig att anv\u00e4ndas som en leksak.","og_url":"https:\/\/jokke.com\/se\/produkt\/rabbitdummy-med-kaninpals-i-olika-vikter-tillverkad-i-finland\/","og_site_name":"Jokke","article_modified_time":"2026-01-22T06:47:22+00:00","og_image":[{"width":1049,"height":897,"url":"https:\/\/jokke.com\/se\/wp-content\/uploads\/2025\/02\/DUMMYRABBIT.jpg","type":"image\/jpeg"}],"twitter_card":"summary_large_image","schema":{"@context":"https:\/\/schema.org","@graph":[{"@type":"WebPage","@id":"https:\/\/jokke.com\/se\/produkt\/rabbitdummy-med-kaninpals-i-olika-vikter-tillverkad-i-finland\/","url":"https:\/\/jokke.com\/se\/produkt\/rabbitdummy-med-kaninpals-i-olika-vikter-tillverkad-i-finland\/","name":"RabbitDummy med kaninp\u00e4ls i olika vikter, tillverkad i Finland. - Jokke","isPartOf":{"@id":"https:\/\/jokke.com\/se\/#website"},"primaryImageOfPage":{"@id":"https:\/\/jokke.com\/se\/produkt\/rabbitdummy-med-kaninpals-i-olika-vikter-tillverkad-i-finland\/#primaryimage"},"image":{"@id":"https:\/\/jokke.com\/se\/produkt\/rabbitdummy-med-kaninpals-i-olika-vikter-tillverkad-i-finland\/#primaryimage"},"thumbnailUrl":"https:\/\/jokke.com\/se\/wp-content\/uploads\/2025\/02\/DUMMYRABBIT.jpg","datePublished":"2026-01-22T06:47:20+00:00","dateModified":"2026-01-22T06:47:22+00:00","breadcrumb":{"@id":"https:\/\/jokke.com\/se\/produkt\/rabbitdummy-med-kaninpals-i-olika-vikter-tillverkad-i-finland\/#breadcrumb"},"inLanguage":"sv-SE","potentialAction":[{"@type":"ReadAction","target":["https:\/\/jokke.com\/se\/produkt\/rabbitdummy-med-kaninpals-i-olika-vikter-tillverkad-i-finland\/"]}]},{"@type":"ImageObject","inLanguage":"sv-SE","@id":"https:\/\/jokke.com\/se\/produkt\/rabbitdummy-med-kaninpals-i-olika-vikter-tillverkad-i-finland\/#primaryimage","url":"https:\/\/jokke.com\/se\/wp-content\/uploads\/2025\/02\/DUMMYRABBIT.jpg","contentUrl":"https:\/\/jokke.com\/se\/wp-content\/uploads\/2025\/02\/DUMMYRABBIT.jpg","width":1049,"height":897},{"@type":"BreadcrumbList","@id":"https:\/\/jokke.com\/se\/produkt\/rabbitdummy-med-kaninpals-i-olika-vikter-tillverkad-i-finland\/#breadcrumb","itemListElement":[{"@type":"ListItem","position":1,"name":"Home","item":"https:\/\/jokke.com\/se\/"},{"@type":"ListItem","position":2,"name":"Butik","item":"https:\/\/jokke.com\/se\/butik\/"},{"@type":"ListItem","position":3,"name":"RabbitDummy med kaninp\u00e4ls i olika vikter, tillverkad i Finland."}]},{"@type":"WebSite","@id":"https:\/\/jokke.com\/se\/#website","url":"https:\/\/jokke.com\/se\/","name":"Jokke","description":"","potentialAction":[{"@type":"SearchAction","target":{"@type":"EntryPoint","urlTemplate":"https:\/\/jokke.com\/se\/?s={search_term_string}"},"query-input":{"@type":"PropertyValueSpecification","valueRequired":true,"valueName":"search_term_string"}}],"inLanguage":"sv-SE"}]}},"_links":{"self":[{"href":"https:\/\/jokke.com\/se\/wp-json\/wp\/v2\/product\/55312","targetHints":{"allow":["GET"]}}],"collection":[{"href":"https:\/\/jokke.com\/se\/wp-json\/wp\/v2\/product"}],"about":[{"href":"https:\/\/jokke.com\/se\/wp-json\/wp\/v2\/types\/product"}],"replies":[{"embeddable":true,"href":"https:\/\/jokke.com\/se\/wp-json\/wp\/v2\/comments?post=55312"}],"wp:featuredmedia":[{"embeddable":true,"href":"https:\/\/jokke.com\/se\/wp-json\/wp\/v2\/media\/55314"}],"wp:attachment":[{"href":"https:\/\/jokke.com\/se\/wp-json\/wp\/v2\/media?parent=55312"}],"wp:term":[{"taxonomy":"product_brand","embeddable":true,"href":"https:\/\/jokke.com\/se\/wp-json\/wp\/v2\/product_brand?post=55312"},{"taxonomy":"product_cat","embeddable":true,"href":"https:\/\/jokke.com\/se\/wp-json\/wp\/v2\/product_cat?post=55312"},{"taxonomy":"product_tag","embeddable":true,"href":"https:\/\/jokke.com\/se\/wp-json\/wp\/v2\/product_tag?post=55312"}],"curies":[{"name":"wp","href":"https:\/\/api.w.org\/{rel}","templated":true}]}}