{"id":55272,"date":"2026-01-22T06:46:28","date_gmt":"2026-01-22T06:46:28","guid":{"rendered":"https:\/\/jokke.com\/se\/produkt\/expa-koppelexpander-2\/"},"modified":"2026-01-22T06:46:30","modified_gmt":"2026-01-22T06:46:30","slug":"expa-koppelexpander-tillverkad-i-finland","status":"publish","type":"product","link":"https:\/\/jokke.com\/se\/produkt\/expa-koppelexpander-tillverkad-i-finland\/","title":{"rendered":"Expa-koppelexpander, tillverkad i Finland."},"content":{"rendered":"","protected":false},"excerpt":{"rendered":"<p>Expa-koppelexpander, bred 20 mm, l\u00e4ngder 34 och 59 cm.Tillverkad i Finland. Ursprung r\u00e5varor : nylonband Asien, metallvaror Asien, tr\u00e5d EU.<\/p>\n","protected":false},"featured_media":55275,"comment_status":"closed","ping_status":"open","template":"","meta":{"_acf_changed":false},"product_brand":[],"product_cat":[18],"product_tag":[],"class_list":{"0":"post-55272","1":"product","2":"type-product","3":"status-publish","4":"has-post-thumbnail","6":"product_cat-koppel","7":"pa_hals-751","8":"pa_hals-581","10":"first","11":"instock","12":"taxable","13":"shipping-taxable","14":"purchasable","15":"product-type-variable"},"acf":[],"yoast_head":"<!-- This site is optimized with the Yoast SEO plugin v26.7 - https:\/\/yoast.com\/wordpress\/plugins\/seo\/ -->\n<title>Expa-koppelexpander, tillverkad i Finland. - Jokke<\/title>\n<meta name=\"robots\" content=\"index, follow, max-snippet:-1, max-image-preview:large, max-video-preview:-1\" \/>\n<link rel=\"canonical\" href=\"https:\/\/jokke.com\/se\/produkt\/expa-koppelexpander-tillverkad-i-finland\/\" \/>\n<meta property=\"og:locale\" content=\"sv_SE\" \/>\n<meta property=\"og:type\" content=\"article\" \/>\n<meta property=\"og:title\" content=\"Expa-koppelexpander, tillverkad i Finland. - Jokke\" \/>\n<meta property=\"og:description\" content=\"Expa-koppelexpander, bred 20 mm, l\u00e4ngder 34 och 59 cm.Tillverkad i Finland. Ursprung r\u00e5varor : nylonband Asien, metallvaror Asien, tr\u00e5d EU.\" \/>\n<meta property=\"og:url\" content=\"https:\/\/jokke.com\/se\/produkt\/expa-koppelexpander-tillverkad-i-finland\/\" \/>\n<meta property=\"og:site_name\" content=\"Jokke\" \/>\n<meta property=\"article:modified_time\" content=\"2026-01-22T06:46:30+00:00\" \/>\n<meta property=\"og:image\" content=\"https:\/\/jokke.com\/se\/wp-content\/uploads\/2025\/02\/EXPAUUSI.jpg\" \/>\n\t<meta property=\"og:image:width\" content=\"595\" \/>\n\t<meta property=\"og:image:height\" content=\"910\" \/>\n\t<meta property=\"og:image:type\" content=\"image\/jpeg\" \/>\n<meta name=\"twitter:card\" content=\"summary_large_image\" \/>\n<script type=\"application\/ld+json\" class=\"yoast-schema-graph\">{\"@context\":\"https:\/\/schema.org\",\"@graph\":[{\"@type\":\"WebPage\",\"@id\":\"https:\/\/jokke.com\/se\/produkt\/expa-koppelexpander-tillverkad-i-finland\/\",\"url\":\"https:\/\/jokke.com\/se\/produkt\/expa-koppelexpander-tillverkad-i-finland\/\",\"name\":\"Expa-koppelexpander, tillverkad i Finland. - Jokke\",\"isPartOf\":{\"@id\":\"https:\/\/jokke.com\/se\/#website\"},\"primaryImageOfPage\":{\"@id\":\"https:\/\/jokke.com\/se\/produkt\/expa-koppelexpander-tillverkad-i-finland\/#primaryimage\"},\"image\":{\"@id\":\"https:\/\/jokke.com\/se\/produkt\/expa-koppelexpander-tillverkad-i-finland\/#primaryimage\"},\"thumbnailUrl\":\"https:\/\/jokke.com\/se\/wp-content\/uploads\/2025\/02\/EXPAUUSI.jpg\",\"datePublished\":\"2026-01-22T06:46:28+00:00\",\"dateModified\":\"2026-01-22T06:46:30+00:00\",\"breadcrumb\":{\"@id\":\"https:\/\/jokke.com\/se\/produkt\/expa-koppelexpander-tillverkad-i-finland\/#breadcrumb\"},\"inLanguage\":\"sv-SE\",\"potentialAction\":[{\"@type\":\"ReadAction\",\"target\":[\"https:\/\/jokke.com\/se\/produkt\/expa-koppelexpander-tillverkad-i-finland\/\"]}]},{\"@type\":\"ImageObject\",\"inLanguage\":\"sv-SE\",\"@id\":\"https:\/\/jokke.com\/se\/produkt\/expa-koppelexpander-tillverkad-i-finland\/#primaryimage\",\"url\":\"https:\/\/jokke.com\/se\/wp-content\/uploads\/2025\/02\/EXPAUUSI.jpg\",\"contentUrl\":\"https:\/\/jokke.com\/se\/wp-content\/uploads\/2025\/02\/EXPAUUSI.jpg\",\"width\":595,\"height\":910},{\"@type\":\"BreadcrumbList\",\"@id\":\"https:\/\/jokke.com\/se\/produkt\/expa-koppelexpander-tillverkad-i-finland\/#breadcrumb\",\"itemListElement\":[{\"@type\":\"ListItem\",\"position\":1,\"name\":\"Home\",\"item\":\"https:\/\/jokke.com\/se\/\"},{\"@type\":\"ListItem\",\"position\":2,\"name\":\"Butik\",\"item\":\"https:\/\/jokke.com\/se\/butik\/\"},{\"@type\":\"ListItem\",\"position\":3,\"name\":\"Expa-koppelexpander, tillverkad i Finland.\"}]},{\"@type\":\"WebSite\",\"@id\":\"https:\/\/jokke.com\/se\/#website\",\"url\":\"https:\/\/jokke.com\/se\/\",\"name\":\"Jokke\",\"description\":\"\",\"potentialAction\":[{\"@type\":\"SearchAction\",\"target\":{\"@type\":\"EntryPoint\",\"urlTemplate\":\"https:\/\/jokke.com\/se\/?s={search_term_string}\"},\"query-input\":{\"@type\":\"PropertyValueSpecification\",\"valueRequired\":true,\"valueName\":\"search_term_string\"}}],\"inLanguage\":\"sv-SE\"}]}<\/script>\n<!-- \/ Yoast SEO plugin. -->","yoast_head_json":{"title":"Expa-koppelexpander, tillverkad i Finland. - Jokke","robots":{"index":"index","follow":"follow","max-snippet":"max-snippet:-1","max-image-preview":"max-image-preview:large","max-video-preview":"max-video-preview:-1"},"canonical":"https:\/\/jokke.com\/se\/produkt\/expa-koppelexpander-tillverkad-i-finland\/","og_locale":"sv_SE","og_type":"article","og_title":"Expa-koppelexpander, tillverkad i Finland. - Jokke","og_description":"Expa-koppelexpander, bred 20 mm, l\u00e4ngder 34 och 59 cm.Tillverkad i Finland. Ursprung r\u00e5varor : nylonband Asien, metallvaror Asien, tr\u00e5d EU.","og_url":"https:\/\/jokke.com\/se\/produkt\/expa-koppelexpander-tillverkad-i-finland\/","og_site_name":"Jokke","article_modified_time":"2026-01-22T06:46:30+00:00","og_image":[{"width":595,"height":910,"url":"https:\/\/jokke.com\/se\/wp-content\/uploads\/2025\/02\/EXPAUUSI.jpg","type":"image\/jpeg"}],"twitter_card":"summary_large_image","schema":{"@context":"https:\/\/schema.org","@graph":[{"@type":"WebPage","@id":"https:\/\/jokke.com\/se\/produkt\/expa-koppelexpander-tillverkad-i-finland\/","url":"https:\/\/jokke.com\/se\/produkt\/expa-koppelexpander-tillverkad-i-finland\/","name":"Expa-koppelexpander, tillverkad i Finland. - Jokke","isPartOf":{"@id":"https:\/\/jokke.com\/se\/#website"},"primaryImageOfPage":{"@id":"https:\/\/jokke.com\/se\/produkt\/expa-koppelexpander-tillverkad-i-finland\/#primaryimage"},"image":{"@id":"https:\/\/jokke.com\/se\/produkt\/expa-koppelexpander-tillverkad-i-finland\/#primaryimage"},"thumbnailUrl":"https:\/\/jokke.com\/se\/wp-content\/uploads\/2025\/02\/EXPAUUSI.jpg","datePublished":"2026-01-22T06:46:28+00:00","dateModified":"2026-01-22T06:46:30+00:00","breadcrumb":{"@id":"https:\/\/jokke.com\/se\/produkt\/expa-koppelexpander-tillverkad-i-finland\/#breadcrumb"},"inLanguage":"sv-SE","potentialAction":[{"@type":"ReadAction","target":["https:\/\/jokke.com\/se\/produkt\/expa-koppelexpander-tillverkad-i-finland\/"]}]},{"@type":"ImageObject","inLanguage":"sv-SE","@id":"https:\/\/jokke.com\/se\/produkt\/expa-koppelexpander-tillverkad-i-finland\/#primaryimage","url":"https:\/\/jokke.com\/se\/wp-content\/uploads\/2025\/02\/EXPAUUSI.jpg","contentUrl":"https:\/\/jokke.com\/se\/wp-content\/uploads\/2025\/02\/EXPAUUSI.jpg","width":595,"height":910},{"@type":"BreadcrumbList","@id":"https:\/\/jokke.com\/se\/produkt\/expa-koppelexpander-tillverkad-i-finland\/#breadcrumb","itemListElement":[{"@type":"ListItem","position":1,"name":"Home","item":"https:\/\/jokke.com\/se\/"},{"@type":"ListItem","position":2,"name":"Butik","item":"https:\/\/jokke.com\/se\/butik\/"},{"@type":"ListItem","position":3,"name":"Expa-koppelexpander, tillverkad i Finland."}]},{"@type":"WebSite","@id":"https:\/\/jokke.com\/se\/#website","url":"https:\/\/jokke.com\/se\/","name":"Jokke","description":"","potentialAction":[{"@type":"SearchAction","target":{"@type":"EntryPoint","urlTemplate":"https:\/\/jokke.com\/se\/?s={search_term_string}"},"query-input":{"@type":"PropertyValueSpecification","valueRequired":true,"valueName":"search_term_string"}}],"inLanguage":"sv-SE"}]}},"_links":{"self":[{"href":"https:\/\/jokke.com\/se\/wp-json\/wp\/v2\/product\/55272","targetHints":{"allow":["GET"]}}],"collection":[{"href":"https:\/\/jokke.com\/se\/wp-json\/wp\/v2\/product"}],"about":[{"href":"https:\/\/jokke.com\/se\/wp-json\/wp\/v2\/types\/product"}],"replies":[{"embeddable":true,"href":"https:\/\/jokke.com\/se\/wp-json\/wp\/v2\/comments?post=55272"}],"wp:featuredmedia":[{"embeddable":true,"href":"https:\/\/jokke.com\/se\/wp-json\/wp\/v2\/media\/55275"}],"wp:attachment":[{"href":"https:\/\/jokke.com\/se\/wp-json\/wp\/v2\/media?parent=55272"}],"wp:term":[{"taxonomy":"product_brand","embeddable":true,"href":"https:\/\/jokke.com\/se\/wp-json\/wp\/v2\/product_brand?post=55272"},{"taxonomy":"product_cat","embeddable":true,"href":"https:\/\/jokke.com\/se\/wp-json\/wp\/v2\/product_cat?post=55272"},{"taxonomy":"product_tag","embeddable":true,"href":"https:\/\/jokke.com\/se\/wp-json\/wp\/v2\/product_tag?post=55272"}],"curies":[{"name":"wp","href":"https:\/\/api.w.org\/{rel}","templated":true}]}}