{"id":55125,"date":"2026-01-22T06:41:37","date_gmt":"2026-01-22T06:41:37","guid":{"rendered":"https:\/\/jokke.com\/se\/produkt\/highlander-halsband-laderfodrad-30-mm-bredd-med-rutig-tyg-ovanpa\/"},"modified":"2026-01-22T06:41:44","modified_gmt":"2026-01-22T06:41:44","slug":"highlander-halsband-laderfodrad-25-mm-bredd-med-rutig-tyg-ovanpa-tillverkad-i-finland","status":"publish","type":"product","link":"https:\/\/jokke.com\/se\/produkt\/highlander-halsband-laderfodrad-25-mm-bredd-med-rutig-tyg-ovanpa-tillverkad-i-finland\/","title":{"rendered":"Highlander halsband l\u00e4derfodrad, 25 mm bredd, med rutig tyg ovanp\u00e5,  tillverkad i Finland."},"content":{"rendered":"","protected":false},"excerpt":{"rendered":"<p>Mjukaste och finaste italienskt skinn mot p\u00e4lsen, D-ring i \u00e4kta m\u00e4ssing.<\/p>\n","protected":false},"featured_media":55134,"comment_status":"closed","ping_status":"open","template":"","meta":{"_acf_changed":false},"product_brand":[],"product_cat":[17],"product_tag":[],"class_list":{"0":"post-55125","1":"product","2":"type-product","3":"status-publish","4":"has-post-thumbnail","6":"product_cat-halsband","7":"pa_farg-brun","8":"pa_farg-rod","9":"pa_langd-25-34","10":"pa_langd-30-39","11":"pa_langd-35-44","12":"pa_langd-40-49","13":"pa_langd-45-54","14":"pa_langd-50-59","16":"first","17":"instock","18":"taxable","19":"shipping-taxable","20":"purchasable","21":"product-type-variable"},"acf":[],"yoast_head":"<!-- This site is optimized with the Yoast SEO plugin v26.7 - https:\/\/yoast.com\/wordpress\/plugins\/seo\/ -->\n<title>Highlander halsband l\u00e4derfodrad, 25 mm bredd, med rutig tyg ovanp\u00e5, tillverkad i Finland. - Jokke<\/title>\n<meta name=\"robots\" content=\"index, follow, max-snippet:-1, max-image-preview:large, max-video-preview:-1\" \/>\n<link rel=\"canonical\" href=\"https:\/\/jokke.com\/se\/produkt\/highlander-halsband-laderfodrad-25-mm-bredd-med-rutig-tyg-ovanpa-tillverkad-i-finland\/\" \/>\n<meta property=\"og:locale\" content=\"sv_SE\" \/>\n<meta property=\"og:type\" content=\"article\" \/>\n<meta property=\"og:title\" content=\"Highlander halsband l\u00e4derfodrad, 25 mm bredd, med rutig tyg ovanp\u00e5, tillverkad i Finland. - Jokke\" \/>\n<meta property=\"og:description\" content=\"Mjukaste och finaste italienskt skinn mot p\u00e4lsen, D-ring i \u00e4kta m\u00e4ssing.\" \/>\n<meta property=\"og:url\" content=\"https:\/\/jokke.com\/se\/produkt\/highlander-halsband-laderfodrad-25-mm-bredd-med-rutig-tyg-ovanpa-tillverkad-i-finland\/\" \/>\n<meta property=\"og:site_name\" content=\"Jokke\" \/>\n<meta property=\"article:modified_time\" content=\"2026-01-22T06:41:44+00:00\" \/>\n<meta property=\"og:image\" content=\"https:\/\/jokke.com\/se\/wp-content\/uploads\/2024\/11\/HIGHLANDERKK.jpg\" \/>\n\t<meta property=\"og:image:width\" content=\"522\" \/>\n\t<meta property=\"og:image:height\" content=\"1046\" \/>\n\t<meta property=\"og:image:type\" content=\"image\/jpeg\" \/>\n<meta name=\"twitter:card\" content=\"summary_large_image\" \/>\n<script type=\"application\/ld+json\" class=\"yoast-schema-graph\">{\"@context\":\"https:\/\/schema.org\",\"@graph\":[{\"@type\":\"WebPage\",\"@id\":\"https:\/\/jokke.com\/se\/produkt\/highlander-halsband-laderfodrad-25-mm-bredd-med-rutig-tyg-ovanpa-tillverkad-i-finland\/\",\"url\":\"https:\/\/jokke.com\/se\/produkt\/highlander-halsband-laderfodrad-25-mm-bredd-med-rutig-tyg-ovanpa-tillverkad-i-finland\/\",\"name\":\"Highlander halsband l\u00e4derfodrad, 25 mm bredd, med rutig tyg ovanp\u00e5, tillverkad i Finland. - Jokke\",\"isPartOf\":{\"@id\":\"https:\/\/jokke.com\/se\/#website\"},\"primaryImageOfPage\":{\"@id\":\"https:\/\/jokke.com\/se\/produkt\/highlander-halsband-laderfodrad-25-mm-bredd-med-rutig-tyg-ovanpa-tillverkad-i-finland\/#primaryimage\"},\"image\":{\"@id\":\"https:\/\/jokke.com\/se\/produkt\/highlander-halsband-laderfodrad-25-mm-bredd-med-rutig-tyg-ovanpa-tillverkad-i-finland\/#primaryimage\"},\"thumbnailUrl\":\"https:\/\/jokke.com\/se\/wp-content\/uploads\/2024\/11\/HIGHLANDERKK.jpg\",\"datePublished\":\"2026-01-22T06:41:37+00:00\",\"dateModified\":\"2026-01-22T06:41:44+00:00\",\"breadcrumb\":{\"@id\":\"https:\/\/jokke.com\/se\/produkt\/highlander-halsband-laderfodrad-25-mm-bredd-med-rutig-tyg-ovanpa-tillverkad-i-finland\/#breadcrumb\"},\"inLanguage\":\"sv-SE\",\"potentialAction\":[{\"@type\":\"ReadAction\",\"target\":[\"https:\/\/jokke.com\/se\/produkt\/highlander-halsband-laderfodrad-25-mm-bredd-med-rutig-tyg-ovanpa-tillverkad-i-finland\/\"]}]},{\"@type\":\"ImageObject\",\"inLanguage\":\"sv-SE\",\"@id\":\"https:\/\/jokke.com\/se\/produkt\/highlander-halsband-laderfodrad-25-mm-bredd-med-rutig-tyg-ovanpa-tillverkad-i-finland\/#primaryimage\",\"url\":\"https:\/\/jokke.com\/se\/wp-content\/uploads\/2024\/11\/HIGHLANDERKK.jpg\",\"contentUrl\":\"https:\/\/jokke.com\/se\/wp-content\/uploads\/2024\/11\/HIGHLANDERKK.jpg\",\"width\":522,\"height\":1046},{\"@type\":\"BreadcrumbList\",\"@id\":\"https:\/\/jokke.com\/se\/produkt\/highlander-halsband-laderfodrad-25-mm-bredd-med-rutig-tyg-ovanpa-tillverkad-i-finland\/#breadcrumb\",\"itemListElement\":[{\"@type\":\"ListItem\",\"position\":1,\"name\":\"Home\",\"item\":\"https:\/\/jokke.com\/se\/\"},{\"@type\":\"ListItem\",\"position\":2,\"name\":\"Butik\",\"item\":\"https:\/\/jokke.com\/se\/butik\/\"},{\"@type\":\"ListItem\",\"position\":3,\"name\":\"Highlander halsband l\u00e4derfodrad, 25 mm bredd, med rutig tyg ovanp\u00e5, tillverkad i Finland.\"}]},{\"@type\":\"WebSite\",\"@id\":\"https:\/\/jokke.com\/se\/#website\",\"url\":\"https:\/\/jokke.com\/se\/\",\"name\":\"Jokke\",\"description\":\"\",\"potentialAction\":[{\"@type\":\"SearchAction\",\"target\":{\"@type\":\"EntryPoint\",\"urlTemplate\":\"https:\/\/jokke.com\/se\/?s={search_term_string}\"},\"query-input\":{\"@type\":\"PropertyValueSpecification\",\"valueRequired\":true,\"valueName\":\"search_term_string\"}}],\"inLanguage\":\"sv-SE\"}]}<\/script>\n<!-- \/ Yoast SEO plugin. -->","yoast_head_json":{"title":"Highlander halsband l\u00e4derfodrad, 25 mm bredd, med rutig tyg ovanp\u00e5, tillverkad i Finland. - Jokke","robots":{"index":"index","follow":"follow","max-snippet":"max-snippet:-1","max-image-preview":"max-image-preview:large","max-video-preview":"max-video-preview:-1"},"canonical":"https:\/\/jokke.com\/se\/produkt\/highlander-halsband-laderfodrad-25-mm-bredd-med-rutig-tyg-ovanpa-tillverkad-i-finland\/","og_locale":"sv_SE","og_type":"article","og_title":"Highlander halsband l\u00e4derfodrad, 25 mm bredd, med rutig tyg ovanp\u00e5, tillverkad i Finland. - Jokke","og_description":"Mjukaste och finaste italienskt skinn mot p\u00e4lsen, D-ring i \u00e4kta m\u00e4ssing.","og_url":"https:\/\/jokke.com\/se\/produkt\/highlander-halsband-laderfodrad-25-mm-bredd-med-rutig-tyg-ovanpa-tillverkad-i-finland\/","og_site_name":"Jokke","article_modified_time":"2026-01-22T06:41:44+00:00","og_image":[{"width":522,"height":1046,"url":"https:\/\/jokke.com\/se\/wp-content\/uploads\/2024\/11\/HIGHLANDERKK.jpg","type":"image\/jpeg"}],"twitter_card":"summary_large_image","schema":{"@context":"https:\/\/schema.org","@graph":[{"@type":"WebPage","@id":"https:\/\/jokke.com\/se\/produkt\/highlander-halsband-laderfodrad-25-mm-bredd-med-rutig-tyg-ovanpa-tillverkad-i-finland\/","url":"https:\/\/jokke.com\/se\/produkt\/highlander-halsband-laderfodrad-25-mm-bredd-med-rutig-tyg-ovanpa-tillverkad-i-finland\/","name":"Highlander halsband l\u00e4derfodrad, 25 mm bredd, med rutig tyg ovanp\u00e5, tillverkad i Finland. - Jokke","isPartOf":{"@id":"https:\/\/jokke.com\/se\/#website"},"primaryImageOfPage":{"@id":"https:\/\/jokke.com\/se\/produkt\/highlander-halsband-laderfodrad-25-mm-bredd-med-rutig-tyg-ovanpa-tillverkad-i-finland\/#primaryimage"},"image":{"@id":"https:\/\/jokke.com\/se\/produkt\/highlander-halsband-laderfodrad-25-mm-bredd-med-rutig-tyg-ovanpa-tillverkad-i-finland\/#primaryimage"},"thumbnailUrl":"https:\/\/jokke.com\/se\/wp-content\/uploads\/2024\/11\/HIGHLANDERKK.jpg","datePublished":"2026-01-22T06:41:37+00:00","dateModified":"2026-01-22T06:41:44+00:00","breadcrumb":{"@id":"https:\/\/jokke.com\/se\/produkt\/highlander-halsband-laderfodrad-25-mm-bredd-med-rutig-tyg-ovanpa-tillverkad-i-finland\/#breadcrumb"},"inLanguage":"sv-SE","potentialAction":[{"@type":"ReadAction","target":["https:\/\/jokke.com\/se\/produkt\/highlander-halsband-laderfodrad-25-mm-bredd-med-rutig-tyg-ovanpa-tillverkad-i-finland\/"]}]},{"@type":"ImageObject","inLanguage":"sv-SE","@id":"https:\/\/jokke.com\/se\/produkt\/highlander-halsband-laderfodrad-25-mm-bredd-med-rutig-tyg-ovanpa-tillverkad-i-finland\/#primaryimage","url":"https:\/\/jokke.com\/se\/wp-content\/uploads\/2024\/11\/HIGHLANDERKK.jpg","contentUrl":"https:\/\/jokke.com\/se\/wp-content\/uploads\/2024\/11\/HIGHLANDERKK.jpg","width":522,"height":1046},{"@type":"BreadcrumbList","@id":"https:\/\/jokke.com\/se\/produkt\/highlander-halsband-laderfodrad-25-mm-bredd-med-rutig-tyg-ovanpa-tillverkad-i-finland\/#breadcrumb","itemListElement":[{"@type":"ListItem","position":1,"name":"Home","item":"https:\/\/jokke.com\/se\/"},{"@type":"ListItem","position":2,"name":"Butik","item":"https:\/\/jokke.com\/se\/butik\/"},{"@type":"ListItem","position":3,"name":"Highlander halsband l\u00e4derfodrad, 25 mm bredd, med rutig tyg ovanp\u00e5, tillverkad i Finland."}]},{"@type":"WebSite","@id":"https:\/\/jokke.com\/se\/#website","url":"https:\/\/jokke.com\/se\/","name":"Jokke","description":"","potentialAction":[{"@type":"SearchAction","target":{"@type":"EntryPoint","urlTemplate":"https:\/\/jokke.com\/se\/?s={search_term_string}"},"query-input":{"@type":"PropertyValueSpecification","valueRequired":true,"valueName":"search_term_string"}}],"inLanguage":"sv-SE"}]}},"_links":{"self":[{"href":"https:\/\/jokke.com\/se\/wp-json\/wp\/v2\/product\/55125","targetHints":{"allow":["GET"]}}],"collection":[{"href":"https:\/\/jokke.com\/se\/wp-json\/wp\/v2\/product"}],"about":[{"href":"https:\/\/jokke.com\/se\/wp-json\/wp\/v2\/types\/product"}],"replies":[{"embeddable":true,"href":"https:\/\/jokke.com\/se\/wp-json\/wp\/v2\/comments?post=55125"}],"wp:featuredmedia":[{"embeddable":true,"href":"https:\/\/jokke.com\/se\/wp-json\/wp\/v2\/media\/55134"}],"wp:attachment":[{"href":"https:\/\/jokke.com\/se\/wp-json\/wp\/v2\/media?parent=55125"}],"wp:term":[{"taxonomy":"product_brand","embeddable":true,"href":"https:\/\/jokke.com\/se\/wp-json\/wp\/v2\/product_brand?post=55125"},{"taxonomy":"product_cat","embeddable":true,"href":"https:\/\/jokke.com\/se\/wp-json\/wp\/v2\/product_cat?post=55125"},{"taxonomy":"product_tag","embeddable":true,"href":"https:\/\/jokke.com\/se\/wp-json\/wp\/v2\/product_tag?post=55125"}],"curies":[{"name":"wp","href":"https:\/\/api.w.org\/{rel}","templated":true}]}}