{"id":54764,"date":"2026-01-22T06:41:29","date_gmt":"2026-01-22T06:41:29","guid":{"rendered":"https:\/\/jokke.com\/se\/produkt\/the-elk-halvstryp-med-mjukaste-alglader-mot-palsen-med-fornicklad-eller-massings-kedja-bredd-20-mm-2\/"},"modified":"2026-01-22T06:41:32","modified_gmt":"2026-01-22T06:41:32","slug":"the-elk-halvstryp-med-mjukaste-alglader-mot-palsen-med-fornicklad-eller-massings-kedja-bredd-20-mm-tillverkad-i-finland","status":"publish","type":"product","link":"https:\/\/jokke.com\/se\/produkt\/the-elk-halvstryp-med-mjukaste-alglader-mot-palsen-med-fornicklad-eller-massings-kedja-bredd-20-mm-tillverkad-i-finland\/","title":{"rendered":"The Elk halvstryp med mjukaste \u00e4lgl\u00e4der mot p\u00e4lsen, med f\u00f6rnicklad eller m\u00e4ssings kedja, bredd 20 mm,  tillverkad i Finland."},"content":{"rendered":"","protected":false},"excerpt":{"rendered":"","protected":false},"featured_media":54781,"comment_status":"closed","ping_status":"open","template":"","meta":{"_acf_changed":false},"product_brand":[],"product_cat":[17],"product_tag":[],"class_list":{"0":"post-54764","1":"product","2":"type-product","3":"status-publish","4":"has-post-thumbnail","6":"product_cat-halsband","7":"pa_farg-fornicklad","8":"pa_langd-30-41","9":"pa_langd-35-46","10":"pa_langd-40-51","12":"first","13":"instock","14":"taxable","15":"shipping-taxable","16":"purchasable","17":"product-type-variable"},"acf":[],"yoast_head":"<!-- This site is optimized with the Yoast SEO plugin v26.7 - https:\/\/yoast.com\/wordpress\/plugins\/seo\/ -->\n<title>The Elk halvstryp med mjukaste \u00e4lgl\u00e4der mot p\u00e4lsen, med f\u00f6rnicklad eller m\u00e4ssings kedja, bredd 20 mm, tillverkad i Finland. - Jokke<\/title>\n<meta name=\"robots\" content=\"index, follow, max-snippet:-1, max-image-preview:large, max-video-preview:-1\" \/>\n<link rel=\"canonical\" href=\"https:\/\/jokke.com\/se\/produkt\/the-elk-halvstryp-med-mjukaste-alglader-mot-palsen-med-fornicklad-eller-massings-kedja-bredd-20-mm-tillverkad-i-finland\/\" \/>\n<meta property=\"og:locale\" content=\"sv_SE\" \/>\n<meta property=\"og:type\" content=\"article\" \/>\n<meta property=\"og:title\" content=\"The Elk halvstryp med mjukaste \u00e4lgl\u00e4der mot p\u00e4lsen, med f\u00f6rnicklad eller m\u00e4ssings kedja, bredd 20 mm, tillverkad i Finland. - Jokke\" \/>\n<meta property=\"og:url\" content=\"https:\/\/jokke.com\/se\/produkt\/the-elk-halvstryp-med-mjukaste-alglader-mot-palsen-med-fornicklad-eller-massings-kedja-bredd-20-mm-tillverkad-i-finland\/\" \/>\n<meta property=\"og:site_name\" content=\"Jokke\" \/>\n<meta property=\"article:modified_time\" content=\"2026-01-22T06:41:32+00:00\" \/>\n<meta property=\"og:image\" content=\"https:\/\/jokke.com\/se\/wp-content\/uploads\/2024\/05\/THE-ELK-HALFCHECK-BLACKBROWN-scaled.jpg\" \/>\n\t<meta property=\"og:image:width\" content=\"2560\" \/>\n\t<meta property=\"og:image:height\" content=\"1371\" \/>\n\t<meta property=\"og:image:type\" content=\"image\/jpeg\" \/>\n<meta name=\"twitter:card\" content=\"summary_large_image\" \/>\n<script type=\"application\/ld+json\" class=\"yoast-schema-graph\">{\"@context\":\"https:\/\/schema.org\",\"@graph\":[{\"@type\":\"WebPage\",\"@id\":\"https:\/\/jokke.com\/se\/produkt\/the-elk-halvstryp-med-mjukaste-alglader-mot-palsen-med-fornicklad-eller-massings-kedja-bredd-20-mm-tillverkad-i-finland\/\",\"url\":\"https:\/\/jokke.com\/se\/produkt\/the-elk-halvstryp-med-mjukaste-alglader-mot-palsen-med-fornicklad-eller-massings-kedja-bredd-20-mm-tillverkad-i-finland\/\",\"name\":\"The Elk halvstryp med mjukaste \u00e4lgl\u00e4der mot p\u00e4lsen, med f\u00f6rnicklad eller m\u00e4ssings kedja, bredd 20 mm, tillverkad i Finland. - Jokke\",\"isPartOf\":{\"@id\":\"https:\/\/jokke.com\/se\/#website\"},\"primaryImageOfPage\":{\"@id\":\"https:\/\/jokke.com\/se\/produkt\/the-elk-halvstryp-med-mjukaste-alglader-mot-palsen-med-fornicklad-eller-massings-kedja-bredd-20-mm-tillverkad-i-finland\/#primaryimage\"},\"image\":{\"@id\":\"https:\/\/jokke.com\/se\/produkt\/the-elk-halvstryp-med-mjukaste-alglader-mot-palsen-med-fornicklad-eller-massings-kedja-bredd-20-mm-tillverkad-i-finland\/#primaryimage\"},\"thumbnailUrl\":\"https:\/\/jokke.com\/se\/wp-content\/uploads\/2024\/05\/THE-ELK-HALFCHECK-BLACKBROWN-scaled.jpg\",\"datePublished\":\"2026-01-22T06:41:29+00:00\",\"dateModified\":\"2026-01-22T06:41:32+00:00\",\"breadcrumb\":{\"@id\":\"https:\/\/jokke.com\/se\/produkt\/the-elk-halvstryp-med-mjukaste-alglader-mot-palsen-med-fornicklad-eller-massings-kedja-bredd-20-mm-tillverkad-i-finland\/#breadcrumb\"},\"inLanguage\":\"sv-SE\",\"potentialAction\":[{\"@type\":\"ReadAction\",\"target\":[\"https:\/\/jokke.com\/se\/produkt\/the-elk-halvstryp-med-mjukaste-alglader-mot-palsen-med-fornicklad-eller-massings-kedja-bredd-20-mm-tillverkad-i-finland\/\"]}]},{\"@type\":\"ImageObject\",\"inLanguage\":\"sv-SE\",\"@id\":\"https:\/\/jokke.com\/se\/produkt\/the-elk-halvstryp-med-mjukaste-alglader-mot-palsen-med-fornicklad-eller-massings-kedja-bredd-20-mm-tillverkad-i-finland\/#primaryimage\",\"url\":\"https:\/\/jokke.com\/se\/wp-content\/uploads\/2024\/05\/THE-ELK-HALFCHECK-BLACKBROWN-scaled.jpg\",\"contentUrl\":\"https:\/\/jokke.com\/se\/wp-content\/uploads\/2024\/05\/THE-ELK-HALFCHECK-BLACKBROWN-scaled.jpg\",\"width\":2560,\"height\":1371},{\"@type\":\"BreadcrumbList\",\"@id\":\"https:\/\/jokke.com\/se\/produkt\/the-elk-halvstryp-med-mjukaste-alglader-mot-palsen-med-fornicklad-eller-massings-kedja-bredd-20-mm-tillverkad-i-finland\/#breadcrumb\",\"itemListElement\":[{\"@type\":\"ListItem\",\"position\":1,\"name\":\"Home\",\"item\":\"https:\/\/jokke.com\/se\/\"},{\"@type\":\"ListItem\",\"position\":2,\"name\":\"Butik\",\"item\":\"https:\/\/jokke.com\/se\/butik\/\"},{\"@type\":\"ListItem\",\"position\":3,\"name\":\"The Elk halvstryp med mjukaste \u00e4lgl\u00e4der mot p\u00e4lsen, med f\u00f6rnicklad eller m\u00e4ssings kedja, bredd 20 mm, tillverkad i Finland.\"}]},{\"@type\":\"WebSite\",\"@id\":\"https:\/\/jokke.com\/se\/#website\",\"url\":\"https:\/\/jokke.com\/se\/\",\"name\":\"Jokke\",\"description\":\"\",\"potentialAction\":[{\"@type\":\"SearchAction\",\"target\":{\"@type\":\"EntryPoint\",\"urlTemplate\":\"https:\/\/jokke.com\/se\/?s={search_term_string}\"},\"query-input\":{\"@type\":\"PropertyValueSpecification\",\"valueRequired\":true,\"valueName\":\"search_term_string\"}}],\"inLanguage\":\"sv-SE\"}]}<\/script>\n<!-- \/ Yoast SEO plugin. -->","yoast_head_json":{"title":"The Elk halvstryp med mjukaste \u00e4lgl\u00e4der mot p\u00e4lsen, med f\u00f6rnicklad eller m\u00e4ssings kedja, bredd 20 mm, tillverkad i Finland. - Jokke","robots":{"index":"index","follow":"follow","max-snippet":"max-snippet:-1","max-image-preview":"max-image-preview:large","max-video-preview":"max-video-preview:-1"},"canonical":"https:\/\/jokke.com\/se\/produkt\/the-elk-halvstryp-med-mjukaste-alglader-mot-palsen-med-fornicklad-eller-massings-kedja-bredd-20-mm-tillverkad-i-finland\/","og_locale":"sv_SE","og_type":"article","og_title":"The Elk halvstryp med mjukaste \u00e4lgl\u00e4der mot p\u00e4lsen, med f\u00f6rnicklad eller m\u00e4ssings kedja, bredd 20 mm, tillverkad i Finland. - Jokke","og_url":"https:\/\/jokke.com\/se\/produkt\/the-elk-halvstryp-med-mjukaste-alglader-mot-palsen-med-fornicklad-eller-massings-kedja-bredd-20-mm-tillverkad-i-finland\/","og_site_name":"Jokke","article_modified_time":"2026-01-22T06:41:32+00:00","og_image":[{"width":2560,"height":1371,"url":"https:\/\/jokke.com\/se\/wp-content\/uploads\/2024\/05\/THE-ELK-HALFCHECK-BLACKBROWN-scaled.jpg","type":"image\/jpeg"}],"twitter_card":"summary_large_image","schema":{"@context":"https:\/\/schema.org","@graph":[{"@type":"WebPage","@id":"https:\/\/jokke.com\/se\/produkt\/the-elk-halvstryp-med-mjukaste-alglader-mot-palsen-med-fornicklad-eller-massings-kedja-bredd-20-mm-tillverkad-i-finland\/","url":"https:\/\/jokke.com\/se\/produkt\/the-elk-halvstryp-med-mjukaste-alglader-mot-palsen-med-fornicklad-eller-massings-kedja-bredd-20-mm-tillverkad-i-finland\/","name":"The Elk halvstryp med mjukaste \u00e4lgl\u00e4der mot p\u00e4lsen, med f\u00f6rnicklad eller m\u00e4ssings kedja, bredd 20 mm, tillverkad i Finland. - Jokke","isPartOf":{"@id":"https:\/\/jokke.com\/se\/#website"},"primaryImageOfPage":{"@id":"https:\/\/jokke.com\/se\/produkt\/the-elk-halvstryp-med-mjukaste-alglader-mot-palsen-med-fornicklad-eller-massings-kedja-bredd-20-mm-tillverkad-i-finland\/#primaryimage"},"image":{"@id":"https:\/\/jokke.com\/se\/produkt\/the-elk-halvstryp-med-mjukaste-alglader-mot-palsen-med-fornicklad-eller-massings-kedja-bredd-20-mm-tillverkad-i-finland\/#primaryimage"},"thumbnailUrl":"https:\/\/jokke.com\/se\/wp-content\/uploads\/2024\/05\/THE-ELK-HALFCHECK-BLACKBROWN-scaled.jpg","datePublished":"2026-01-22T06:41:29+00:00","dateModified":"2026-01-22T06:41:32+00:00","breadcrumb":{"@id":"https:\/\/jokke.com\/se\/produkt\/the-elk-halvstryp-med-mjukaste-alglader-mot-palsen-med-fornicklad-eller-massings-kedja-bredd-20-mm-tillverkad-i-finland\/#breadcrumb"},"inLanguage":"sv-SE","potentialAction":[{"@type":"ReadAction","target":["https:\/\/jokke.com\/se\/produkt\/the-elk-halvstryp-med-mjukaste-alglader-mot-palsen-med-fornicklad-eller-massings-kedja-bredd-20-mm-tillverkad-i-finland\/"]}]},{"@type":"ImageObject","inLanguage":"sv-SE","@id":"https:\/\/jokke.com\/se\/produkt\/the-elk-halvstryp-med-mjukaste-alglader-mot-palsen-med-fornicklad-eller-massings-kedja-bredd-20-mm-tillverkad-i-finland\/#primaryimage","url":"https:\/\/jokke.com\/se\/wp-content\/uploads\/2024\/05\/THE-ELK-HALFCHECK-BLACKBROWN-scaled.jpg","contentUrl":"https:\/\/jokke.com\/se\/wp-content\/uploads\/2024\/05\/THE-ELK-HALFCHECK-BLACKBROWN-scaled.jpg","width":2560,"height":1371},{"@type":"BreadcrumbList","@id":"https:\/\/jokke.com\/se\/produkt\/the-elk-halvstryp-med-mjukaste-alglader-mot-palsen-med-fornicklad-eller-massings-kedja-bredd-20-mm-tillverkad-i-finland\/#breadcrumb","itemListElement":[{"@type":"ListItem","position":1,"name":"Home","item":"https:\/\/jokke.com\/se\/"},{"@type":"ListItem","position":2,"name":"Butik","item":"https:\/\/jokke.com\/se\/butik\/"},{"@type":"ListItem","position":3,"name":"The Elk halvstryp med mjukaste \u00e4lgl\u00e4der mot p\u00e4lsen, med f\u00f6rnicklad eller m\u00e4ssings kedja, bredd 20 mm, tillverkad i Finland."}]},{"@type":"WebSite","@id":"https:\/\/jokke.com\/se\/#website","url":"https:\/\/jokke.com\/se\/","name":"Jokke","description":"","potentialAction":[{"@type":"SearchAction","target":{"@type":"EntryPoint","urlTemplate":"https:\/\/jokke.com\/se\/?s={search_term_string}"},"query-input":{"@type":"PropertyValueSpecification","valueRequired":true,"valueName":"search_term_string"}}],"inLanguage":"sv-SE"}]}},"_links":{"self":[{"href":"https:\/\/jokke.com\/se\/wp-json\/wp\/v2\/product\/54764","targetHints":{"allow":["GET"]}}],"collection":[{"href":"https:\/\/jokke.com\/se\/wp-json\/wp\/v2\/product"}],"about":[{"href":"https:\/\/jokke.com\/se\/wp-json\/wp\/v2\/types\/product"}],"replies":[{"embeddable":true,"href":"https:\/\/jokke.com\/se\/wp-json\/wp\/v2\/comments?post=54764"}],"wp:featuredmedia":[{"embeddable":true,"href":"https:\/\/jokke.com\/se\/wp-json\/wp\/v2\/media\/54781"}],"wp:attachment":[{"href":"https:\/\/jokke.com\/se\/wp-json\/wp\/v2\/media?parent=54764"}],"wp:term":[{"taxonomy":"product_brand","embeddable":true,"href":"https:\/\/jokke.com\/se\/wp-json\/wp\/v2\/product_brand?post=54764"},{"taxonomy":"product_cat","embeddable":true,"href":"https:\/\/jokke.com\/se\/wp-json\/wp\/v2\/product_cat?post=54764"},{"taxonomy":"product_tag","embeddable":true,"href":"https:\/\/jokke.com\/se\/wp-json\/wp\/v2\/product_tag?post=54764"}],"curies":[{"name":"wp","href":"https:\/\/api.w.org\/{rel}","templated":true}]}}