{"id":54472,"date":"2026-01-22T06:47:30","date_gmt":"2026-01-22T06:47:30","guid":{"rendered":"https:\/\/jokke.com\/se\/produkt\/rabbitkex-leksak-med-akta-kaninpals-tillverkad-i-finland-en-utmarkt-produkt-i-till-exempel-narsok-tre-storlekar-alla-ravaror-med-fran-eu-sydd-med-stark-trad-istabil-tyg-och-kaninpals-2\/"},"modified":"2026-01-22T06:47:32","modified_gmt":"2026-01-22T06:47:32","slug":"rabbitkex-leksak-med-akta-kaninpals-tillverkad-i-finland-en-utmarkt-produkt-i-till-exempel-narsok-tre-storlekar-alla-ravaror-med-fran-eu-sydd-med-stark-trad-istabil-tyg-och-kaninpals","status":"publish","type":"product","link":"https:\/\/jokke.com\/se\/produkt\/rabbitkex-leksak-med-akta-kaninpals-tillverkad-i-finland-en-utmarkt-produkt-i-till-exempel-narsok-tre-storlekar-alla-ravaror-med-fran-eu-sydd-med-stark-trad-istabil-tyg-och-kaninpals\/","title":{"rendered":"Rabbitkex leksak med \u00e4kta kaninp\u00e4ls, tillverkad I Finland. En utm\u00e4rkt produkt i till exempel n\u00e4rs\u00f6k. Tre storlekar, alla r\u00e5varor med fr\u00e5n EU, sydd med stark tr\u00e5d istabil tyg och kaninp\u00e4ls."},"content":{"rendered":"","protected":false},"excerpt":{"rendered":"","protected":false},"featured_media":54623,"comment_status":"closed","ping_status":"open","template":"","meta":{"_acf_changed":false},"product_brand":[],"product_cat":[21],"product_tag":[],"class_list":{"0":"post-54472","1":"product","2":"type-product","3":"status-publish","4":"has-post-thumbnail","6":"product_cat-motivering","7":"pa_storlek-large-13-cm-x-5-cm-x-60-gr","8":"pa_storlek-medium-11-cm-x-5-cm-x-40-gr","9":"pa_storlek-small-8-cm-x-5-cm-x-20-gr","11":"first","12":"instock","13":"taxable","14":"shipping-taxable","15":"purchasable","16":"product-type-variable"},"acf":[],"yoast_head":"<!-- This site is optimized with the Yoast SEO plugin v26.7 - https:\/\/yoast.com\/wordpress\/plugins\/seo\/ -->\n<title>Rabbitkex leksak med \u00e4kta kaninp\u00e4ls, tillverkad I Finland. En utm\u00e4rkt produkt i till exempel n\u00e4rs\u00f6k. Tre storlekar, alla r\u00e5varor med fr\u00e5n EU, sydd med stark tr\u00e5d istabil tyg och kaninp\u00e4ls. - Jokke<\/title>\n<meta name=\"robots\" content=\"index, follow, max-snippet:-1, max-image-preview:large, max-video-preview:-1\" \/>\n<link rel=\"canonical\" href=\"https:\/\/jokke.com\/se\/produkt\/rabbitkex-leksak-med-akta-kaninpals-tillverkad-i-finland-en-utmarkt-produkt-i-till-exempel-narsok-tre-storlekar-alla-ravaror-med-fran-eu-sydd-med-stark-trad-istabil-tyg-och-kaninpals\/\" \/>\n<meta property=\"og:locale\" content=\"sv_SE\" \/>\n<meta property=\"og:type\" content=\"article\" \/>\n<meta property=\"og:title\" content=\"Rabbitkex leksak med \u00e4kta kaninp\u00e4ls, tillverkad I Finland. En utm\u00e4rkt produkt i till exempel n\u00e4rs\u00f6k. Tre storlekar, alla r\u00e5varor med fr\u00e5n EU, sydd med stark tr\u00e5d istabil tyg och kaninp\u00e4ls. - Jokke\" \/>\n<meta property=\"og:url\" content=\"https:\/\/jokke.com\/se\/produkt\/rabbitkex-leksak-med-akta-kaninpals-tillverkad-i-finland-en-utmarkt-produkt-i-till-exempel-narsok-tre-storlekar-alla-ravaror-med-fran-eu-sydd-med-stark-trad-istabil-tyg-och-kaninpals\/\" \/>\n<meta property=\"og:site_name\" content=\"Jokke\" \/>\n<meta property=\"article:modified_time\" content=\"2026-01-22T06:47:32+00:00\" \/>\n<meta property=\"og:image\" content=\"https:\/\/jokke.com\/se\/wp-content\/uploads\/2024\/04\/RABBITKEXKAIKKI-1.jpg\" \/>\n\t<meta property=\"og:image:width\" content=\"1080\" \/>\n\t<meta property=\"og:image:height\" content=\"740\" \/>\n\t<meta property=\"og:image:type\" content=\"image\/jpeg\" \/>\n<meta name=\"twitter:card\" content=\"summary_large_image\" \/>\n<script type=\"application\/ld+json\" class=\"yoast-schema-graph\">{\"@context\":\"https:\/\/schema.org\",\"@graph\":[{\"@type\":\"WebPage\",\"@id\":\"https:\/\/jokke.com\/se\/produkt\/rabbitkex-leksak-med-akta-kaninpals-tillverkad-i-finland-en-utmarkt-produkt-i-till-exempel-narsok-tre-storlekar-alla-ravaror-med-fran-eu-sydd-med-stark-trad-istabil-tyg-och-kaninpals\/\",\"url\":\"https:\/\/jokke.com\/se\/produkt\/rabbitkex-leksak-med-akta-kaninpals-tillverkad-i-finland-en-utmarkt-produkt-i-till-exempel-narsok-tre-storlekar-alla-ravaror-med-fran-eu-sydd-med-stark-trad-istabil-tyg-och-kaninpals\/\",\"name\":\"Rabbitkex leksak med \u00e4kta kaninp\u00e4ls, tillverkad I Finland. En utm\u00e4rkt produkt i till exempel n\u00e4rs\u00f6k. Tre storlekar, alla r\u00e5varor med fr\u00e5n EU, sydd med stark tr\u00e5d istabil tyg och kaninp\u00e4ls. - Jokke\",\"isPartOf\":{\"@id\":\"https:\/\/jokke.com\/se\/#website\"},\"primaryImageOfPage\":{\"@id\":\"https:\/\/jokke.com\/se\/produkt\/rabbitkex-leksak-med-akta-kaninpals-tillverkad-i-finland-en-utmarkt-produkt-i-till-exempel-narsok-tre-storlekar-alla-ravaror-med-fran-eu-sydd-med-stark-trad-istabil-tyg-och-kaninpals\/#primaryimage\"},\"image\":{\"@id\":\"https:\/\/jokke.com\/se\/produkt\/rabbitkex-leksak-med-akta-kaninpals-tillverkad-i-finland-en-utmarkt-produkt-i-till-exempel-narsok-tre-storlekar-alla-ravaror-med-fran-eu-sydd-med-stark-trad-istabil-tyg-och-kaninpals\/#primaryimage\"},\"thumbnailUrl\":\"https:\/\/jokke.com\/se\/wp-content\/uploads\/2024\/04\/RABBITKEXKAIKKI-1.jpg\",\"datePublished\":\"2026-01-22T06:47:30+00:00\",\"dateModified\":\"2026-01-22T06:47:32+00:00\",\"breadcrumb\":{\"@id\":\"https:\/\/jokke.com\/se\/produkt\/rabbitkex-leksak-med-akta-kaninpals-tillverkad-i-finland-en-utmarkt-produkt-i-till-exempel-narsok-tre-storlekar-alla-ravaror-med-fran-eu-sydd-med-stark-trad-istabil-tyg-och-kaninpals\/#breadcrumb\"},\"inLanguage\":\"sv-SE\",\"potentialAction\":[{\"@type\":\"ReadAction\",\"target\":[\"https:\/\/jokke.com\/se\/produkt\/rabbitkex-leksak-med-akta-kaninpals-tillverkad-i-finland-en-utmarkt-produkt-i-till-exempel-narsok-tre-storlekar-alla-ravaror-med-fran-eu-sydd-med-stark-trad-istabil-tyg-och-kaninpals\/\"]}]},{\"@type\":\"ImageObject\",\"inLanguage\":\"sv-SE\",\"@id\":\"https:\/\/jokke.com\/se\/produkt\/rabbitkex-leksak-med-akta-kaninpals-tillverkad-i-finland-en-utmarkt-produkt-i-till-exempel-narsok-tre-storlekar-alla-ravaror-med-fran-eu-sydd-med-stark-trad-istabil-tyg-och-kaninpals\/#primaryimage\",\"url\":\"https:\/\/jokke.com\/se\/wp-content\/uploads\/2024\/04\/RABBITKEXKAIKKI-1.jpg\",\"contentUrl\":\"https:\/\/jokke.com\/se\/wp-content\/uploads\/2024\/04\/RABBITKEXKAIKKI-1.jpg\",\"width\":1080,\"height\":740},{\"@type\":\"BreadcrumbList\",\"@id\":\"https:\/\/jokke.com\/se\/produkt\/rabbitkex-leksak-med-akta-kaninpals-tillverkad-i-finland-en-utmarkt-produkt-i-till-exempel-narsok-tre-storlekar-alla-ravaror-med-fran-eu-sydd-med-stark-trad-istabil-tyg-och-kaninpals\/#breadcrumb\",\"itemListElement\":[{\"@type\":\"ListItem\",\"position\":1,\"name\":\"Home\",\"item\":\"https:\/\/jokke.com\/se\/\"},{\"@type\":\"ListItem\",\"position\":2,\"name\":\"Butik\",\"item\":\"https:\/\/jokke.com\/se\/butik\/\"},{\"@type\":\"ListItem\",\"position\":3,\"name\":\"Rabbitkex leksak med \u00e4kta kaninp\u00e4ls, tillverkad I Finland. En utm\u00e4rkt produkt i till exempel n\u00e4rs\u00f6k. Tre storlekar, alla r\u00e5varor med fr\u00e5n EU, sydd med stark tr\u00e5d istabil tyg och kaninp\u00e4ls.\"}]},{\"@type\":\"WebSite\",\"@id\":\"https:\/\/jokke.com\/se\/#website\",\"url\":\"https:\/\/jokke.com\/se\/\",\"name\":\"Jokke\",\"description\":\"\",\"potentialAction\":[{\"@type\":\"SearchAction\",\"target\":{\"@type\":\"EntryPoint\",\"urlTemplate\":\"https:\/\/jokke.com\/se\/?s={search_term_string}\"},\"query-input\":{\"@type\":\"PropertyValueSpecification\",\"valueRequired\":true,\"valueName\":\"search_term_string\"}}],\"inLanguage\":\"sv-SE\"}]}<\/script>\n<!-- \/ Yoast SEO plugin. -->","yoast_head_json":{"title":"Rabbitkex leksak med \u00e4kta kaninp\u00e4ls, tillverkad I Finland. En utm\u00e4rkt produkt i till exempel n\u00e4rs\u00f6k. Tre storlekar, alla r\u00e5varor med fr\u00e5n EU, sydd med stark tr\u00e5d istabil tyg och kaninp\u00e4ls. - Jokke","robots":{"index":"index","follow":"follow","max-snippet":"max-snippet:-1","max-image-preview":"max-image-preview:large","max-video-preview":"max-video-preview:-1"},"canonical":"https:\/\/jokke.com\/se\/produkt\/rabbitkex-leksak-med-akta-kaninpals-tillverkad-i-finland-en-utmarkt-produkt-i-till-exempel-narsok-tre-storlekar-alla-ravaror-med-fran-eu-sydd-med-stark-trad-istabil-tyg-och-kaninpals\/","og_locale":"sv_SE","og_type":"article","og_title":"Rabbitkex leksak med \u00e4kta kaninp\u00e4ls, tillverkad I Finland. En utm\u00e4rkt produkt i till exempel n\u00e4rs\u00f6k. Tre storlekar, alla r\u00e5varor med fr\u00e5n EU, sydd med stark tr\u00e5d istabil tyg och kaninp\u00e4ls. - Jokke","og_url":"https:\/\/jokke.com\/se\/produkt\/rabbitkex-leksak-med-akta-kaninpals-tillverkad-i-finland-en-utmarkt-produkt-i-till-exempel-narsok-tre-storlekar-alla-ravaror-med-fran-eu-sydd-med-stark-trad-istabil-tyg-och-kaninpals\/","og_site_name":"Jokke","article_modified_time":"2026-01-22T06:47:32+00:00","og_image":[{"width":1080,"height":740,"url":"https:\/\/jokke.com\/se\/wp-content\/uploads\/2024\/04\/RABBITKEXKAIKKI-1.jpg","type":"image\/jpeg"}],"twitter_card":"summary_large_image","schema":{"@context":"https:\/\/schema.org","@graph":[{"@type":"WebPage","@id":"https:\/\/jokke.com\/se\/produkt\/rabbitkex-leksak-med-akta-kaninpals-tillverkad-i-finland-en-utmarkt-produkt-i-till-exempel-narsok-tre-storlekar-alla-ravaror-med-fran-eu-sydd-med-stark-trad-istabil-tyg-och-kaninpals\/","url":"https:\/\/jokke.com\/se\/produkt\/rabbitkex-leksak-med-akta-kaninpals-tillverkad-i-finland-en-utmarkt-produkt-i-till-exempel-narsok-tre-storlekar-alla-ravaror-med-fran-eu-sydd-med-stark-trad-istabil-tyg-och-kaninpals\/","name":"Rabbitkex leksak med \u00e4kta kaninp\u00e4ls, tillverkad I Finland. En utm\u00e4rkt produkt i till exempel n\u00e4rs\u00f6k. Tre storlekar, alla r\u00e5varor med fr\u00e5n EU, sydd med stark tr\u00e5d istabil tyg och kaninp\u00e4ls. - Jokke","isPartOf":{"@id":"https:\/\/jokke.com\/se\/#website"},"primaryImageOfPage":{"@id":"https:\/\/jokke.com\/se\/produkt\/rabbitkex-leksak-med-akta-kaninpals-tillverkad-i-finland-en-utmarkt-produkt-i-till-exempel-narsok-tre-storlekar-alla-ravaror-med-fran-eu-sydd-med-stark-trad-istabil-tyg-och-kaninpals\/#primaryimage"},"image":{"@id":"https:\/\/jokke.com\/se\/produkt\/rabbitkex-leksak-med-akta-kaninpals-tillverkad-i-finland-en-utmarkt-produkt-i-till-exempel-narsok-tre-storlekar-alla-ravaror-med-fran-eu-sydd-med-stark-trad-istabil-tyg-och-kaninpals\/#primaryimage"},"thumbnailUrl":"https:\/\/jokke.com\/se\/wp-content\/uploads\/2024\/04\/RABBITKEXKAIKKI-1.jpg","datePublished":"2026-01-22T06:47:30+00:00","dateModified":"2026-01-22T06:47:32+00:00","breadcrumb":{"@id":"https:\/\/jokke.com\/se\/produkt\/rabbitkex-leksak-med-akta-kaninpals-tillverkad-i-finland-en-utmarkt-produkt-i-till-exempel-narsok-tre-storlekar-alla-ravaror-med-fran-eu-sydd-med-stark-trad-istabil-tyg-och-kaninpals\/#breadcrumb"},"inLanguage":"sv-SE","potentialAction":[{"@type":"ReadAction","target":["https:\/\/jokke.com\/se\/produkt\/rabbitkex-leksak-med-akta-kaninpals-tillverkad-i-finland-en-utmarkt-produkt-i-till-exempel-narsok-tre-storlekar-alla-ravaror-med-fran-eu-sydd-med-stark-trad-istabil-tyg-och-kaninpals\/"]}]},{"@type":"ImageObject","inLanguage":"sv-SE","@id":"https:\/\/jokke.com\/se\/produkt\/rabbitkex-leksak-med-akta-kaninpals-tillverkad-i-finland-en-utmarkt-produkt-i-till-exempel-narsok-tre-storlekar-alla-ravaror-med-fran-eu-sydd-med-stark-trad-istabil-tyg-och-kaninpals\/#primaryimage","url":"https:\/\/jokke.com\/se\/wp-content\/uploads\/2024\/04\/RABBITKEXKAIKKI-1.jpg","contentUrl":"https:\/\/jokke.com\/se\/wp-content\/uploads\/2024\/04\/RABBITKEXKAIKKI-1.jpg","width":1080,"height":740},{"@type":"BreadcrumbList","@id":"https:\/\/jokke.com\/se\/produkt\/rabbitkex-leksak-med-akta-kaninpals-tillverkad-i-finland-en-utmarkt-produkt-i-till-exempel-narsok-tre-storlekar-alla-ravaror-med-fran-eu-sydd-med-stark-trad-istabil-tyg-och-kaninpals\/#breadcrumb","itemListElement":[{"@type":"ListItem","position":1,"name":"Home","item":"https:\/\/jokke.com\/se\/"},{"@type":"ListItem","position":2,"name":"Butik","item":"https:\/\/jokke.com\/se\/butik\/"},{"@type":"ListItem","position":3,"name":"Rabbitkex leksak med \u00e4kta kaninp\u00e4ls, tillverkad I Finland. En utm\u00e4rkt produkt i till exempel n\u00e4rs\u00f6k. Tre storlekar, alla r\u00e5varor med fr\u00e5n EU, sydd med stark tr\u00e5d istabil tyg och kaninp\u00e4ls."}]},{"@type":"WebSite","@id":"https:\/\/jokke.com\/se\/#website","url":"https:\/\/jokke.com\/se\/","name":"Jokke","description":"","potentialAction":[{"@type":"SearchAction","target":{"@type":"EntryPoint","urlTemplate":"https:\/\/jokke.com\/se\/?s={search_term_string}"},"query-input":{"@type":"PropertyValueSpecification","valueRequired":true,"valueName":"search_term_string"}}],"inLanguage":"sv-SE"}]}},"_links":{"self":[{"href":"https:\/\/jokke.com\/se\/wp-json\/wp\/v2\/product\/54472","targetHints":{"allow":["GET"]}}],"collection":[{"href":"https:\/\/jokke.com\/se\/wp-json\/wp\/v2\/product"}],"about":[{"href":"https:\/\/jokke.com\/se\/wp-json\/wp\/v2\/types\/product"}],"replies":[{"embeddable":true,"href":"https:\/\/jokke.com\/se\/wp-json\/wp\/v2\/comments?post=54472"}],"wp:featuredmedia":[{"embeddable":true,"href":"https:\/\/jokke.com\/se\/wp-json\/wp\/v2\/media\/54623"}],"wp:attachment":[{"href":"https:\/\/jokke.com\/se\/wp-json\/wp\/v2\/media?parent=54472"}],"wp:term":[{"taxonomy":"product_brand","embeddable":true,"href":"https:\/\/jokke.com\/se\/wp-json\/wp\/v2\/product_brand?post=54472"},{"taxonomy":"product_cat","embeddable":true,"href":"https:\/\/jokke.com\/se\/wp-json\/wp\/v2\/product_cat?post=54472"},{"taxonomy":"product_tag","embeddable":true,"href":"https:\/\/jokke.com\/se\/wp-json\/wp\/v2\/product_tag?post=54472"}],"curies":[{"name":"wp","href":"https:\/\/api.w.org\/{rel}","templated":true}]}}