{"id":54452,"date":"2026-01-22T06:46:32","date_gmt":"2026-01-22T06:46:32","guid":{"rendered":"https:\/\/jokke.com\/se\/produkt\/costa-retrieverkoppel-2\/"},"modified":"2026-01-22T06:46:36","modified_gmt":"2026-01-22T06:46:36","slug":"outlet-costa-retrieverkoppel-tillverkad-i-finland","status":"publish","type":"product","link":"https:\/\/jokke.com\/se\/produkt\/outlet-costa-retrieverkoppel-tillverkad-i-finland\/","title":{"rendered":"OUTLET Costa &#8211; retrieverkoppel, tillverkad i Finland."},"content":{"rendered":"","protected":false},"excerpt":{"rendered":"<p>Costa &#8211; mjuk retrieverkoppel med l\u00e4derf\u00f6rst\u00e4rkningar, diameter 5 mm, totall\u00e4ngd 180 cm, utm\u00e4rkt f\u00f6r sm\u00e5 hundar. En f\u00f6ljsam, l\u00e4tt och smidig retrieverkoppel. Sydd med siksak s\u00f6mn och d\u00e4refter genom l\u00e4dret och kopplet. L\u00e4tt och snabbt att anv\u00e4nda och stoppa i fickan. O-ring 15 mm i diameter, svetsad f\u00f6r h\u00e5llbarhet.Ursprung av r\u00e5varor : rep &#038; metallvaror Asien, l\u00e4der Finland, tr\u00e5d EU<\/p>\n","protected":false},"featured_media":54719,"comment_status":"closed","ping_status":"open","template":"","meta":{"_acf_changed":false},"product_brand":[],"product_cat":[18],"product_tag":[],"class_list":{"0":"post-54452","1":"product","2":"type-product","3":"status-publish","4":"has-post-thumbnail","6":"product_cat-koppel","7":"pa_farg-majs","8":"pa_farg-svart","9":"pa_farg-bla","10":"pa_farg-fuxia","11":"pa_farg-gul","13":"first","14":"instock","15":"taxable","16":"shipping-taxable","17":"purchasable","18":"product-type-variable"},"acf":[],"yoast_head":"<!-- This site is optimized with the Yoast SEO plugin v26.7 - https:\/\/yoast.com\/wordpress\/plugins\/seo\/ -->\n<title>OUTLET Costa - retrieverkoppel, tillverkad i Finland. - Jokke<\/title>\n<meta name=\"robots\" content=\"index, follow, max-snippet:-1, max-image-preview:large, max-video-preview:-1\" \/>\n<link rel=\"canonical\" href=\"https:\/\/jokke.com\/se\/produkt\/outlet-costa-retrieverkoppel-tillverkad-i-finland\/\" \/>\n<meta property=\"og:locale\" content=\"sv_SE\" \/>\n<meta property=\"og:type\" content=\"article\" \/>\n<meta property=\"og:title\" content=\"OUTLET Costa - retrieverkoppel, tillverkad i Finland. - Jokke\" \/>\n<meta property=\"og:description\" content=\"Costa - mjuk retrieverkoppel med l\u00e4derf\u00f6rst\u00e4rkningar, diameter 5 mm, totall\u00e4ngd 180 cm, utm\u00e4rkt f\u00f6r sm\u00e5 hundar. En f\u00f6ljsam, l\u00e4tt och smidig retrieverkoppel. Sydd med siksak s\u00f6mn och d\u00e4refter genom l\u00e4dret och kopplet. L\u00e4tt och snabbt att anv\u00e4nda och stoppa i fickan. O-ring 15 mm i diameter, svetsad f\u00f6r h\u00e5llbarhet.Ursprung av r\u00e5varor : rep &amp; metallvaror Asien, l\u00e4der Finland, tr\u00e5d EU\" \/>\n<meta property=\"og:url\" content=\"https:\/\/jokke.com\/se\/produkt\/outlet-costa-retrieverkoppel-tillverkad-i-finland\/\" \/>\n<meta property=\"og:site_name\" content=\"Jokke\" \/>\n<meta property=\"article:modified_time\" content=\"2026-01-22T06:46:36+00:00\" \/>\n<meta property=\"og:image\" content=\"https:\/\/jokke.com\/se\/wp-content\/uploads\/2024\/04\/COSTA.jpg\" \/>\n\t<meta property=\"og:image:width\" content=\"2048\" \/>\n\t<meta property=\"og:image:height\" content=\"2560\" \/>\n\t<meta property=\"og:image:type\" content=\"image\/jpeg\" \/>\n<meta name=\"twitter:card\" content=\"summary_large_image\" \/>\n<script type=\"application\/ld+json\" class=\"yoast-schema-graph\">{\"@context\":\"https:\/\/schema.org\",\"@graph\":[{\"@type\":\"WebPage\",\"@id\":\"https:\/\/jokke.com\/se\/produkt\/outlet-costa-retrieverkoppel-tillverkad-i-finland\/\",\"url\":\"https:\/\/jokke.com\/se\/produkt\/outlet-costa-retrieverkoppel-tillverkad-i-finland\/\",\"name\":\"OUTLET Costa - retrieverkoppel, tillverkad i Finland. - Jokke\",\"isPartOf\":{\"@id\":\"https:\/\/jokke.com\/se\/#website\"},\"primaryImageOfPage\":{\"@id\":\"https:\/\/jokke.com\/se\/produkt\/outlet-costa-retrieverkoppel-tillverkad-i-finland\/#primaryimage\"},\"image\":{\"@id\":\"https:\/\/jokke.com\/se\/produkt\/outlet-costa-retrieverkoppel-tillverkad-i-finland\/#primaryimage\"},\"thumbnailUrl\":\"https:\/\/jokke.com\/se\/wp-content\/uploads\/2024\/04\/COSTA.jpg\",\"datePublished\":\"2026-01-22T06:46:32+00:00\",\"dateModified\":\"2026-01-22T06:46:36+00:00\",\"breadcrumb\":{\"@id\":\"https:\/\/jokke.com\/se\/produkt\/outlet-costa-retrieverkoppel-tillverkad-i-finland\/#breadcrumb\"},\"inLanguage\":\"sv-SE\",\"potentialAction\":[{\"@type\":\"ReadAction\",\"target\":[\"https:\/\/jokke.com\/se\/produkt\/outlet-costa-retrieverkoppel-tillverkad-i-finland\/\"]}]},{\"@type\":\"ImageObject\",\"inLanguage\":\"sv-SE\",\"@id\":\"https:\/\/jokke.com\/se\/produkt\/outlet-costa-retrieverkoppel-tillverkad-i-finland\/#primaryimage\",\"url\":\"https:\/\/jokke.com\/se\/wp-content\/uploads\/2024\/04\/COSTA.jpg\",\"contentUrl\":\"https:\/\/jokke.com\/se\/wp-content\/uploads\/2024\/04\/COSTA.jpg\",\"width\":2048,\"height\":2560},{\"@type\":\"BreadcrumbList\",\"@id\":\"https:\/\/jokke.com\/se\/produkt\/outlet-costa-retrieverkoppel-tillverkad-i-finland\/#breadcrumb\",\"itemListElement\":[{\"@type\":\"ListItem\",\"position\":1,\"name\":\"Home\",\"item\":\"https:\/\/jokke.com\/se\/\"},{\"@type\":\"ListItem\",\"position\":2,\"name\":\"Butik\",\"item\":\"https:\/\/jokke.com\/se\/butik\/\"},{\"@type\":\"ListItem\",\"position\":3,\"name\":\"OUTLET Costa &#8211; retrieverkoppel, tillverkad i Finland.\"}]},{\"@type\":\"WebSite\",\"@id\":\"https:\/\/jokke.com\/se\/#website\",\"url\":\"https:\/\/jokke.com\/se\/\",\"name\":\"Jokke\",\"description\":\"\",\"potentialAction\":[{\"@type\":\"SearchAction\",\"target\":{\"@type\":\"EntryPoint\",\"urlTemplate\":\"https:\/\/jokke.com\/se\/?s={search_term_string}\"},\"query-input\":{\"@type\":\"PropertyValueSpecification\",\"valueRequired\":true,\"valueName\":\"search_term_string\"}}],\"inLanguage\":\"sv-SE\"}]}<\/script>\n<!-- \/ Yoast SEO plugin. -->","yoast_head_json":{"title":"OUTLET Costa - retrieverkoppel, tillverkad i Finland. - Jokke","robots":{"index":"index","follow":"follow","max-snippet":"max-snippet:-1","max-image-preview":"max-image-preview:large","max-video-preview":"max-video-preview:-1"},"canonical":"https:\/\/jokke.com\/se\/produkt\/outlet-costa-retrieverkoppel-tillverkad-i-finland\/","og_locale":"sv_SE","og_type":"article","og_title":"OUTLET Costa - retrieverkoppel, tillverkad i Finland. - Jokke","og_description":"Costa - mjuk retrieverkoppel med l\u00e4derf\u00f6rst\u00e4rkningar, diameter 5 mm, totall\u00e4ngd 180 cm, utm\u00e4rkt f\u00f6r sm\u00e5 hundar. En f\u00f6ljsam, l\u00e4tt och smidig retrieverkoppel. Sydd med siksak s\u00f6mn och d\u00e4refter genom l\u00e4dret och kopplet. L\u00e4tt och snabbt att anv\u00e4nda och stoppa i fickan. O-ring 15 mm i diameter, svetsad f\u00f6r h\u00e5llbarhet.Ursprung av r\u00e5varor : rep & metallvaror Asien, l\u00e4der Finland, tr\u00e5d EU","og_url":"https:\/\/jokke.com\/se\/produkt\/outlet-costa-retrieverkoppel-tillverkad-i-finland\/","og_site_name":"Jokke","article_modified_time":"2026-01-22T06:46:36+00:00","og_image":[{"width":2048,"height":2560,"url":"https:\/\/jokke.com\/se\/wp-content\/uploads\/2024\/04\/COSTA.jpg","type":"image\/jpeg"}],"twitter_card":"summary_large_image","schema":{"@context":"https:\/\/schema.org","@graph":[{"@type":"WebPage","@id":"https:\/\/jokke.com\/se\/produkt\/outlet-costa-retrieverkoppel-tillverkad-i-finland\/","url":"https:\/\/jokke.com\/se\/produkt\/outlet-costa-retrieverkoppel-tillverkad-i-finland\/","name":"OUTLET Costa - retrieverkoppel, tillverkad i Finland. - Jokke","isPartOf":{"@id":"https:\/\/jokke.com\/se\/#website"},"primaryImageOfPage":{"@id":"https:\/\/jokke.com\/se\/produkt\/outlet-costa-retrieverkoppel-tillverkad-i-finland\/#primaryimage"},"image":{"@id":"https:\/\/jokke.com\/se\/produkt\/outlet-costa-retrieverkoppel-tillverkad-i-finland\/#primaryimage"},"thumbnailUrl":"https:\/\/jokke.com\/se\/wp-content\/uploads\/2024\/04\/COSTA.jpg","datePublished":"2026-01-22T06:46:32+00:00","dateModified":"2026-01-22T06:46:36+00:00","breadcrumb":{"@id":"https:\/\/jokke.com\/se\/produkt\/outlet-costa-retrieverkoppel-tillverkad-i-finland\/#breadcrumb"},"inLanguage":"sv-SE","potentialAction":[{"@type":"ReadAction","target":["https:\/\/jokke.com\/se\/produkt\/outlet-costa-retrieverkoppel-tillverkad-i-finland\/"]}]},{"@type":"ImageObject","inLanguage":"sv-SE","@id":"https:\/\/jokke.com\/se\/produkt\/outlet-costa-retrieverkoppel-tillverkad-i-finland\/#primaryimage","url":"https:\/\/jokke.com\/se\/wp-content\/uploads\/2024\/04\/COSTA.jpg","contentUrl":"https:\/\/jokke.com\/se\/wp-content\/uploads\/2024\/04\/COSTA.jpg","width":2048,"height":2560},{"@type":"BreadcrumbList","@id":"https:\/\/jokke.com\/se\/produkt\/outlet-costa-retrieverkoppel-tillverkad-i-finland\/#breadcrumb","itemListElement":[{"@type":"ListItem","position":1,"name":"Home","item":"https:\/\/jokke.com\/se\/"},{"@type":"ListItem","position":2,"name":"Butik","item":"https:\/\/jokke.com\/se\/butik\/"},{"@type":"ListItem","position":3,"name":"OUTLET Costa &#8211; retrieverkoppel, tillverkad i Finland."}]},{"@type":"WebSite","@id":"https:\/\/jokke.com\/se\/#website","url":"https:\/\/jokke.com\/se\/","name":"Jokke","description":"","potentialAction":[{"@type":"SearchAction","target":{"@type":"EntryPoint","urlTemplate":"https:\/\/jokke.com\/se\/?s={search_term_string}"},"query-input":{"@type":"PropertyValueSpecification","valueRequired":true,"valueName":"search_term_string"}}],"inLanguage":"sv-SE"}]}},"_links":{"self":[{"href":"https:\/\/jokke.com\/se\/wp-json\/wp\/v2\/product\/54452","targetHints":{"allow":["GET"]}}],"collection":[{"href":"https:\/\/jokke.com\/se\/wp-json\/wp\/v2\/product"}],"about":[{"href":"https:\/\/jokke.com\/se\/wp-json\/wp\/v2\/types\/product"}],"replies":[{"embeddable":true,"href":"https:\/\/jokke.com\/se\/wp-json\/wp\/v2\/comments?post=54452"}],"wp:featuredmedia":[{"embeddable":true,"href":"https:\/\/jokke.com\/se\/wp-json\/wp\/v2\/media\/54719"}],"wp:attachment":[{"href":"https:\/\/jokke.com\/se\/wp-json\/wp\/v2\/media?parent=54452"}],"wp:term":[{"taxonomy":"product_brand","embeddable":true,"href":"https:\/\/jokke.com\/se\/wp-json\/wp\/v2\/product_brand?post=54452"},{"taxonomy":"product_cat","embeddable":true,"href":"https:\/\/jokke.com\/se\/wp-json\/wp\/v2\/product_cat?post=54452"},{"taxonomy":"product_tag","embeddable":true,"href":"https:\/\/jokke.com\/se\/wp-json\/wp\/v2\/product_tag?post=54452"}],"curies":[{"name":"wp","href":"https:\/\/api.w.org\/{rel}","templated":true}]}}