{"id":54441,"date":"2026-01-22T06:45:28","date_gmt":"2026-01-22T06:45:28","guid":{"rendered":"https:\/\/jokke.com\/se\/produkt\/petit-utstallningskoppel-120-cm-x-cirka-45-mm-med-laderstopp-2\/"},"modified":"2026-01-22T06:45:31","modified_gmt":"2026-01-22T06:45:31","slug":"petit-utstallningskoppel-120-cm-x-cirka-33-40-mm-med-laderstopp-tillverkad-i-finland","status":"publish","type":"product","link":"https:\/\/jokke.com\/se\/produkt\/petit-utstallningskoppel-120-cm-x-cirka-33-40-mm-med-laderstopp-tillverkad-i-finland\/","title":{"rendered":"Petit utst\u00e4llningskoppel 120 cm x cirka 3,3 &#8211; 4,0 mm med l\u00e4derstopp,  tillverkad i Finland."},"content":{"rendered":"","protected":false},"excerpt":{"rendered":"<p>Gedigen mjuk koppel i finato italiensk skin. Ursprung av r\u00e5vaor : L\u00e4der Finland och Italien, sn\u00f6r Estland, hake Asien, tr\u00e5d Tyskland och italien.<\/p>\n","protected":false},"featured_media":54638,"comment_status":"closed","ping_status":"open","template":"","meta":{"_acf_changed":false},"product_brand":[],"product_cat":[504],"product_tag":[],"class_list":{"0":"post-54441","1":"product","2":"type-product","3":"status-publish","4":"has-post-thumbnail","6":"product_cat-selar","7":"pa_farg-brun","8":"pa_farg-svart","9":"pa_farg-vit","11":"first","12":"instock","13":"taxable","14":"shipping-taxable","15":"purchasable","16":"product-type-variable"},"acf":[],"yoast_head":"<!-- This site is optimized with the Yoast SEO plugin v26.7 - https:\/\/yoast.com\/wordpress\/plugins\/seo\/ -->\n<title>Petit utst\u00e4llningskoppel 120 cm x cirka 3,3 - 4,0 mm med l\u00e4derstopp, tillverkad i Finland. - Jokke<\/title>\n<meta name=\"robots\" content=\"index, follow, max-snippet:-1, max-image-preview:large, max-video-preview:-1\" \/>\n<link rel=\"canonical\" href=\"https:\/\/jokke.com\/se\/produkt\/petit-utstallningskoppel-120-cm-x-cirka-33-40-mm-med-laderstopp-tillverkad-i-finland\/\" \/>\n<meta property=\"og:locale\" content=\"sv_SE\" \/>\n<meta property=\"og:type\" content=\"article\" \/>\n<meta property=\"og:title\" content=\"Petit utst\u00e4llningskoppel 120 cm x cirka 3,3 - 4,0 mm med l\u00e4derstopp, tillverkad i Finland. - Jokke\" \/>\n<meta property=\"og:description\" content=\"Gedigen mjuk koppel i finato italiensk skin. Ursprung av r\u00e5vaor : L\u00e4der Finland och Italien, sn\u00f6r Estland, hake Asien, tr\u00e5d Tyskland och italien.\" \/>\n<meta property=\"og:url\" content=\"https:\/\/jokke.com\/se\/produkt\/petit-utstallningskoppel-120-cm-x-cirka-33-40-mm-med-laderstopp-tillverkad-i-finland\/\" \/>\n<meta property=\"og:site_name\" content=\"Jokke\" \/>\n<meta property=\"article:modified_time\" content=\"2026-01-22T06:45:31+00:00\" \/>\n<meta property=\"og:image\" content=\"https:\/\/jokke.com\/se\/wp-content\/uploads\/2024\/04\/PETITNOUTAJA120CM.jpg\" \/>\n\t<meta property=\"og:image:width\" content=\"1080\" \/>\n\t<meta property=\"og:image:height\" content=\"573\" \/>\n\t<meta property=\"og:image:type\" content=\"image\/jpeg\" \/>\n<meta name=\"twitter:card\" content=\"summary_large_image\" \/>\n<script type=\"application\/ld+json\" class=\"yoast-schema-graph\">{\"@context\":\"https:\/\/schema.org\",\"@graph\":[{\"@type\":\"WebPage\",\"@id\":\"https:\/\/jokke.com\/se\/produkt\/petit-utstallningskoppel-120-cm-x-cirka-33-40-mm-med-laderstopp-tillverkad-i-finland\/\",\"url\":\"https:\/\/jokke.com\/se\/produkt\/petit-utstallningskoppel-120-cm-x-cirka-33-40-mm-med-laderstopp-tillverkad-i-finland\/\",\"name\":\"Petit utst\u00e4llningskoppel 120 cm x cirka 3,3 - 4,0 mm med l\u00e4derstopp, tillverkad i Finland. - Jokke\",\"isPartOf\":{\"@id\":\"https:\/\/jokke.com\/se\/#website\"},\"primaryImageOfPage\":{\"@id\":\"https:\/\/jokke.com\/se\/produkt\/petit-utstallningskoppel-120-cm-x-cirka-33-40-mm-med-laderstopp-tillverkad-i-finland\/#primaryimage\"},\"image\":{\"@id\":\"https:\/\/jokke.com\/se\/produkt\/petit-utstallningskoppel-120-cm-x-cirka-33-40-mm-med-laderstopp-tillverkad-i-finland\/#primaryimage\"},\"thumbnailUrl\":\"https:\/\/jokke.com\/se\/wp-content\/uploads\/2024\/04\/PETITNOUTAJA120CM.jpg\",\"datePublished\":\"2026-01-22T06:45:28+00:00\",\"dateModified\":\"2026-01-22T06:45:31+00:00\",\"breadcrumb\":{\"@id\":\"https:\/\/jokke.com\/se\/produkt\/petit-utstallningskoppel-120-cm-x-cirka-33-40-mm-med-laderstopp-tillverkad-i-finland\/#breadcrumb\"},\"inLanguage\":\"sv-SE\",\"potentialAction\":[{\"@type\":\"ReadAction\",\"target\":[\"https:\/\/jokke.com\/se\/produkt\/petit-utstallningskoppel-120-cm-x-cirka-33-40-mm-med-laderstopp-tillverkad-i-finland\/\"]}]},{\"@type\":\"ImageObject\",\"inLanguage\":\"sv-SE\",\"@id\":\"https:\/\/jokke.com\/se\/produkt\/petit-utstallningskoppel-120-cm-x-cirka-33-40-mm-med-laderstopp-tillverkad-i-finland\/#primaryimage\",\"url\":\"https:\/\/jokke.com\/se\/wp-content\/uploads\/2024\/04\/PETITNOUTAJA120CM.jpg\",\"contentUrl\":\"https:\/\/jokke.com\/se\/wp-content\/uploads\/2024\/04\/PETITNOUTAJA120CM.jpg\",\"width\":1080,\"height\":573},{\"@type\":\"BreadcrumbList\",\"@id\":\"https:\/\/jokke.com\/se\/produkt\/petit-utstallningskoppel-120-cm-x-cirka-33-40-mm-med-laderstopp-tillverkad-i-finland\/#breadcrumb\",\"itemListElement\":[{\"@type\":\"ListItem\",\"position\":1,\"name\":\"Home\",\"item\":\"https:\/\/jokke.com\/se\/\"},{\"@type\":\"ListItem\",\"position\":2,\"name\":\"Butik\",\"item\":\"https:\/\/jokke.com\/se\/butik\/\"},{\"@type\":\"ListItem\",\"position\":3,\"name\":\"Petit utst\u00e4llningskoppel 120 cm x cirka 3,3 &#8211; 4,0 mm med l\u00e4derstopp, tillverkad i Finland.\"}]},{\"@type\":\"WebSite\",\"@id\":\"https:\/\/jokke.com\/se\/#website\",\"url\":\"https:\/\/jokke.com\/se\/\",\"name\":\"Jokke\",\"description\":\"\",\"potentialAction\":[{\"@type\":\"SearchAction\",\"target\":{\"@type\":\"EntryPoint\",\"urlTemplate\":\"https:\/\/jokke.com\/se\/?s={search_term_string}\"},\"query-input\":{\"@type\":\"PropertyValueSpecification\",\"valueRequired\":true,\"valueName\":\"search_term_string\"}}],\"inLanguage\":\"sv-SE\"}]}<\/script>\n<!-- \/ Yoast SEO plugin. -->","yoast_head_json":{"title":"Petit utst\u00e4llningskoppel 120 cm x cirka 3,3 - 4,0 mm med l\u00e4derstopp, tillverkad i Finland. - Jokke","robots":{"index":"index","follow":"follow","max-snippet":"max-snippet:-1","max-image-preview":"max-image-preview:large","max-video-preview":"max-video-preview:-1"},"canonical":"https:\/\/jokke.com\/se\/produkt\/petit-utstallningskoppel-120-cm-x-cirka-33-40-mm-med-laderstopp-tillverkad-i-finland\/","og_locale":"sv_SE","og_type":"article","og_title":"Petit utst\u00e4llningskoppel 120 cm x cirka 3,3 - 4,0 mm med l\u00e4derstopp, tillverkad i Finland. - Jokke","og_description":"Gedigen mjuk koppel i finato italiensk skin. Ursprung av r\u00e5vaor : L\u00e4der Finland och Italien, sn\u00f6r Estland, hake Asien, tr\u00e5d Tyskland och italien.","og_url":"https:\/\/jokke.com\/se\/produkt\/petit-utstallningskoppel-120-cm-x-cirka-33-40-mm-med-laderstopp-tillverkad-i-finland\/","og_site_name":"Jokke","article_modified_time":"2026-01-22T06:45:31+00:00","og_image":[{"width":1080,"height":573,"url":"https:\/\/jokke.com\/se\/wp-content\/uploads\/2024\/04\/PETITNOUTAJA120CM.jpg","type":"image\/jpeg"}],"twitter_card":"summary_large_image","schema":{"@context":"https:\/\/schema.org","@graph":[{"@type":"WebPage","@id":"https:\/\/jokke.com\/se\/produkt\/petit-utstallningskoppel-120-cm-x-cirka-33-40-mm-med-laderstopp-tillverkad-i-finland\/","url":"https:\/\/jokke.com\/se\/produkt\/petit-utstallningskoppel-120-cm-x-cirka-33-40-mm-med-laderstopp-tillverkad-i-finland\/","name":"Petit utst\u00e4llningskoppel 120 cm x cirka 3,3 - 4,0 mm med l\u00e4derstopp, tillverkad i Finland. - Jokke","isPartOf":{"@id":"https:\/\/jokke.com\/se\/#website"},"primaryImageOfPage":{"@id":"https:\/\/jokke.com\/se\/produkt\/petit-utstallningskoppel-120-cm-x-cirka-33-40-mm-med-laderstopp-tillverkad-i-finland\/#primaryimage"},"image":{"@id":"https:\/\/jokke.com\/se\/produkt\/petit-utstallningskoppel-120-cm-x-cirka-33-40-mm-med-laderstopp-tillverkad-i-finland\/#primaryimage"},"thumbnailUrl":"https:\/\/jokke.com\/se\/wp-content\/uploads\/2024\/04\/PETITNOUTAJA120CM.jpg","datePublished":"2026-01-22T06:45:28+00:00","dateModified":"2026-01-22T06:45:31+00:00","breadcrumb":{"@id":"https:\/\/jokke.com\/se\/produkt\/petit-utstallningskoppel-120-cm-x-cirka-33-40-mm-med-laderstopp-tillverkad-i-finland\/#breadcrumb"},"inLanguage":"sv-SE","potentialAction":[{"@type":"ReadAction","target":["https:\/\/jokke.com\/se\/produkt\/petit-utstallningskoppel-120-cm-x-cirka-33-40-mm-med-laderstopp-tillverkad-i-finland\/"]}]},{"@type":"ImageObject","inLanguage":"sv-SE","@id":"https:\/\/jokke.com\/se\/produkt\/petit-utstallningskoppel-120-cm-x-cirka-33-40-mm-med-laderstopp-tillverkad-i-finland\/#primaryimage","url":"https:\/\/jokke.com\/se\/wp-content\/uploads\/2024\/04\/PETITNOUTAJA120CM.jpg","contentUrl":"https:\/\/jokke.com\/se\/wp-content\/uploads\/2024\/04\/PETITNOUTAJA120CM.jpg","width":1080,"height":573},{"@type":"BreadcrumbList","@id":"https:\/\/jokke.com\/se\/produkt\/petit-utstallningskoppel-120-cm-x-cirka-33-40-mm-med-laderstopp-tillverkad-i-finland\/#breadcrumb","itemListElement":[{"@type":"ListItem","position":1,"name":"Home","item":"https:\/\/jokke.com\/se\/"},{"@type":"ListItem","position":2,"name":"Butik","item":"https:\/\/jokke.com\/se\/butik\/"},{"@type":"ListItem","position":3,"name":"Petit utst\u00e4llningskoppel 120 cm x cirka 3,3 &#8211; 4,0 mm med l\u00e4derstopp, tillverkad i Finland."}]},{"@type":"WebSite","@id":"https:\/\/jokke.com\/se\/#website","url":"https:\/\/jokke.com\/se\/","name":"Jokke","description":"","potentialAction":[{"@type":"SearchAction","target":{"@type":"EntryPoint","urlTemplate":"https:\/\/jokke.com\/se\/?s={search_term_string}"},"query-input":{"@type":"PropertyValueSpecification","valueRequired":true,"valueName":"search_term_string"}}],"inLanguage":"sv-SE"}]}},"_links":{"self":[{"href":"https:\/\/jokke.com\/se\/wp-json\/wp\/v2\/product\/54441","targetHints":{"allow":["GET"]}}],"collection":[{"href":"https:\/\/jokke.com\/se\/wp-json\/wp\/v2\/product"}],"about":[{"href":"https:\/\/jokke.com\/se\/wp-json\/wp\/v2\/types\/product"}],"replies":[{"embeddable":true,"href":"https:\/\/jokke.com\/se\/wp-json\/wp\/v2\/comments?post=54441"}],"wp:featuredmedia":[{"embeddable":true,"href":"https:\/\/jokke.com\/se\/wp-json\/wp\/v2\/media\/54638"}],"wp:attachment":[{"href":"https:\/\/jokke.com\/se\/wp-json\/wp\/v2\/media?parent=54441"}],"wp:term":[{"taxonomy":"product_brand","embeddable":true,"href":"https:\/\/jokke.com\/se\/wp-json\/wp\/v2\/product_brand?post=54441"},{"taxonomy":"product_cat","embeddable":true,"href":"https:\/\/jokke.com\/se\/wp-json\/wp\/v2\/product_cat?post=54441"},{"taxonomy":"product_tag","embeddable":true,"href":"https:\/\/jokke.com\/se\/wp-json\/wp\/v2\/product_tag?post=54441"}],"curies":[{"name":"wp","href":"https:\/\/api.w.org\/{rel}","templated":true}]}}