{"id":54413,"date":"2026-01-22T06:42:21","date_gmt":"2026-01-22T06:42:21","guid":{"rendered":"https:\/\/jokke.com\/se\/produkt\/petit-halvstryp-halsband-tjocklek-cirka-45-mm-2\/"},"modified":"2026-01-22T06:42:32","modified_gmt":"2026-01-22T06:42:32","slug":"petit-halvstryp-halsband-diameter-rund-del-circa-33-40-mm-tillverkad-i-finland","status":"publish","type":"product","link":"https:\/\/jokke.com\/se\/produkt\/petit-halvstryp-halsband-diameter-rund-del-circa-33-40-mm-tillverkad-i-finland\/","title":{"rendered":"Petit -halvstryp halsband, diameter (rund del) circa 3,3 &#8211; 4,0 mm,  tillverkad i Finland."},"content":{"rendered":"","protected":false},"excerpt":{"rendered":"<p>Petit &#8211; halsband i mjuk italiensk skin, diameter (rund del) circa 3,3 &#8211; 4,0 mm, tllverkad i Finland. Ursprung r\u00e5varor : l\u00e4der Italien och Finland, metallvaror  Asien, tr\u00e5d Tyskland och Italien, sn\u00f6r Estland.<\/p>\n","protected":false},"featured_media":54590,"comment_status":"closed","ping_status":"open","template":"","meta":{"_acf_changed":false},"product_brand":[],"product_cat":[17],"product_tag":[],"class_list":{"0":"post-54413","1":"product","2":"type-product","3":"status-publish","4":"has-post-thumbnail","6":"product_cat-halsband","7":"pa_farg-brun","8":"pa_farg-cerise","9":"pa_farg-rod","10":"pa_farg-svart","11":"pa_farg-gra","12":"pa_farg-gron","13":"pa_farg-vit","14":"pa_langd-19-27","15":"pa_langd-25-33","16":"pa_langd-30-38","18":"first","19":"instock","20":"taxable","21":"shipping-taxable","22":"purchasable","23":"product-type-variable"},"acf":[],"yoast_head":"<!-- This site is optimized with the Yoast SEO plugin v26.7 - https:\/\/yoast.com\/wordpress\/plugins\/seo\/ -->\n<title>Petit -halvstryp halsband, diameter (rund del) circa 3,3 - 4,0 mm, tillverkad i Finland. - Jokke<\/title>\n<meta name=\"robots\" content=\"index, follow, max-snippet:-1, max-image-preview:large, max-video-preview:-1\" \/>\n<link rel=\"canonical\" href=\"https:\/\/jokke.com\/se\/produkt\/petit-halvstryp-halsband-diameter-rund-del-circa-33-40-mm-tillverkad-i-finland\/\" \/>\n<meta property=\"og:locale\" content=\"sv_SE\" \/>\n<meta property=\"og:type\" content=\"article\" \/>\n<meta property=\"og:title\" content=\"Petit -halvstryp halsband, diameter (rund del) circa 3,3 - 4,0 mm, tillverkad i Finland. - Jokke\" \/>\n<meta property=\"og:description\" content=\"Petit - halsband i mjuk italiensk skin, diameter (rund del) circa 3,3 - 4,0 mm, tllverkad i Finland. Ursprung r\u00e5varor : l\u00e4der Italien och Finland, metallvaror Asien, tr\u00e5d Tyskland och Italien, sn\u00f6r Estland.\" \/>\n<meta property=\"og:url\" content=\"https:\/\/jokke.com\/se\/produkt\/petit-halvstryp-halsband-diameter-rund-del-circa-33-40-mm-tillverkad-i-finland\/\" \/>\n<meta property=\"og:site_name\" content=\"Jokke\" \/>\n<meta property=\"article:modified_time\" content=\"2026-01-22T06:42:32+00:00\" \/>\n<meta property=\"og:image\" content=\"https:\/\/jokke.com\/se\/wp-content\/uploads\/2024\/04\/PETITPK.jpg\" \/>\n\t<meta property=\"og:image:width\" content=\"2560\" \/>\n\t<meta property=\"og:image:height\" content=\"1603\" \/>\n\t<meta property=\"og:image:type\" content=\"image\/jpeg\" \/>\n<meta name=\"twitter:card\" content=\"summary_large_image\" \/>\n<script type=\"application\/ld+json\" class=\"yoast-schema-graph\">{\"@context\":\"https:\/\/schema.org\",\"@graph\":[{\"@type\":\"WebPage\",\"@id\":\"https:\/\/jokke.com\/se\/produkt\/petit-halvstryp-halsband-diameter-rund-del-circa-33-40-mm-tillverkad-i-finland\/\",\"url\":\"https:\/\/jokke.com\/se\/produkt\/petit-halvstryp-halsband-diameter-rund-del-circa-33-40-mm-tillverkad-i-finland\/\",\"name\":\"Petit -halvstryp halsband, diameter (rund del) circa 3,3 - 4,0 mm, tillverkad i Finland. - Jokke\",\"isPartOf\":{\"@id\":\"https:\/\/jokke.com\/se\/#website\"},\"primaryImageOfPage\":{\"@id\":\"https:\/\/jokke.com\/se\/produkt\/petit-halvstryp-halsband-diameter-rund-del-circa-33-40-mm-tillverkad-i-finland\/#primaryimage\"},\"image\":{\"@id\":\"https:\/\/jokke.com\/se\/produkt\/petit-halvstryp-halsband-diameter-rund-del-circa-33-40-mm-tillverkad-i-finland\/#primaryimage\"},\"thumbnailUrl\":\"https:\/\/jokke.com\/se\/wp-content\/uploads\/2024\/04\/PETITPK.jpg\",\"datePublished\":\"2026-01-22T06:42:21+00:00\",\"dateModified\":\"2026-01-22T06:42:32+00:00\",\"breadcrumb\":{\"@id\":\"https:\/\/jokke.com\/se\/produkt\/petit-halvstryp-halsband-diameter-rund-del-circa-33-40-mm-tillverkad-i-finland\/#breadcrumb\"},\"inLanguage\":\"sv-SE\",\"potentialAction\":[{\"@type\":\"ReadAction\",\"target\":[\"https:\/\/jokke.com\/se\/produkt\/petit-halvstryp-halsband-diameter-rund-del-circa-33-40-mm-tillverkad-i-finland\/\"]}]},{\"@type\":\"ImageObject\",\"inLanguage\":\"sv-SE\",\"@id\":\"https:\/\/jokke.com\/se\/produkt\/petit-halvstryp-halsband-diameter-rund-del-circa-33-40-mm-tillverkad-i-finland\/#primaryimage\",\"url\":\"https:\/\/jokke.com\/se\/wp-content\/uploads\/2024\/04\/PETITPK.jpg\",\"contentUrl\":\"https:\/\/jokke.com\/se\/wp-content\/uploads\/2024\/04\/PETITPK.jpg\",\"width\":2560,\"height\":1603},{\"@type\":\"BreadcrumbList\",\"@id\":\"https:\/\/jokke.com\/se\/produkt\/petit-halvstryp-halsband-diameter-rund-del-circa-33-40-mm-tillverkad-i-finland\/#breadcrumb\",\"itemListElement\":[{\"@type\":\"ListItem\",\"position\":1,\"name\":\"Home\",\"item\":\"https:\/\/jokke.com\/se\/\"},{\"@type\":\"ListItem\",\"position\":2,\"name\":\"Butik\",\"item\":\"https:\/\/jokke.com\/se\/butik\/\"},{\"@type\":\"ListItem\",\"position\":3,\"name\":\"Petit -halvstryp halsband, diameter (rund del) circa 3,3 &#8211; 4,0 mm, tillverkad i Finland.\"}]},{\"@type\":\"WebSite\",\"@id\":\"https:\/\/jokke.com\/se\/#website\",\"url\":\"https:\/\/jokke.com\/se\/\",\"name\":\"Jokke\",\"description\":\"\",\"potentialAction\":[{\"@type\":\"SearchAction\",\"target\":{\"@type\":\"EntryPoint\",\"urlTemplate\":\"https:\/\/jokke.com\/se\/?s={search_term_string}\"},\"query-input\":{\"@type\":\"PropertyValueSpecification\",\"valueRequired\":true,\"valueName\":\"search_term_string\"}}],\"inLanguage\":\"sv-SE\"}]}<\/script>\n<!-- \/ Yoast SEO plugin. -->","yoast_head_json":{"title":"Petit -halvstryp halsband, diameter (rund del) circa 3,3 - 4,0 mm, tillverkad i Finland. - Jokke","robots":{"index":"index","follow":"follow","max-snippet":"max-snippet:-1","max-image-preview":"max-image-preview:large","max-video-preview":"max-video-preview:-1"},"canonical":"https:\/\/jokke.com\/se\/produkt\/petit-halvstryp-halsband-diameter-rund-del-circa-33-40-mm-tillverkad-i-finland\/","og_locale":"sv_SE","og_type":"article","og_title":"Petit -halvstryp halsband, diameter (rund del) circa 3,3 - 4,0 mm, tillverkad i Finland. - Jokke","og_description":"Petit - halsband i mjuk italiensk skin, diameter (rund del) circa 3,3 - 4,0 mm, tllverkad i Finland. Ursprung r\u00e5varor : l\u00e4der Italien och Finland, metallvaror Asien, tr\u00e5d Tyskland och Italien, sn\u00f6r Estland.","og_url":"https:\/\/jokke.com\/se\/produkt\/petit-halvstryp-halsband-diameter-rund-del-circa-33-40-mm-tillverkad-i-finland\/","og_site_name":"Jokke","article_modified_time":"2026-01-22T06:42:32+00:00","og_image":[{"width":2560,"height":1603,"url":"https:\/\/jokke.com\/se\/wp-content\/uploads\/2024\/04\/PETITPK.jpg","type":"image\/jpeg"}],"twitter_card":"summary_large_image","schema":{"@context":"https:\/\/schema.org","@graph":[{"@type":"WebPage","@id":"https:\/\/jokke.com\/se\/produkt\/petit-halvstryp-halsband-diameter-rund-del-circa-33-40-mm-tillverkad-i-finland\/","url":"https:\/\/jokke.com\/se\/produkt\/petit-halvstryp-halsband-diameter-rund-del-circa-33-40-mm-tillverkad-i-finland\/","name":"Petit -halvstryp halsband, diameter (rund del) circa 3,3 - 4,0 mm, tillverkad i Finland. - Jokke","isPartOf":{"@id":"https:\/\/jokke.com\/se\/#website"},"primaryImageOfPage":{"@id":"https:\/\/jokke.com\/se\/produkt\/petit-halvstryp-halsband-diameter-rund-del-circa-33-40-mm-tillverkad-i-finland\/#primaryimage"},"image":{"@id":"https:\/\/jokke.com\/se\/produkt\/petit-halvstryp-halsband-diameter-rund-del-circa-33-40-mm-tillverkad-i-finland\/#primaryimage"},"thumbnailUrl":"https:\/\/jokke.com\/se\/wp-content\/uploads\/2024\/04\/PETITPK.jpg","datePublished":"2026-01-22T06:42:21+00:00","dateModified":"2026-01-22T06:42:32+00:00","breadcrumb":{"@id":"https:\/\/jokke.com\/se\/produkt\/petit-halvstryp-halsband-diameter-rund-del-circa-33-40-mm-tillverkad-i-finland\/#breadcrumb"},"inLanguage":"sv-SE","potentialAction":[{"@type":"ReadAction","target":["https:\/\/jokke.com\/se\/produkt\/petit-halvstryp-halsband-diameter-rund-del-circa-33-40-mm-tillverkad-i-finland\/"]}]},{"@type":"ImageObject","inLanguage":"sv-SE","@id":"https:\/\/jokke.com\/se\/produkt\/petit-halvstryp-halsband-diameter-rund-del-circa-33-40-mm-tillverkad-i-finland\/#primaryimage","url":"https:\/\/jokke.com\/se\/wp-content\/uploads\/2024\/04\/PETITPK.jpg","contentUrl":"https:\/\/jokke.com\/se\/wp-content\/uploads\/2024\/04\/PETITPK.jpg","width":2560,"height":1603},{"@type":"BreadcrumbList","@id":"https:\/\/jokke.com\/se\/produkt\/petit-halvstryp-halsband-diameter-rund-del-circa-33-40-mm-tillverkad-i-finland\/#breadcrumb","itemListElement":[{"@type":"ListItem","position":1,"name":"Home","item":"https:\/\/jokke.com\/se\/"},{"@type":"ListItem","position":2,"name":"Butik","item":"https:\/\/jokke.com\/se\/butik\/"},{"@type":"ListItem","position":3,"name":"Petit -halvstryp halsband, diameter (rund del) circa 3,3 &#8211; 4,0 mm, tillverkad i Finland."}]},{"@type":"WebSite","@id":"https:\/\/jokke.com\/se\/#website","url":"https:\/\/jokke.com\/se\/","name":"Jokke","description":"","potentialAction":[{"@type":"SearchAction","target":{"@type":"EntryPoint","urlTemplate":"https:\/\/jokke.com\/se\/?s={search_term_string}"},"query-input":{"@type":"PropertyValueSpecification","valueRequired":true,"valueName":"search_term_string"}}],"inLanguage":"sv-SE"}]}},"_links":{"self":[{"href":"https:\/\/jokke.com\/se\/wp-json\/wp\/v2\/product\/54413","targetHints":{"allow":["GET"]}}],"collection":[{"href":"https:\/\/jokke.com\/se\/wp-json\/wp\/v2\/product"}],"about":[{"href":"https:\/\/jokke.com\/se\/wp-json\/wp\/v2\/types\/product"}],"replies":[{"embeddable":true,"href":"https:\/\/jokke.com\/se\/wp-json\/wp\/v2\/comments?post=54413"}],"wp:featuredmedia":[{"embeddable":true,"href":"https:\/\/jokke.com\/se\/wp-json\/wp\/v2\/media\/54590"}],"wp:attachment":[{"href":"https:\/\/jokke.com\/se\/wp-json\/wp\/v2\/media?parent=54413"}],"wp:term":[{"taxonomy":"product_brand","embeddable":true,"href":"https:\/\/jokke.com\/se\/wp-json\/wp\/v2\/product_brand?post=54413"},{"taxonomy":"product_cat","embeddable":true,"href":"https:\/\/jokke.com\/se\/wp-json\/wp\/v2\/product_cat?post=54413"},{"taxonomy":"product_tag","embeddable":true,"href":"https:\/\/jokke.com\/se\/wp-json\/wp\/v2\/product_tag?post=54413"}],"curies":[{"name":"wp","href":"https:\/\/api.w.org\/{rel}","templated":true}]}}