{"id":6,"date":"2018-06-01T10:01:11","date_gmt":"2018-06-01T10:01:11","guid":{"rendered":"http:\/\/jokke.com\/se\/?page_id=6"},"modified":"2022-07-18T04:59:25","modified_gmt":"2022-07-18T04:59:25","slug":"kopvillkor","status":"publish","type":"page","link":"https:\/\/jokke.com\/se\/kopvillkor\/","title":{"rendered":"K\u00f6pvillkor"},"content":{"rendered":"<h2>Priser<\/h2>\n<p>Alla priser \u00e4r inklusive moms i svenska kronor (SEK). \u00a0Betalningen sker dock I Euro med dagens valutakurs. Priserna inneh\u00e5ller inte fraktavgifter eller betalningsavgifter, dessa tillkommer i kassan.<\/p>\n<p>Min ordersumma exkl.frakt \u00e4r 250:-<\/p>\n<p>Vi reserverar oss f\u00f6r eventuellt tryckfel.<\/p>\n<h2>Avtal om k\u00f6p<\/h2>\n<p>Jokke.com ing\u00e5r endast i avtal med myndiga personer ( \u00f6ver 18 \u00e5r, eller som har m\u00e5lsmans medgivande )<\/p>\n<p>Genom att klicka p\u00e5 slutf\u00f6r k\u00f6p godk\u00e4nner Du v\u00e5ra k\u00f6pvilkor<\/p>\n<p>N\u00e4r en order \u00e4r gjord genereras det automatiskt en orderbekr\u00e4ftelse till den angivna mailadressen.<\/p>\n<p>Jokke.com f\u00f6rbeh\u00e5ller sig r\u00e4tten att r\u00e4tta till eventuella felaktigheter i pris pga. skrivfel etc.<\/p>\n<p>Jokke.com f\u00f6rbeh\u00e5ller sig r\u00e4tten att g\u00f6ra \u00e4ndringar i villkor Dessa \u00a0\u00e4ndringar kommer att synas under k\u00f6pvillkor och b\u00f6rjar g\u00e4lla n\u00e4r Du har accepterat v\u00e5ra k\u00f6pvillkor genom att l\u00e4gga en ny order.<\/p>\n<h2>Betalning<\/h2>\n<p>Vi erbjuder tv\u00e5 betals\u00e4tt: Kortbetalning och Bank\u00f6verf\u00f6ring<br \/>\n<strong>Betalningsf\u00f6rmedlare<\/strong><\/p>\n<p>Betalningsf\u00f6rmedlingstj\u00e4nsten utf\u00f6rs och som leverant\u00f6r st\u00e5r Paytrail Oyj(2122839-7) i samarbete med banker och kreditinstitut. Betalningar med Visa Electron eller MasterCard-kort syns Paytrail Oyj som mottagare i kortr\u00e4kningen och \u00e4ven f\u00f6rmedlar betalningen till k\u00f6pmannen. Paytrail Oyj har verksamhetstillst\u00e5nd f\u00f6r betalningsinstitut beviljat av Finansinspektionen. Vid klagom\u00e5l ber vi er i f\u00f6rsta hand vara i kontakt med n\u00e4tbutiken.<\/p>\n<p>Paytrail Oyj<br \/>\nFO-nummer: 2122839-7<br \/>\nInnova 2<br \/>\nLutakonaukio 7 40100 Jyv\u00e4skyl\u00e4<br \/>\n<a href=\"https:\/\/www.paytrail.com\">www.paytrail.com<\/a><\/p>\n<h2>Frakt<\/h2>\n<p>Du ser alltid den totala fraktkostnaden i kassan n\u00e4r du l\u00e4gger din best\u00e4llning.<\/p>\n<p>Vi anv\u00e4nder oss Parcel Connect\u00a0 som \u00e4r en samarbetsservice med\u00a0Posten Finland, DHL och Bring. Leverans kan sp\u00e5ras vid Posti-sp\u00e5rningstj\u00e4nsten.\u00a0Paketet levereras till din lokala butik<\/p>\n<p>Det finns cirka 1300 aff\u00e4rer och servicepunkter i Sverige som fungerar som pick-up-plats. Du kommer att f\u00e5 en sp\u00e5rningsnummer via e-post n\u00e4r paketet skickas. Du kommer ocks\u00e5 att bli informerad via SMS n\u00e4r paketet v\u00e4ntar p\u00e5 dig p\u00e5 din lokala h\u00e4mtningsplats.<\/p>\n<h3>Postbox<\/h3>\n<p>Vi kan tyv\u00e4rr inte skicka paket till postboxadresser<\/p>\n<h3>Sp\u00e5ra paket<\/h3>\n<p>N\u00e4r din best\u00e4llning har skickats f\u00e5r du en leveransbekr\u00e4ftelse med sp\u00e5rningslink till din e-postadress.<\/p>\n<h3>Outl\u00f6st paket<\/h3>\n<p>F\u00f6r outl\u00f6sta paket f\u00f6rbeh\u00e5ller vi oss r\u00e4tten att debitera kostnaderna f\u00f6r returfrakten, expeditions och hanteringsavgift, totalt 200 kronor.<\/p>\n<h2>Byten<\/h2>\n<p>P\u00e5 Jokke.com administrerar vi inte byten, men Du har 14 dagars returr\u00e4tt. F\u00f6r att byta ut Din vara mot en annan, returnerar du enligt v\u00e5ra returvillkor och best\u00e4ller sedan den vara du vill ha ist\u00e4llet.<\/p>\n<p>Du st\u00e5r f\u00f6r returfrakten och vi accepterar inte returer via postf\u00f6rskott<\/p>\n<p>Alla varor som skickas tillbaka till oss skall vara i ursprungsskick samt ha kvar alla etiketter och originalf\u00f6rpackning.<\/p>\n<h2>\u00c5terk\u00f6p<\/h2>\n<p>Du har r\u00e4tt att \u00e5ngra ditt k\u00f6p 14 dagar fr\u00e5n det att du mottagit varan.<br \/>\nUtnyttjande av \u00e5ngerr\u00e4tten f\u00f6ruts\u00e4tter att varan \u00e4r i of\u00f6r\u00e4ndrat skick vid retur.<br \/>\n\u00c5terbetalning sker inom tv\u00e5 veckor efter att vi har mottagit Din retur.<\/p>\n<p>Paketera in varan ordentligt s\u00e5 att den inte kan skadas under transporten.<\/p>\n<p>Om varan har f\u00f6r\u00e4ndrats fr\u00e5n ursprungsskick kan vi komma att g\u00f6ra ett prisavdrag som motsvarar varans v\u00e4rdeminskning.<\/p>\n<h2>Reklamationer<\/h2>\n<p>Samtliga Jokke-varor omfattas av lagstadgad reklamationsr\u00e4tt p\u00e5 3 \u00e5r. Det \u00e4r endast ursprungliga fel som omfattas av reklamationsr\u00e4tten och inte fel orsakade av normalt slitage. Reklamation av varor ska g\u00f6ras inom sk\u00e4lig tid, dock inom 2 m\u00e5nader efter att du uppt\u00e4ckt felet p\u00e5 varan. Vid reklamation ers\u00e4tter vi dig f\u00f6r fraktkostnaden. Vid en uppkommen tvist f\u00f6ljer Jokke Pet Oy Allm\u00e4nna reklamationsn\u00e4mndens rekommendationer.<br \/>\nN\u00e4r du uppt\u00e4cker att det finns ett fel p\u00e5 varan och vill g\u00f6ra en reklamation kontaktar du oss snarast m\u00f6jligt per e-post p\u00e5 sales@jokke.com<\/p>\n<p>Kvittot p\u00e5 betald vara g\u00e4ller som garantisedel. Spara d\u00e4rf\u00f6r alltid kvittot under garantitiden!<\/p>\n<p>Vi l\u00e4mnar ingen garanti p\u00e5 leksaker.<\/p>\n<p>Dolda fel skall anm\u00e4las till oss inom 3 arbetsdagar fr\u00e5n det att du mottagit varan.<br \/>\nEfter det att vi mottagit reklamationen kommer vi att kontakta dig.<\/p>\n<p>Fabrikationsfel skall konstateras av Jokke., varp\u00e5 du erh\u00e5ller fri reparation alternativt ny produkt eller pengarna tillbaka. Reklamationen g\u00e4ller inte d\u00e5 vi inte kan hitta n\u00e5got fel p\u00e5 produkten eller d\u00e5 kunden har orsakat skadan sj\u00e4lv s\u00e5 som normalt slitage och handhavandefel.<\/p>\n<h3>Kampanjvaror<\/h3>\n<p>Priser p\u00e5 rea- och kampanjvaror g\u00e4ller till varan har tagit slut.<\/p>\n<h2>S\u00e4kerhet<\/h2>\n<p>Vi kommer under inga omst\u00e4ndigheter att l\u00e4mna ut n\u00e5gra personuppgifter utan medgivande fr\u00e5n personen ifr\u00e5ga.<br \/>\nDetsamma g\u00e4ller \u00e4ven f\u00f6r e-postadresser.<\/p>\n","protected":false},"excerpt":{"rendered":"<p>Priser Alla priser \u00e4r inklusive moms i svenska kronor (SEK). \u00a0Betalningen sker dock I Euro med dagens valutakurs. Priserna inneh\u00e5ller inte fraktavgifter eller betalningsavgifter, dessa tillkommer i kassan. Min ordersumma exkl.frakt \u00e4r 250:- Vi reserverar oss f\u00f6r eventuellt tryckfel. Avtal om k\u00f6p Jokke.com ing\u00e5r endast i avtal med myndiga personer ( \u00f6ver 18 \u00e5r, eller [&hellip;]<\/p>\n","protected":false},"author":1,"featured_media":0,"parent":0,"menu_order":0,"comment_status":"closed","ping_status":"closed","template":"","meta":{"_acf_changed":false,"footnotes":""},"class_list":["post-6","page","type-page","status-publish","hentry"],"acf":[],"yoast_head":"<!-- This site is optimized with the Yoast SEO plugin v26.7 - https:\/\/yoast.com\/wordpress\/plugins\/seo\/ -->\n<title>K\u00f6pvillkor - Jokke<\/title>\n<meta name=\"robots\" content=\"index, follow, max-snippet:-1, max-image-preview:large, max-video-preview:-1\" \/>\n<link rel=\"canonical\" href=\"https:\/\/jokke.com\/se\/kopvillkor\/\" \/>\n<meta property=\"og:locale\" content=\"sv_SE\" \/>\n<meta property=\"og:type\" content=\"article\" \/>\n<meta property=\"og:title\" content=\"K\u00f6pvillkor - Jokke\" \/>\n<meta property=\"og:description\" content=\"Priser Alla priser \u00e4r inklusive moms i svenska kronor (SEK). \u00a0Betalningen sker dock I Euro med dagens valutakurs. Priserna inneh\u00e5ller inte fraktavgifter eller betalningsavgifter, dessa tillkommer i kassan. Min ordersumma exkl.frakt \u00e4r 250:- Vi reserverar oss f\u00f6r eventuellt tryckfel. Avtal om k\u00f6p Jokke.com ing\u00e5r endast i avtal med myndiga personer ( \u00f6ver 18 \u00e5r, eller [&hellip;]\" \/>\n<meta property=\"og:url\" content=\"https:\/\/jokke.com\/se\/kopvillkor\/\" \/>\n<meta property=\"og:site_name\" content=\"Jokke\" \/>\n<meta property=\"article:modified_time\" content=\"2022-07-18T04:59:25+00:00\" \/>\n<meta name=\"twitter:card\" content=\"summary_large_image\" \/>\n<meta name=\"twitter:label1\" content=\"Ber\u00e4knad l\u00e4stid\" \/>\n\t<meta name=\"twitter:data1\" content=\"4 minuter\" \/>\n<script type=\"application\/ld+json\" class=\"yoast-schema-graph\">{\"@context\":\"https:\/\/schema.org\",\"@graph\":[{\"@type\":\"WebPage\",\"@id\":\"https:\/\/jokke.com\/se\/kopvillkor\/\",\"url\":\"https:\/\/jokke.com\/se\/kopvillkor\/\",\"name\":\"K\u00f6pvillkor - Jokke\",\"isPartOf\":{\"@id\":\"https:\/\/jokke.com\/se\/#website\"},\"datePublished\":\"2018-06-01T10:01:11+00:00\",\"dateModified\":\"2022-07-18T04:59:25+00:00\",\"breadcrumb\":{\"@id\":\"https:\/\/jokke.com\/se\/kopvillkor\/#breadcrumb\"},\"inLanguage\":\"sv-SE\",\"potentialAction\":[{\"@type\":\"ReadAction\",\"target\":[\"https:\/\/jokke.com\/se\/kopvillkor\/\"]}]},{\"@type\":\"BreadcrumbList\",\"@id\":\"https:\/\/jokke.com\/se\/kopvillkor\/#breadcrumb\",\"itemListElement\":[{\"@type\":\"ListItem\",\"position\":1,\"name\":\"Home\",\"item\":\"https:\/\/jokke.com\/se\/\"},{\"@type\":\"ListItem\",\"position\":2,\"name\":\"K\u00f6pvillkor\"}]},{\"@type\":\"WebSite\",\"@id\":\"https:\/\/jokke.com\/se\/#website\",\"url\":\"https:\/\/jokke.com\/se\/\",\"name\":\"Jokke\",\"description\":\"\",\"potentialAction\":[{\"@type\":\"SearchAction\",\"target\":{\"@type\":\"EntryPoint\",\"urlTemplate\":\"https:\/\/jokke.com\/se\/?s={search_term_string}\"},\"query-input\":{\"@type\":\"PropertyValueSpecification\",\"valueRequired\":true,\"valueName\":\"search_term_string\"}}],\"inLanguage\":\"sv-SE\"}]}<\/script>\n<!-- \/ Yoast SEO plugin. -->","yoast_head_json":{"title":"K\u00f6pvillkor - Jokke","robots":{"index":"index","follow":"follow","max-snippet":"max-snippet:-1","max-image-preview":"max-image-preview:large","max-video-preview":"max-video-preview:-1"},"canonical":"https:\/\/jokke.com\/se\/kopvillkor\/","og_locale":"sv_SE","og_type":"article","og_title":"K\u00f6pvillkor - Jokke","og_description":"Priser Alla priser \u00e4r inklusive moms i svenska kronor (SEK). \u00a0Betalningen sker dock I Euro med dagens valutakurs. Priserna inneh\u00e5ller inte fraktavgifter eller betalningsavgifter, dessa tillkommer i kassan. Min ordersumma exkl.frakt \u00e4r 250:- Vi reserverar oss f\u00f6r eventuellt tryckfel. Avtal om k\u00f6p Jokke.com ing\u00e5r endast i avtal med myndiga personer ( \u00f6ver 18 \u00e5r, eller [&hellip;]","og_url":"https:\/\/jokke.com\/se\/kopvillkor\/","og_site_name":"Jokke","article_modified_time":"2022-07-18T04:59:25+00:00","twitter_card":"summary_large_image","twitter_misc":{"Ber\u00e4knad l\u00e4stid":"4 minuter"},"schema":{"@context":"https:\/\/schema.org","@graph":[{"@type":"WebPage","@id":"https:\/\/jokke.com\/se\/kopvillkor\/","url":"https:\/\/jokke.com\/se\/kopvillkor\/","name":"K\u00f6pvillkor - Jokke","isPartOf":{"@id":"https:\/\/jokke.com\/se\/#website"},"datePublished":"2018-06-01T10:01:11+00:00","dateModified":"2022-07-18T04:59:25+00:00","breadcrumb":{"@id":"https:\/\/jokke.com\/se\/kopvillkor\/#breadcrumb"},"inLanguage":"sv-SE","potentialAction":[{"@type":"ReadAction","target":["https:\/\/jokke.com\/se\/kopvillkor\/"]}]},{"@type":"BreadcrumbList","@id":"https:\/\/jokke.com\/se\/kopvillkor\/#breadcrumb","itemListElement":[{"@type":"ListItem","position":1,"name":"Home","item":"https:\/\/jokke.com\/se\/"},{"@type":"ListItem","position":2,"name":"K\u00f6pvillkor"}]},{"@type":"WebSite","@id":"https:\/\/jokke.com\/se\/#website","url":"https:\/\/jokke.com\/se\/","name":"Jokke","description":"","potentialAction":[{"@type":"SearchAction","target":{"@type":"EntryPoint","urlTemplate":"https:\/\/jokke.com\/se\/?s={search_term_string}"},"query-input":{"@type":"PropertyValueSpecification","valueRequired":true,"valueName":"search_term_string"}}],"inLanguage":"sv-SE"}]}},"_links":{"self":[{"href":"https:\/\/jokke.com\/se\/wp-json\/wp\/v2\/pages\/6","targetHints":{"allow":["GET"]}}],"collection":[{"href":"https:\/\/jokke.com\/se\/wp-json\/wp\/v2\/pages"}],"about":[{"href":"https:\/\/jokke.com\/se\/wp-json\/wp\/v2\/types\/page"}],"author":[{"embeddable":true,"href":"https:\/\/jokke.com\/se\/wp-json\/wp\/v2\/users\/1"}],"replies":[{"embeddable":true,"href":"https:\/\/jokke.com\/se\/wp-json\/wp\/v2\/comments?post=6"}],"version-history":[{"count":3,"href":"https:\/\/jokke.com\/se\/wp-json\/wp\/v2\/pages\/6\/revisions"}],"predecessor-version":[{"id":50526,"href":"https:\/\/jokke.com\/se\/wp-json\/wp\/v2\/pages\/6\/revisions\/50526"}],"wp:attachment":[{"href":"https:\/\/jokke.com\/se\/wp-json\/wp\/v2\/media?parent=6"}],"curies":[{"name":"wp","href":"https:\/\/api.w.org\/{rel}","templated":true}]}}