{"id":4015,"date":"2018-08-06T11:56:00","date_gmt":"2018-08-06T11:56:00","guid":{"rendered":"http:\/\/jokke.com\/se\/?page_id=4015"},"modified":"2018-08-06T11:56:00","modified_gmt":"2018-08-06T11:56:00","slug":"lader-av-jokke-produkter","status":"publish","type":"page","link":"https:\/\/jokke.com\/se\/lader-av-jokke-produkter\/","title":{"rendered":"L\u00e4der av Jokke-produkter"},"content":{"rendered":"<p>Olika typer av l\u00e4der f\u00f6r olika typer av hundprodukter.<\/p>\n<p>Viking,Tor,Ylva och Queen koppel tillverkas av + 4 mm tjock fettl\u00e4der, som har tillverkats enligt v\u00e5rt eget recept,som garanterar att l\u00e4dret \u00e4r starkt men \u00e4ndo mjukt i handen.<br \/>\nDet finns mycket koppel tillverkat av l\u00e4der f\u00f6r h\u00e4stprodukter.Detta l\u00e4dret \u00e4r betydligt h\u00e5rdare i handen \u00e4n l\u00e4der utvecklat enbart f\u00f6r hundkoppel.<\/p>\n<p>Lammskinn \u00e4r tunn och hudarna v\u00e4ldigt sm\u00e5 men samtidigt \u00e4r lammskinn v\u00e4ldigt mjukt, och d\u00e4rf\u00f6r \u00e4r den ideal f\u00f6r att anv\u00e4ndas<br \/>\nsom fodermaterial i halsband f\u00f6r sm\u00e5 hundar.<\/p>\n<p>Vi anv\u00e4nder oss bara l\u00e4der tillverkat inom EU, d\u00e4r milj\u00f6kraverna f\u00f6r l\u00e4dertillverkning \u00e4r h\u00e5rdast i hela v\u00e4rlden.<\/p>\n<p>Med hj\u00e4lp av en spaltmaskin kan vi garantera att l\u00e4dret i r\u00e4tt tunnhet anv\u00e4nds i hela sortimentet.<\/p>\n","protected":false},"excerpt":{"rendered":"<p>Olika typer av l\u00e4der f\u00f6r olika typer av hundprodukter. Viking,Tor,Ylva och Queen koppel tillverkas av + 4 mm tjock fettl\u00e4der, som har tillverkats enligt v\u00e5rt eget recept,som garanterar att l\u00e4dret \u00e4r starkt men \u00e4ndo mjukt i handen. Det finns mycket koppel tillverkat av l\u00e4der f\u00f6r h\u00e4stprodukter.Detta l\u00e4dret \u00e4r betydligt h\u00e5rdare i handen \u00e4n l\u00e4der utvecklat [&hellip;]<\/p>\n","protected":false},"author":1,"featured_media":0,"parent":0,"menu_order":0,"comment_status":"closed","ping_status":"closed","template":"","meta":{"_acf_changed":false,"footnotes":""},"class_list":["post-4015","page","type-page","status-publish","hentry"],"acf":[],"yoast_head":"<!-- This site is optimized with the Yoast SEO plugin v26.7 - https:\/\/yoast.com\/wordpress\/plugins\/seo\/ -->\n<title>L\u00e4der av Jokke-produkter - Jokke<\/title>\n<meta name=\"robots\" content=\"index, follow, max-snippet:-1, max-image-preview:large, max-video-preview:-1\" \/>\n<link rel=\"canonical\" href=\"https:\/\/jokke.com\/se\/lader-av-jokke-produkter\/\" \/>\n<meta property=\"og:locale\" content=\"sv_SE\" \/>\n<meta property=\"og:type\" content=\"article\" \/>\n<meta property=\"og:title\" content=\"L\u00e4der av Jokke-produkter - Jokke\" \/>\n<meta property=\"og:description\" content=\"Olika typer av l\u00e4der f\u00f6r olika typer av hundprodukter. Viking,Tor,Ylva och Queen koppel tillverkas av + 4 mm tjock fettl\u00e4der, som har tillverkats enligt v\u00e5rt eget recept,som garanterar att l\u00e4dret \u00e4r starkt men \u00e4ndo mjukt i handen. Det finns mycket koppel tillverkat av l\u00e4der f\u00f6r h\u00e4stprodukter.Detta l\u00e4dret \u00e4r betydligt h\u00e5rdare i handen \u00e4n l\u00e4der utvecklat [&hellip;]\" \/>\n<meta property=\"og:url\" content=\"https:\/\/jokke.com\/se\/lader-av-jokke-produkter\/\" \/>\n<meta property=\"og:site_name\" content=\"Jokke\" \/>\n<meta name=\"twitter:card\" content=\"summary_large_image\" \/>\n<meta name=\"twitter:label1\" content=\"Ber\u00e4knad l\u00e4stid\" \/>\n\t<meta name=\"twitter:data1\" content=\"1 minut\" \/>\n<script type=\"application\/ld+json\" class=\"yoast-schema-graph\">{\"@context\":\"https:\/\/schema.org\",\"@graph\":[{\"@type\":\"WebPage\",\"@id\":\"https:\/\/jokke.com\/se\/lader-av-jokke-produkter\/\",\"url\":\"https:\/\/jokke.com\/se\/lader-av-jokke-produkter\/\",\"name\":\"L\u00e4der av Jokke-produkter - Jokke\",\"isPartOf\":{\"@id\":\"https:\/\/jokke.com\/se\/#website\"},\"datePublished\":\"2018-08-06T11:56:00+00:00\",\"breadcrumb\":{\"@id\":\"https:\/\/jokke.com\/se\/lader-av-jokke-produkter\/#breadcrumb\"},\"inLanguage\":\"sv-SE\",\"potentialAction\":[{\"@type\":\"ReadAction\",\"target\":[\"https:\/\/jokke.com\/se\/lader-av-jokke-produkter\/\"]}]},{\"@type\":\"BreadcrumbList\",\"@id\":\"https:\/\/jokke.com\/se\/lader-av-jokke-produkter\/#breadcrumb\",\"itemListElement\":[{\"@type\":\"ListItem\",\"position\":1,\"name\":\"Home\",\"item\":\"https:\/\/jokke.com\/se\/\"},{\"@type\":\"ListItem\",\"position\":2,\"name\":\"L\u00e4der av Jokke-produkter\"}]},{\"@type\":\"WebSite\",\"@id\":\"https:\/\/jokke.com\/se\/#website\",\"url\":\"https:\/\/jokke.com\/se\/\",\"name\":\"Jokke\",\"description\":\"\",\"potentialAction\":[{\"@type\":\"SearchAction\",\"target\":{\"@type\":\"EntryPoint\",\"urlTemplate\":\"https:\/\/jokke.com\/se\/?s={search_term_string}\"},\"query-input\":{\"@type\":\"PropertyValueSpecification\",\"valueRequired\":true,\"valueName\":\"search_term_string\"}}],\"inLanguage\":\"sv-SE\"}]}<\/script>\n<!-- \/ Yoast SEO plugin. -->","yoast_head_json":{"title":"L\u00e4der av Jokke-produkter - Jokke","robots":{"index":"index","follow":"follow","max-snippet":"max-snippet:-1","max-image-preview":"max-image-preview:large","max-video-preview":"max-video-preview:-1"},"canonical":"https:\/\/jokke.com\/se\/lader-av-jokke-produkter\/","og_locale":"sv_SE","og_type":"article","og_title":"L\u00e4der av Jokke-produkter - Jokke","og_description":"Olika typer av l\u00e4der f\u00f6r olika typer av hundprodukter. Viking,Tor,Ylva och Queen koppel tillverkas av + 4 mm tjock fettl\u00e4der, som har tillverkats enligt v\u00e5rt eget recept,som garanterar att l\u00e4dret \u00e4r starkt men \u00e4ndo mjukt i handen. Det finns mycket koppel tillverkat av l\u00e4der f\u00f6r h\u00e4stprodukter.Detta l\u00e4dret \u00e4r betydligt h\u00e5rdare i handen \u00e4n l\u00e4der utvecklat [&hellip;]","og_url":"https:\/\/jokke.com\/se\/lader-av-jokke-produkter\/","og_site_name":"Jokke","twitter_card":"summary_large_image","twitter_misc":{"Ber\u00e4knad l\u00e4stid":"1 minut"},"schema":{"@context":"https:\/\/schema.org","@graph":[{"@type":"WebPage","@id":"https:\/\/jokke.com\/se\/lader-av-jokke-produkter\/","url":"https:\/\/jokke.com\/se\/lader-av-jokke-produkter\/","name":"L\u00e4der av Jokke-produkter - Jokke","isPartOf":{"@id":"https:\/\/jokke.com\/se\/#website"},"datePublished":"2018-08-06T11:56:00+00:00","breadcrumb":{"@id":"https:\/\/jokke.com\/se\/lader-av-jokke-produkter\/#breadcrumb"},"inLanguage":"sv-SE","potentialAction":[{"@type":"ReadAction","target":["https:\/\/jokke.com\/se\/lader-av-jokke-produkter\/"]}]},{"@type":"BreadcrumbList","@id":"https:\/\/jokke.com\/se\/lader-av-jokke-produkter\/#breadcrumb","itemListElement":[{"@type":"ListItem","position":1,"name":"Home","item":"https:\/\/jokke.com\/se\/"},{"@type":"ListItem","position":2,"name":"L\u00e4der av Jokke-produkter"}]},{"@type":"WebSite","@id":"https:\/\/jokke.com\/se\/#website","url":"https:\/\/jokke.com\/se\/","name":"Jokke","description":"","potentialAction":[{"@type":"SearchAction","target":{"@type":"EntryPoint","urlTemplate":"https:\/\/jokke.com\/se\/?s={search_term_string}"},"query-input":{"@type":"PropertyValueSpecification","valueRequired":true,"valueName":"search_term_string"}}],"inLanguage":"sv-SE"}]}},"_links":{"self":[{"href":"https:\/\/jokke.com\/se\/wp-json\/wp\/v2\/pages\/4015","targetHints":{"allow":["GET"]}}],"collection":[{"href":"https:\/\/jokke.com\/se\/wp-json\/wp\/v2\/pages"}],"about":[{"href":"https:\/\/jokke.com\/se\/wp-json\/wp\/v2\/types\/page"}],"author":[{"embeddable":true,"href":"https:\/\/jokke.com\/se\/wp-json\/wp\/v2\/users\/1"}],"replies":[{"embeddable":true,"href":"https:\/\/jokke.com\/se\/wp-json\/wp\/v2\/comments?post=4015"}],"version-history":[{"count":1,"href":"https:\/\/jokke.com\/se\/wp-json\/wp\/v2\/pages\/4015\/revisions"}],"predecessor-version":[{"id":4016,"href":"https:\/\/jokke.com\/se\/wp-json\/wp\/v2\/pages\/4015\/revisions\/4016"}],"wp:attachment":[{"href":"https:\/\/jokke.com\/se\/wp-json\/wp\/v2\/media?parent=4015"}],"curies":[{"name":"wp","href":"https:\/\/api.w.org\/{rel}","templated":true}]}}