{"id":4008,"date":"2018-08-06T10:51:18","date_gmt":"2018-08-06T10:51:18","guid":{"rendered":"http:\/\/jokke.com\/se\/?page_id=4008"},"modified":"2018-08-06T10:51:18","modified_gmt":"2018-08-06T10:51:18","slug":"historia","status":"publish","type":"page","link":"https:\/\/jokke.com\/se\/historia\/","title":{"rendered":"Historia"},"content":{"rendered":"<p><img loading=\"lazy\" decoding=\"async\" class=\"alignnone size-large wp-image-54\" src=\"http:\/\/jokke.com\/se\/wp-content\/uploads\/2018\/06\/Jokke_netti_historia7-1024x291.jpg\" alt=\"\" width=\"980\" height=\"278\" srcset=\"https:\/\/jokke.com\/se\/wp-content\/uploads\/2018\/06\/Jokke_netti_historia7-1024x291.jpg 1024w, https:\/\/jokke.com\/se\/wp-content\/uploads\/2018\/06\/Jokke_netti_historia7-300x85.jpg 300w, https:\/\/jokke.com\/se\/wp-content\/uploads\/2018\/06\/Jokke_netti_historia7-600x170.jpg 600w, https:\/\/jokke.com\/se\/wp-content\/uploads\/2018\/06\/Jokke_netti_historia7-768x218.jpg 768w, https:\/\/jokke.com\/se\/wp-content\/uploads\/2018\/06\/Jokke_netti_historia7.jpg 1366w\" sizes=\"auto, (max-width: 980px) 100vw, 980px\" \/><br \/>\nTillverkning av olika typer av gymnastiktossor startade i b\u00f6rjan av 60-talet. Under 40 \u00e5r levererades det \u00f6ver 5 000 000 par till detaljhandeln.<\/p>\n<p>Arbetskor med och utan st\u00e5lt\u00e5h\u00e4tta tillverkades fr\u00e5n cirka mitten av 1960-talet till slutet av 80-talet.<\/p>\n<p><img loading=\"lazy\" decoding=\"async\" class=\"alignnone size-large wp-image-54\" src=\"http:\/\/jokke.com\/se\/wp-content\/uploads\/2018\/06\/Jokke_netti_historia7-1024x291.jpg\" alt=\"\" width=\"980\" height=\"278\" srcset=\"https:\/\/jokke.com\/se\/wp-content\/uploads\/2018\/06\/Jokke_netti_historia7-1024x291.jpg 1024w, https:\/\/jokke.com\/se\/wp-content\/uploads\/2018\/06\/Jokke_netti_historia7-300x85.jpg 300w, https:\/\/jokke.com\/se\/wp-content\/uploads\/2018\/06\/Jokke_netti_historia7-600x170.jpg 600w, https:\/\/jokke.com\/se\/wp-content\/uploads\/2018\/06\/Jokke_netti_historia7-768x218.jpg 768w, https:\/\/jokke.com\/se\/wp-content\/uploads\/2018\/06\/Jokke_netti_historia7.jpg 1366w\" sizes=\"auto, (max-width: 980px) 100vw, 980px\" \/><br \/>\n<img loading=\"lazy\" decoding=\"async\" class=\"alignnone size-large wp-image-52\" src=\"http:\/\/jokke.com\/se\/wp-content\/uploads\/2018\/06\/Jokke_netti_historia3-1024x291.jpg\" alt=\"\" width=\"980\" height=\"278\" srcset=\"https:\/\/jokke.com\/se\/wp-content\/uploads\/2018\/06\/Jokke_netti_historia3-1024x291.jpg 1024w, https:\/\/jokke.com\/se\/wp-content\/uploads\/2018\/06\/Jokke_netti_historia3-300x85.jpg 300w, https:\/\/jokke.com\/se\/wp-content\/uploads\/2018\/06\/Jokke_netti_historia3-600x170.jpg 600w, https:\/\/jokke.com\/se\/wp-content\/uploads\/2018\/06\/Jokke_netti_historia3-768x218.jpg 768w, https:\/\/jokke.com\/se\/wp-content\/uploads\/2018\/06\/Jokke_netti_historia3.jpg 1366w\" sizes=\"auto, (max-width: 980px) 100vw, 980px\" \/><\/p>\n<p>Olika typer av sportskor var en viktig del av f\u00f6retagets produktion i 60-,70- och 80-tal.<br \/>\nHundprodukter har f\u00f6retaget tillverkat sedan 1988 och per idag omfattar sortimentet \u00f6ver 1000 rader produkter som levereras mest till Skandinavia.<\/p>\n","protected":false},"excerpt":{"rendered":"<p>Tillverkning av olika typer av gymnastiktossor startade i b\u00f6rjan av 60-talet. Under 40 \u00e5r levererades det \u00f6ver 5 000 000 par till detaljhandeln. Arbetskor med och utan st\u00e5lt\u00e5h\u00e4tta tillverkades fr\u00e5n cirka mitten av 1960-talet till slutet av 80-talet. Olika typer av sportskor var en viktig del av f\u00f6retagets produktion i 60-,70- och 80-tal. Hundprodukter har [&hellip;]<\/p>\n","protected":false},"author":1,"featured_media":0,"parent":0,"menu_order":0,"comment_status":"closed","ping_status":"closed","template":"","meta":{"_acf_changed":false,"footnotes":""},"class_list":["post-4008","page","type-page","status-publish","hentry"],"acf":[],"yoast_head":"<!-- This site is optimized with the Yoast SEO plugin v26.7 - https:\/\/yoast.com\/wordpress\/plugins\/seo\/ -->\n<title>Historia - Jokke<\/title>\n<meta name=\"robots\" content=\"index, follow, max-snippet:-1, max-image-preview:large, max-video-preview:-1\" \/>\n<link rel=\"canonical\" href=\"https:\/\/jokke.com\/se\/historia\/\" \/>\n<meta property=\"og:locale\" content=\"sv_SE\" \/>\n<meta property=\"og:type\" content=\"article\" \/>\n<meta property=\"og:title\" content=\"Historia - Jokke\" \/>\n<meta property=\"og:description\" content=\"Tillverkning av olika typer av gymnastiktossor startade i b\u00f6rjan av 60-talet. Under 40 \u00e5r levererades det \u00f6ver 5 000 000 par till detaljhandeln. Arbetskor med och utan st\u00e5lt\u00e5h\u00e4tta tillverkades fr\u00e5n cirka mitten av 1960-talet till slutet av 80-talet. Olika typer av sportskor var en viktig del av f\u00f6retagets produktion i 60-,70- och 80-tal. Hundprodukter har [&hellip;]\" \/>\n<meta property=\"og:url\" content=\"https:\/\/jokke.com\/se\/historia\/\" \/>\n<meta property=\"og:site_name\" content=\"Jokke\" \/>\n<meta property=\"og:image\" content=\"http:\/\/jokke.com\/se\/wp-content\/uploads\/2018\/06\/Jokke_netti_historia7-1024x291.jpg\" \/>\n<meta name=\"twitter:card\" content=\"summary_large_image\" \/>\n<script type=\"application\/ld+json\" class=\"yoast-schema-graph\">{\"@context\":\"https:\/\/schema.org\",\"@graph\":[{\"@type\":\"WebPage\",\"@id\":\"https:\/\/jokke.com\/se\/historia\/\",\"url\":\"https:\/\/jokke.com\/se\/historia\/\",\"name\":\"Historia - Jokke\",\"isPartOf\":{\"@id\":\"https:\/\/jokke.com\/se\/#website\"},\"primaryImageOfPage\":{\"@id\":\"https:\/\/jokke.com\/se\/historia\/#primaryimage\"},\"image\":{\"@id\":\"https:\/\/jokke.com\/se\/historia\/#primaryimage\"},\"thumbnailUrl\":\"http:\/\/jokke.com\/se\/wp-content\/uploads\/2018\/06\/Jokke_netti_historia7-1024x291.jpg\",\"datePublished\":\"2018-08-06T10:51:18+00:00\",\"breadcrumb\":{\"@id\":\"https:\/\/jokke.com\/se\/historia\/#breadcrumb\"},\"inLanguage\":\"sv-SE\",\"potentialAction\":[{\"@type\":\"ReadAction\",\"target\":[\"https:\/\/jokke.com\/se\/historia\/\"]}]},{\"@type\":\"ImageObject\",\"inLanguage\":\"sv-SE\",\"@id\":\"https:\/\/jokke.com\/se\/historia\/#primaryimage\",\"url\":\"http:\/\/jokke.com\/se\/wp-content\/uploads\/2018\/06\/Jokke_netti_historia7-1024x291.jpg\",\"contentUrl\":\"http:\/\/jokke.com\/se\/wp-content\/uploads\/2018\/06\/Jokke_netti_historia7-1024x291.jpg\"},{\"@type\":\"BreadcrumbList\",\"@id\":\"https:\/\/jokke.com\/se\/historia\/#breadcrumb\",\"itemListElement\":[{\"@type\":\"ListItem\",\"position\":1,\"name\":\"Home\",\"item\":\"https:\/\/jokke.com\/se\/\"},{\"@type\":\"ListItem\",\"position\":2,\"name\":\"Historia\"}]},{\"@type\":\"WebSite\",\"@id\":\"https:\/\/jokke.com\/se\/#website\",\"url\":\"https:\/\/jokke.com\/se\/\",\"name\":\"Jokke\",\"description\":\"\",\"potentialAction\":[{\"@type\":\"SearchAction\",\"target\":{\"@type\":\"EntryPoint\",\"urlTemplate\":\"https:\/\/jokke.com\/se\/?s={search_term_string}\"},\"query-input\":{\"@type\":\"PropertyValueSpecification\",\"valueRequired\":true,\"valueName\":\"search_term_string\"}}],\"inLanguage\":\"sv-SE\"}]}<\/script>\n<!-- \/ Yoast SEO plugin. -->","yoast_head_json":{"title":"Historia - Jokke","robots":{"index":"index","follow":"follow","max-snippet":"max-snippet:-1","max-image-preview":"max-image-preview:large","max-video-preview":"max-video-preview:-1"},"canonical":"https:\/\/jokke.com\/se\/historia\/","og_locale":"sv_SE","og_type":"article","og_title":"Historia - Jokke","og_description":"Tillverkning av olika typer av gymnastiktossor startade i b\u00f6rjan av 60-talet. Under 40 \u00e5r levererades det \u00f6ver 5 000 000 par till detaljhandeln. Arbetskor med och utan st\u00e5lt\u00e5h\u00e4tta tillverkades fr\u00e5n cirka mitten av 1960-talet till slutet av 80-talet. Olika typer av sportskor var en viktig del av f\u00f6retagets produktion i 60-,70- och 80-tal. Hundprodukter har [&hellip;]","og_url":"https:\/\/jokke.com\/se\/historia\/","og_site_name":"Jokke","og_image":[{"url":"http:\/\/jokke.com\/se\/wp-content\/uploads\/2018\/06\/Jokke_netti_historia7-1024x291.jpg","type":"","width":"","height":""}],"twitter_card":"summary_large_image","schema":{"@context":"https:\/\/schema.org","@graph":[{"@type":"WebPage","@id":"https:\/\/jokke.com\/se\/historia\/","url":"https:\/\/jokke.com\/se\/historia\/","name":"Historia - Jokke","isPartOf":{"@id":"https:\/\/jokke.com\/se\/#website"},"primaryImageOfPage":{"@id":"https:\/\/jokke.com\/se\/historia\/#primaryimage"},"image":{"@id":"https:\/\/jokke.com\/se\/historia\/#primaryimage"},"thumbnailUrl":"http:\/\/jokke.com\/se\/wp-content\/uploads\/2018\/06\/Jokke_netti_historia7-1024x291.jpg","datePublished":"2018-08-06T10:51:18+00:00","breadcrumb":{"@id":"https:\/\/jokke.com\/se\/historia\/#breadcrumb"},"inLanguage":"sv-SE","potentialAction":[{"@type":"ReadAction","target":["https:\/\/jokke.com\/se\/historia\/"]}]},{"@type":"ImageObject","inLanguage":"sv-SE","@id":"https:\/\/jokke.com\/se\/historia\/#primaryimage","url":"http:\/\/jokke.com\/se\/wp-content\/uploads\/2018\/06\/Jokke_netti_historia7-1024x291.jpg","contentUrl":"http:\/\/jokke.com\/se\/wp-content\/uploads\/2018\/06\/Jokke_netti_historia7-1024x291.jpg"},{"@type":"BreadcrumbList","@id":"https:\/\/jokke.com\/se\/historia\/#breadcrumb","itemListElement":[{"@type":"ListItem","position":1,"name":"Home","item":"https:\/\/jokke.com\/se\/"},{"@type":"ListItem","position":2,"name":"Historia"}]},{"@type":"WebSite","@id":"https:\/\/jokke.com\/se\/#website","url":"https:\/\/jokke.com\/se\/","name":"Jokke","description":"","potentialAction":[{"@type":"SearchAction","target":{"@type":"EntryPoint","urlTemplate":"https:\/\/jokke.com\/se\/?s={search_term_string}"},"query-input":{"@type":"PropertyValueSpecification","valueRequired":true,"valueName":"search_term_string"}}],"inLanguage":"sv-SE"}]}},"_links":{"self":[{"href":"https:\/\/jokke.com\/se\/wp-json\/wp\/v2\/pages\/4008","targetHints":{"allow":["GET"]}}],"collection":[{"href":"https:\/\/jokke.com\/se\/wp-json\/wp\/v2\/pages"}],"about":[{"href":"https:\/\/jokke.com\/se\/wp-json\/wp\/v2\/types\/page"}],"author":[{"embeddable":true,"href":"https:\/\/jokke.com\/se\/wp-json\/wp\/v2\/users\/1"}],"replies":[{"embeddable":true,"href":"https:\/\/jokke.com\/se\/wp-json\/wp\/v2\/comments?post=4008"}],"version-history":[{"count":1,"href":"https:\/\/jokke.com\/se\/wp-json\/wp\/v2\/pages\/4008\/revisions"}],"predecessor-version":[{"id":4009,"href":"https:\/\/jokke.com\/se\/wp-json\/wp\/v2\/pages\/4008\/revisions\/4009"}],"wp:attachment":[{"href":"https:\/\/jokke.com\/se\/wp-json\/wp\/v2\/media?parent=4008"}],"curies":[{"name":"wp","href":"https:\/\/api.w.org\/{rel}","templated":true}]}}