{"id":36272,"date":"2020-06-14T09:40:52","date_gmt":"2020-06-14T09:40:52","guid":{"rendered":"https:\/\/jokke.com\/se\/?page_id=36272"},"modified":"2025-08-22T10:09:39","modified_gmt":"2025-08-22T10:09:39","slug":"hem-2","status":"publish","type":"page","link":"https:\/\/jokke.com\/se\/","title":{"rendered":"Hem"},"content":{"rendered":"<div id=\"pl-36272\"  class=\"panel-layout\" ><div id=\"pg-36272-0\"  class=\"panel-grid panel-has-style\" ><div class=\"siteorigin-panels-stretch panel-row-style panel-row-style-for-36272-0\" data-stretch-type=\"full\" ><div id=\"pgc-36272-0-0\"  class=\"panel-grid-cell\" ><div id=\"panel-36272-0-0-0\" class=\"so-panel widget widget_sow-anything-carousel panel-first-child panel-last-child\" data-index=\"0\" ><div\n\t\t\t\n\t\t\tclass=\"so-widget-sow-anything-carousel so-widget-sow-anything-carousel-base-34d3d11cb945-36272\"\n\t\t\t\n\t\t><div class=\"sow-carousel-title\">\n\t<\/div>\n\n<div class=\"sow-carousel-container \">\n\t\t\t<div class=\"sow-carousel-navigation sow-carousel-navigation-prev \">\n\t\t\t\t\t\t<a href=\"#\" class=\"sow-carousel-previous\" title=\"Previous\" aria-label=\"Previous Posts\" role=\"button\"><\/a>\n\t\t\t\t\t<\/div>\n\t\t<div class=\"sow-carousel-wrapper\"\n\t\tdata-dir=\"ltr\"\n\t\tstyle=\"opacity: 0;\"\n\t\tdata-widget=\"anything\" data-item_count=\"7\" data-loop=\"\" data-carousel_settings=\"{&quot;loop&quot;:true,&quot;dots&quot;:&quot;&quot;,&quot;animation&quot;:&quot;ease&quot;,&quot;animation_speed&quot;:1600,&quot;autoplay&quot;:true,&quot;pauseOnHover&quot;:true,&quot;autoplaySpeed&quot;:800,&quot;item_overflow&quot;:false,&quot;adaptive_height&quot;:&quot;&quot;}\" data-responsive=\"{&quot;desktop_slides_to_scroll&quot;:3,&quot;tablet_landscape_breakpoint&quot;:1366,&quot;tablet_landscape_slides_to_scroll&quot;:3,&quot;tablet_portrait_breakpoint&quot;:1025,&quot;tablet_portrait_slides_to_scroll&quot;:2,&quot;mobile_breakpoint&quot;:480,&quot;mobile_slides_to_scroll&quot;:1,&quot;desktop_slides_to_show&quot;:3,&quot;tablet_landscape_slides_to_show&quot;:3,&quot;tablet_portrait_slides_to_show&quot;:2,&quot;mobile_slides_to_show&quot;:1}\" \t>\n\t\t<div\n\t\t\tclass=\"sow-carousel-items\"\n\t\t\t\t\t>\n\t\t\t\t<div class=\"sow-carousel-item\" tabindex=\"-1\">\n\t\t\n\t\t<div class=\"sow-carousel-content\">\n\t\t\t<p><a href=\"https:\/\/jokke.com\/se\/produkt\/softrabbit-med-mjuk-handtag-och-akta-kaninpals-matt-handtag-20-cm-x-25-cm-tugdel-20-cm-x-25-cm-sytt-med-stark-tad-tillverkad-forstas-i-finland\/\"><img loading=\"lazy\" decoding=\"async\" class=\"alignnone size-medium wp-image-55771\" src=\"https:\/\/jokke.com\/se\/wp-content\/uploads\/2025\/08\/SOFTRABBIT-233x300.jpg\" alt=\"\" width=\"233\" height=\"300\" srcset=\"https:\/\/jokke.com\/se\/wp-content\/uploads\/2025\/08\/SOFTRABBIT-233x300.jpg 233w, https:\/\/jokke.com\/se\/wp-content\/uploads\/2025\/08\/SOFTRABBIT-300x385.jpg 300w, https:\/\/jokke.com\/se\/wp-content\/uploads\/2025\/08\/SOFTRABBIT-600x771.jpg 600w, https:\/\/jokke.com\/se\/wp-content\/uploads\/2025\/08\/SOFTRABBIT.jpg 716w\" sizes=\"auto, (max-width: 233px) 100vw, 233px\" \/><\/a><\/p>\n<p><strong>SoftRabbit - motivering leksak<\/strong><\/p>\n\t\t<\/div>\n\t<\/div>\n\t\t<div class=\"sow-carousel-item\" tabindex=\"-1\">\n\t\t\n\t\t<div class=\"sow-carousel-content\">\n\t\t\t<p><a href=\"https:\/\/jokke.com\/se\/produkt\/soft-snake-utstallningshalsband-i-mjuk-ryndsytt-lader-med-snake-kedja-mjukt-mot-halsen-rundsydda-delen-cirka-45-mmm\/\"><img loading=\"lazy\" decoding=\"async\" class=\"alignnone size-medium wp-image-55554\" src=\"https:\/\/jokke.com\/se\/wp-content\/uploads\/2025\/05\/SOFTSNAKE-1-228x300.jpg\" alt=\"\" width=\"228\" height=\"300\" srcset=\"https:\/\/jokke.com\/se\/wp-content\/uploads\/2025\/05\/SOFTSNAKE-1-228x300.jpg 228w, https:\/\/jokke.com\/se\/wp-content\/uploads\/2025\/05\/SOFTSNAKE-1-780x1024.jpg 780w, https:\/\/jokke.com\/se\/wp-content\/uploads\/2025\/05\/SOFTSNAKE-1-768x1009.jpg 768w, https:\/\/jokke.com\/se\/wp-content\/uploads\/2025\/05\/SOFTSNAKE-1-300x394.jpg 300w, https:\/\/jokke.com\/se\/wp-content\/uploads\/2025\/05\/SOFTSNAKE-1-600x788.jpg 600w, https:\/\/jokke.com\/se\/wp-content\/uploads\/2025\/05\/SOFTSNAKE-1.jpg 842w\" sizes=\"auto, (max-width: 228px) 100vw, 228px\" \/><\/a><\/p>\n<p><strong>Soft Snake - Halsband<\/strong><\/p>\n<p>&nbsp;<\/p>\n\t\t<\/div>\n\t<\/div>\n\t\t<div class=\"sow-carousel-item\" tabindex=\"-1\">\n\t\t\n\t\t<div class=\"sow-carousel-content\">\n\t\t\t<p><a href=\"https:\/\/jokke.com\/se\/produkt\/rabbitdummy-med-kaninpals-i-olika-vikter\/\"><img loading=\"lazy\" decoding=\"async\" class=\"alignnone size-medium wp-image-55307\" src=\"https:\/\/jokke.com\/se\/wp-content\/uploads\/2025\/02\/RABBITDUMMY-300x257.jpg\" alt=\"\" width=\"300\" height=\"257\" srcset=\"https:\/\/jokke.com\/se\/wp-content\/uploads\/2025\/02\/RABBITDUMMY-300x257.jpg 300w, https:\/\/jokke.com\/se\/wp-content\/uploads\/2025\/02\/RABBITDUMMY-1024x876.jpg 1024w, https:\/\/jokke.com\/se\/wp-content\/uploads\/2025\/02\/RABBITDUMMY-768x657.jpg 768w, https:\/\/jokke.com\/se\/wp-content\/uploads\/2025\/02\/RABBITDUMMY-600x513.jpg 600w, https:\/\/jokke.com\/se\/wp-content\/uploads\/2025\/02\/RABBITDUMMY.jpg 1049w\" sizes=\"auto, (max-width: 300px) 100vw, 300px\" \/><\/a><\/p>\n<p><strong>RabbitDummy<\/strong><\/p>\n\t\t<\/div>\n\t<\/div>\n\t\t<div class=\"sow-carousel-item\" tabindex=\"-1\">\n\t\t\n\t\t<div class=\"sow-carousel-content\">\n\t\t\t<p><a href=\"https:\/\/jokke.com\/se\/kategori\/motivering\/\"><img loading=\"lazy\" decoding=\"async\" class=\"alignnone size-medium wp-image-55140\" src=\"https:\/\/jokke.com\/se\/wp-content\/uploads\/2024\/11\/PATUKATRYHMAKUVA-300x238.jpg\" alt=\"\" width=\"300\" height=\"238\" srcset=\"https:\/\/jokke.com\/se\/wp-content\/uploads\/2024\/11\/PATUKATRYHMAKUVA-300x238.jpg 300w, https:\/\/jokke.com\/se\/wp-content\/uploads\/2024\/11\/PATUKATRYHMAKUVA-600x475.jpg 600w, https:\/\/jokke.com\/se\/wp-content\/uploads\/2024\/11\/PATUKATRYHMAKUVA-1024x811.jpg 1024w, https:\/\/jokke.com\/se\/wp-content\/uploads\/2024\/11\/PATUKATRYHMAKUVA-768x608.jpg 768w, https:\/\/jokke.com\/se\/wp-content\/uploads\/2024\/11\/PATUKATRYHMAKUVA.jpg 1212w\" sizes=\"auto, (max-width: 300px) 100vw, 300px\" \/><\/a><\/p>\n<p><strong>Motivering<\/strong><\/p>\n\t\t<\/div>\n\t<\/div>\n\t\t<div class=\"sow-carousel-item\" tabindex=\"-1\">\n\t\t\n\t\t<div class=\"sow-carousel-content\">\n\t\t\t<p><a href=\"https:\/\/jokke.com\/se\/kategori\/koppel\/\"><img loading=\"lazy\" decoding=\"async\" class=\"alignnone size-medium wp-image-55141\" src=\"https:\/\/jokke.com\/se\/wp-content\/uploads\/2024\/11\/TALUTTIMET-262x300.jpg\" alt=\"\" width=\"262\" height=\"300\" srcset=\"https:\/\/jokke.com\/se\/wp-content\/uploads\/2024\/11\/TALUTTIMET-262x300.jpg 262w, https:\/\/jokke.com\/se\/wp-content\/uploads\/2024\/11\/TALUTTIMET-300x344.jpg 300w, https:\/\/jokke.com\/se\/wp-content\/uploads\/2024\/11\/TALUTTIMET-600x688.jpg 600w, https:\/\/jokke.com\/se\/wp-content\/uploads\/2024\/11\/TALUTTIMET-894x1024.jpg 894w, https:\/\/jokke.com\/se\/wp-content\/uploads\/2024\/11\/TALUTTIMET-768x880.jpg 768w, https:\/\/jokke.com\/se\/wp-content\/uploads\/2024\/11\/TALUTTIMET.jpg 960w\" sizes=\"auto, (max-width: 262px) 100vw, 262px\" \/><\/a><\/p>\n<p><strong>Rundsydda koppel<\/strong><\/p>\n\t\t<\/div>\n\t<\/div>\n\t\t<div class=\"sow-carousel-item\" tabindex=\"-1\">\n\t\t\n\t\t<div class=\"sow-carousel-content\">\n\t\t\t<p><a href=\"https:\/\/jokke.com\/se\/kategori\/selar\/\"><img loading=\"lazy\" decoding=\"async\" class=\"alignnone size-medium wp-image-55142\" src=\"https:\/\/jokke.com\/se\/wp-content\/uploads\/2024\/11\/NAYTTELY-284x300.jpg\" alt=\"\" width=\"284\" height=\"300\" srcset=\"https:\/\/jokke.com\/se\/wp-content\/uploads\/2024\/11\/NAYTTELY-284x300.jpg 284w, https:\/\/jokke.com\/se\/wp-content\/uploads\/2024\/11\/NAYTTELY-300x317.jpg 300w, https:\/\/jokke.com\/se\/wp-content\/uploads\/2024\/11\/NAYTTELY-600x634.jpg 600w, https:\/\/jokke.com\/se\/wp-content\/uploads\/2024\/11\/NAYTTELY-768x811.jpg 768w, https:\/\/jokke.com\/se\/wp-content\/uploads\/2024\/11\/NAYTTELY.jpg 883w\" sizes=\"auto, (max-width: 284px) 100vw, 284px\" \/><\/a><\/p>\n<p><strong>Utst\u00e4llning<\/strong><\/p>\n\t\t<\/div>\n\t<\/div>\n\t\t<div class=\"sow-carousel-item\" tabindex=\"-1\">\n\t\t\n\t\t<div class=\"sow-carousel-content\">\n\t\t\t<p><a href=\"https:\/\/jokke.com\/se\/kategori\/halsband\/\"><img loading=\"lazy\" decoding=\"async\" class=\"alignnone size-medium wp-image-55145\" src=\"https:\/\/jokke.com\/se\/wp-content\/uploads\/2024\/11\/PYOREAT-283x300.jpg\" alt=\"\" width=\"283\" height=\"300\" srcset=\"https:\/\/jokke.com\/se\/wp-content\/uploads\/2024\/11\/PYOREAT-283x300.jpg 283w, https:\/\/jokke.com\/se\/wp-content\/uploads\/2024\/11\/PYOREAT-300x318.jpg 300w, https:\/\/jokke.com\/se\/wp-content\/uploads\/2024\/11\/PYOREAT-600x636.jpg 600w, https:\/\/jokke.com\/se\/wp-content\/uploads\/2024\/11\/PYOREAT-768x815.jpg 768w, https:\/\/jokke.com\/se\/wp-content\/uploads\/2024\/11\/PYOREAT.jpg 905w\" sizes=\"auto, (max-width: 283px) 100vw, 283px\" \/><\/a><\/p>\n<p><strong>Rundsydda halsband<\/strong><\/p>\n\t\t<\/div>\n\t<\/div>\n\t\t\t<\/div>\n\t\t\t<\/div>\n\n\t\t\t<div class=\"sow-carousel-navigation sow-carousel-navigation-next \">\n\t\t\t\t\t\t<a href=\"#\" class=\"sow-carousel-next\" title=\"Next\" aria-label=\"Next Posts\" role=\"button\"><\/a>\n\t\t\t\t\t<\/div>\n\t<\/div>\n<\/div><\/div><\/div><\/div><\/div><div id=\"pg-36272-1\"  class=\"panel-grid panel-has-style\" ><div class=\"siteorigin-panels-stretch panel-row-style panel-row-style-for-36272-1\" data-stretch-type=\"full\" ><div id=\"pgc-36272-1-0\"  class=\"panel-grid-cell\" ><div id=\"panel-36272-1-0-0\" class=\"so-panel widget widget_sow-image panel-first-child\" data-index=\"1\" ><div\n\t\t\t\n\t\t\tclass=\"so-widget-sow-image so-widget-sow-image-default-89f16426b92c-36272\"\n\t\t\t\n\t\t>\n<div class=\"sow-image-container\">\n\t\t\t<a href=\"https:\/\/jokke.com\/se\/kategori\/halsband\/\"\n\t\t\t\t\t>\n\t\t\t<img \n\tsrc=\"https:\/\/jokke.com\/se\/wp-content\/uploads\/2020\/06\/JOKKE-kategoriat-pannat.jpg\" width=\"959\" height=\"768\" srcset=\"https:\/\/jokke.com\/se\/wp-content\/uploads\/2020\/06\/JOKKE-kategoriat-pannat.jpg 959w, https:\/\/jokke.com\/se\/wp-content\/uploads\/2020\/06\/JOKKE-kategoriat-pannat-300x240.jpg 300w, https:\/\/jokke.com\/se\/wp-content\/uploads\/2020\/06\/JOKKE-kategoriat-pannat-600x481.jpg 600w, https:\/\/jokke.com\/se\/wp-content\/uploads\/2020\/06\/JOKKE-kategoriat-pannat-768x615.jpg 768w\" sizes=\"(max-width: 959px) 100vw, 959px\" title=\"Halsband\" alt=\"\" \t\tclass=\"so-widget-image\"\/>\n\t\t\t<\/a><\/div>\n\n<h3 class=\"widget-title\">Halsband<\/h3><\/div><\/div><div id=\"panel-36272-1-0-1\" class=\"so-panel widget widget_sow-image panel-last-child\" data-index=\"2\" ><div\n\t\t\t\n\t\t\tclass=\"so-widget-sow-image so-widget-sow-image-default-89f16426b92c-36272\"\n\t\t\t\n\t\t>\n<div class=\"sow-image-container\">\n\t\t\t<a href=\"https:\/\/jokke.com\/se\/kategori\/motivering\/\"\n\t\t\t\t\t>\n\t\t\t<img \n\tsrc=\"https:\/\/jokke.com\/se\/wp-content\/uploads\/2024\/11\/PATUKATRYHMAKUVA-1.jpg\" width=\"1212\" height=\"960\" srcset=\"https:\/\/jokke.com\/se\/wp-content\/uploads\/2024\/11\/PATUKATRYHMAKUVA-1.jpg 1212w, https:\/\/jokke.com\/se\/wp-content\/uploads\/2024\/11\/PATUKATRYHMAKUVA-1-300x238.jpg 300w, https:\/\/jokke.com\/se\/wp-content\/uploads\/2024\/11\/PATUKATRYHMAKUVA-1-600x475.jpg 600w, https:\/\/jokke.com\/se\/wp-content\/uploads\/2024\/11\/PATUKATRYHMAKUVA-1-1024x811.jpg 1024w, https:\/\/jokke.com\/se\/wp-content\/uploads\/2024\/11\/PATUKATRYHMAKUVA-1-768x608.jpg 768w\" sizes=\"(max-width: 1212px) 100vw, 1212px\" title=\"Motivering\" alt=\"\" \t\tclass=\"so-widget-image\"\/>\n\t\t\t<\/a><\/div>\n\n<h3 class=\"widget-title\">Motivering<\/h3><\/div><\/div><\/div><div id=\"pgc-36272-1-1\"  class=\"panel-grid-cell\" ><div id=\"panel-36272-1-1-0\" class=\"so-panel widget widget_sow-image panel-first-child\" data-index=\"3\" ><div\n\t\t\t\n\t\t\tclass=\"so-widget-sow-image so-widget-sow-image-default-89f16426b92c-36272\"\n\t\t\t\n\t\t>\n<div class=\"sow-image-container\">\n\t\t\t<a href=\"https:\/\/jokke.com\/se\/kategori\/selar\/\"\n\t\t\t\t\t>\n\t\t\t<img \n\tsrc=\"https:\/\/jokke.com\/se\/wp-content\/uploads\/2023\/05\/SNAKE-PUOLIKIRISTAVAT-\u2013-kopio.jpg\" width=\"960\" height=\"768\" srcset=\"https:\/\/jokke.com\/se\/wp-content\/uploads\/2023\/05\/SNAKE-PUOLIKIRISTAVAT-\u2013-kopio.jpg 960w, https:\/\/jokke.com\/se\/wp-content\/uploads\/2023\/05\/SNAKE-PUOLIKIRISTAVAT-\u2013-kopio-300x240.jpg 300w, https:\/\/jokke.com\/se\/wp-content\/uploads\/2023\/05\/SNAKE-PUOLIKIRISTAVAT-\u2013-kopio-600x480.jpg 600w, https:\/\/jokke.com\/se\/wp-content\/uploads\/2023\/05\/SNAKE-PUOLIKIRISTAVAT-\u2013-kopio-768x614.jpg 768w\" sizes=\"(max-width: 960px) 100vw, 960px\" title=\"Utst\u00e4llning\" alt=\"\" \t\tclass=\"so-widget-image\"\/>\n\t\t\t<\/a><\/div>\n\n<h3 class=\"widget-title\">Utst\u00e4llning<\/h3><\/div><\/div><div id=\"panel-36272-1-1-1\" class=\"so-panel widget widget_sow-image panel-last-child\" data-index=\"4\" ><div\n\t\t\t\n\t\t\tclass=\"so-widget-sow-image so-widget-sow-image-default-89f16426b92c-36272\"\n\t\t\t\n\t\t>\n<div class=\"sow-image-container\">\n\t\t\t<a href=\"https:\/\/jokke.com\/se\/kategori\/outlet\/\"\n\t\t\t\t\t>\n\t\t\t<img \n\tsrc=\"https:\/\/jokke.com\/se\/wp-content\/uploads\/2020\/06\/JOKKE-kategoriat-outlet.jpg\" width=\"960\" height=\"768\" srcset=\"https:\/\/jokke.com\/se\/wp-content\/uploads\/2020\/06\/JOKKE-kategoriat-outlet.jpg 960w, https:\/\/jokke.com\/se\/wp-content\/uploads\/2020\/06\/JOKKE-kategoriat-outlet-300x240.jpg 300w, https:\/\/jokke.com\/se\/wp-content\/uploads\/2020\/06\/JOKKE-kategoriat-outlet-600x480.jpg 600w, https:\/\/jokke.com\/se\/wp-content\/uploads\/2020\/06\/JOKKE-kategoriat-outlet-768x614.jpg 768w\" sizes=\"(max-width: 960px) 100vw, 960px\" title=\"Outlet\" alt=\"\" \t\tclass=\"so-widget-image\"\/>\n\t\t\t<\/a><\/div>\n\n<h3 class=\"widget-title\">Outlet<\/h3><\/div><\/div><\/div><div id=\"pgc-36272-1-2\"  class=\"panel-grid-cell\" ><div id=\"panel-36272-1-2-0\" class=\"so-panel widget widget_sow-image panel-first-child\" data-index=\"5\" ><div\n\t\t\t\n\t\t\tclass=\"so-widget-sow-image so-widget-sow-image-default-89f16426b92c-36272\"\n\t\t\t\n\t\t>\n<div class=\"sow-image-container\">\n\t\t\t<a href=\"https:\/\/jokke.com\/se\/kategori\/koppel\/\"\n\t\t\t\t\t>\n\t\t\t<img \n\tsrc=\"https:\/\/jokke.com\/se\/wp-content\/uploads\/2020\/06\/JOKKE-kategoriat-taluttimet.jpg\" width=\"960\" height=\"768\" srcset=\"https:\/\/jokke.com\/se\/wp-content\/uploads\/2020\/06\/JOKKE-kategoriat-taluttimet.jpg 960w, https:\/\/jokke.com\/se\/wp-content\/uploads\/2020\/06\/JOKKE-kategoriat-taluttimet-300x240.jpg 300w, https:\/\/jokke.com\/se\/wp-content\/uploads\/2020\/06\/JOKKE-kategoriat-taluttimet-600x480.jpg 600w, https:\/\/jokke.com\/se\/wp-content\/uploads\/2020\/06\/JOKKE-kategoriat-taluttimet-768x614.jpg 768w\" sizes=\"(max-width: 960px) 100vw, 960px\" title=\"Koppel\" alt=\"\" \t\tclass=\"so-widget-image\"\/>\n\t\t\t<\/a><\/div>\n\n<h3 class=\"widget-title\">Koppel<\/h3><\/div><\/div><div id=\"panel-36272-1-2-1\" class=\"so-panel widget widget_sow-image panel-last-child\" data-index=\"6\" ><div\n\t\t\t\n\t\t\tclass=\"so-widget-sow-image so-widget-sow-image-default-89f16426b92c-36272\"\n\t\t\t\n\t\t>\n<div class=\"sow-image-container\">\n\t\t\t<a href=\"https:\/\/jokke.com\/se\/kategori\/janutex\/\"\n\t\t\t\t\t>\n\t\t\t<img \n\tsrc=\"https:\/\/jokke.com\/se\/wp-content\/uploads\/2020\/06\/JOKKE-kategoriat-janutex.jpg\" width=\"960\" height=\"768\" srcset=\"https:\/\/jokke.com\/se\/wp-content\/uploads\/2020\/06\/JOKKE-kategoriat-janutex.jpg 960w, https:\/\/jokke.com\/se\/wp-content\/uploads\/2020\/06\/JOKKE-kategoriat-janutex-300x240.jpg 300w, https:\/\/jokke.com\/se\/wp-content\/uploads\/2020\/06\/JOKKE-kategoriat-janutex-600x480.jpg 600w, https:\/\/jokke.com\/se\/wp-content\/uploads\/2020\/06\/JOKKE-kategoriat-janutex-768x614.jpg 768w\" sizes=\"(max-width: 960px) 100vw, 960px\" title=\"Kl\u00e4der by Janutex\" alt=\"\" \t\tclass=\"so-widget-image\"\/>\n\t\t\t<\/a><\/div>\n\n<h3 class=\"widget-title\">Kl\u00e4der by Janutex<\/h3><\/div><\/div><\/div><\/div><\/div><div id=\"pg-36272-2\"  class=\"panel-grid panel-no-style\" ><div id=\"pgc-36272-2-0\"  class=\"panel-grid-cell\" ><div id=\"panel-36272-2-0-0\" class=\"so-panel widget widget_sow-image panel-first-child panel-last-child\" data-index=\"7\" ><div\n\t\t\t\n\t\t\tclass=\"so-widget-sow-image so-widget-sow-image-default-113ccd71f3e6-36272\"\n\t\t\t\n\t\t>\n<div class=\"sow-image-container\">\n\t\t\t<a href=\"https:\/\/jokke.com\/se\/lader-av-jokke-produkter\/\"\n\t\t\t\t\t>\n\t\t\t<img \n\tsrc=\"https:\/\/jokke.com\/se\/wp-content\/uploads\/2020\/06\/Jokke-nahka-4-5.jpg\" width=\"630\" height=\"630\" srcset=\"https:\/\/jokke.com\/se\/wp-content\/uploads\/2020\/06\/Jokke-nahka-4-5.jpg 1330w, https:\/\/jokke.com\/se\/wp-content\/uploads\/2020\/06\/Jokke-nahka-4-5-300x240.jpg 300w, https:\/\/jokke.com\/se\/wp-content\/uploads\/2020\/06\/Jokke-nahka-4-5-600x480.jpg 600w, https:\/\/jokke.com\/se\/wp-content\/uploads\/2020\/06\/Jokke-nahka-4-5-1024x819.jpg 1024w, https:\/\/jokke.com\/se\/wp-content\/uploads\/2020\/06\/Jokke-nahka-4-5-768x614.jpg 768w\" sizes=\"(max-width: 630px) 100vw, 630px\" title=\"L\u00e4der av Jokke-produkter\" alt=\"\" \t\tclass=\"so-widget-image\"\/>\n\t\t\t<\/a><\/div>\n\n<h3 class=\"widget-title\">\t\t<a href=\"https:\/\/jokke.com\/se\/lader-av-jokke-produkter\/\"\n\t\t\t\t\t>\n\t\tL\u00e4der av Jokke-produkter<\/a><\/h3><\/div><\/div><\/div><div id=\"pgc-36272-2-1\"  class=\"panel-grid-cell\" ><div id=\"panel-36272-2-1-0\" class=\"so-panel widget widget_sow-editor panel-first-child panel-last-child\" data-index=\"8\" ><div\n\t\t\t\n\t\t\tclass=\"so-widget-sow-editor so-widget-sow-editor-base\"\n\t\t\t\n\t\t>\n<div class=\"siteorigin-widget-tinymce textwidget\">\n\t<h1 style=\"text-align: center;\"><strong>Hundv\u00e4nliga produkter med 100 \u00e5rs erfarenhet !<\/strong><\/h1>\n<p style=\"text-align: left;\">Enligt tradition reste V\u00e4in\u00f6 Porkola 1922 fr\u00e5n K\u00e4lvi\u00e4 till Gamlakarleby v\u00e5rmarknad f\u00f6r att s\u00e4lja egentillverkade arbetshandskor. Under v\u00e5r 100-\u00e5riga f\u00f6retagshistoria har vi producerat till exempel flera olika typer av skor och gymnastiktossor. Tillverkningen av \"pet products \" startades 1988.<\/p>\n<p>Idag tillverkar vi halsband, koppel och motiveringsprodukter med str\u00e4van efter att alla tillverkade produkter skall vara b\u00e5de hundv\u00e4nliga och bekv\u00e4ma f\u00f6r hund\u00e4garen att b\u00e4ra.<\/p>\n<p>Egenskaperna p\u00e5 \u00e4kta l\u00e4der ( slitt\u00e5lighet, formbarhet och f\u00f6rm\u00e5ga att sl\u00e4ppa igenom vatten\u00e5nga ) \u00e4r helt enast\u00e5ende j\u00e4mf\u00f6rt med textil. Dessutom tillverkas l\u00e4der i Jokke-produkterna i Europeiska Union och \u00e4r en biprodukt av matproduktionen.\u00a0 H\u00e4r hittar Du en liten <a href=\"https:\/\/jokke.com\/se\/lader-av-jokke-produkter\/\">infopaket<\/a> om l\u00e4der och dess egenskaper.<\/p>\n<p>&nbsp;<\/p>\n<\/div>\n<\/div><\/div><\/div><\/div><\/div>","protected":false},"excerpt":{"rendered":"<p>SoftRabbit &#8211; motivering leksak Soft Snake &#8211; Halsband &nbsp; RabbitDummy Motivering Rundsydda koppel Utst\u00e4llning Rundsydda halsband Halsband Motivering Utst\u00e4llning Outlet Koppel Kl\u00e4der by Janutex L\u00e4der av Jokke-produkter Hundv\u00e4nliga produkter med 100 \u00e5rs erfarenhet ! Enligt tradition reste V\u00e4in\u00f6 Porkola 1922 fr\u00e5n K\u00e4lvi\u00e4 till Gamlakarleby v\u00e5rmarknad f\u00f6r att s\u00e4lja egentillverkade arbetshandskor. Under v\u00e5r 100-\u00e5riga f\u00f6retagshistoria har [&hellip;]<\/p>\n","protected":false},"author":1670,"featured_media":0,"parent":0,"menu_order":0,"comment_status":"closed","ping_status":"closed","template":"template-homepage.php","meta":{"_acf_changed":false,"footnotes":""},"class_list":["post-36272","page","type-page","status-publish","hentry"],"acf":[],"yoast_head":"<!-- This site is optimized with the Yoast SEO plugin v26.7 - https:\/\/yoast.com\/wordpress\/plugins\/seo\/ -->\n<title>Hem - Jokke<\/title>\n<meta name=\"robots\" content=\"index, follow, max-snippet:-1, max-image-preview:large, max-video-preview:-1\" \/>\n<link rel=\"canonical\" href=\"https:\/\/jokke.com\/se\/\" \/>\n<meta property=\"og:locale\" content=\"sv_SE\" \/>\n<meta property=\"og:type\" content=\"article\" \/>\n<meta property=\"og:title\" content=\"Hem - Jokke\" \/>\n<meta property=\"og:description\" content=\"SoftRabbit - motivering leksak Soft Snake - Halsband &nbsp; RabbitDummy Motivering Rundsydda koppel Utst\u00e4llning Rundsydda halsband Halsband Motivering Utst\u00e4llning Outlet Koppel Kl\u00e4der by Janutex L\u00e4der av Jokke-produkter Hundv\u00e4nliga produkter med 100 \u00e5rs erfarenhet ! Enligt tradition reste V\u00e4in\u00f6 Porkola 1922 fr\u00e5n K\u00e4lvi\u00e4 till Gamlakarleby v\u00e5rmarknad f\u00f6r att s\u00e4lja egentillverkade arbetshandskor. Under v\u00e5r 100-\u00e5riga f\u00f6retagshistoria har [&hellip;]\" \/>\n<meta property=\"og:url\" content=\"https:\/\/jokke.com\/se\/\" \/>\n<meta property=\"og:site_name\" content=\"Jokke\" \/>\n<meta property=\"article:modified_time\" content=\"2025-08-22T10:09:39+00:00\" \/>\n<meta name=\"twitter:card\" content=\"summary_large_image\" \/>\n<meta name=\"twitter:label1\" content=\"Ber\u00e4knad l\u00e4stid\" \/>\n\t<meta name=\"twitter:data1\" content=\"4 minuter\" \/>\n<script type=\"application\/ld+json\" class=\"yoast-schema-graph\">{\"@context\":\"https:\/\/schema.org\",\"@graph\":[{\"@type\":\"WebPage\",\"@id\":\"https:\/\/jokke.com\/se\/\",\"url\":\"https:\/\/jokke.com\/se\/\",\"name\":\"Hem - Jokke\",\"isPartOf\":{\"@id\":\"https:\/\/jokke.com\/se\/#website\"},\"datePublished\":\"2020-06-14T09:40:52+00:00\",\"dateModified\":\"2025-08-22T10:09:39+00:00\",\"breadcrumb\":{\"@id\":\"https:\/\/jokke.com\/se\/#breadcrumb\"},\"inLanguage\":\"sv-SE\",\"potentialAction\":[{\"@type\":\"ReadAction\",\"target\":[\"https:\/\/jokke.com\/se\/\"]}]},{\"@type\":\"BreadcrumbList\",\"@id\":\"https:\/\/jokke.com\/se\/#breadcrumb\",\"itemListElement\":[{\"@type\":\"ListItem\",\"position\":1,\"name\":\"Home\",\"item\":\"https:\/\/jokke.com\/se\/\"},{\"@type\":\"ListItem\",\"position\":2,\"name\":\"Hem\"}]},{\"@type\":\"WebSite\",\"@id\":\"https:\/\/jokke.com\/se\/#website\",\"url\":\"https:\/\/jokke.com\/se\/\",\"name\":\"Jokke\",\"description\":\"\",\"potentialAction\":[{\"@type\":\"SearchAction\",\"target\":{\"@type\":\"EntryPoint\",\"urlTemplate\":\"https:\/\/jokke.com\/se\/?s={search_term_string}\"},\"query-input\":{\"@type\":\"PropertyValueSpecification\",\"valueRequired\":true,\"valueName\":\"search_term_string\"}}],\"inLanguage\":\"sv-SE\"}]}<\/script>\n<!-- \/ Yoast SEO plugin. -->","yoast_head_json":{"title":"Hem - Jokke","robots":{"index":"index","follow":"follow","max-snippet":"max-snippet:-1","max-image-preview":"max-image-preview:large","max-video-preview":"max-video-preview:-1"},"canonical":"https:\/\/jokke.com\/se\/","og_locale":"sv_SE","og_type":"article","og_title":"Hem - Jokke","og_description":"SoftRabbit - motivering leksak Soft Snake - Halsband &nbsp; RabbitDummy Motivering Rundsydda koppel Utst\u00e4llning Rundsydda halsband Halsband Motivering Utst\u00e4llning Outlet Koppel Kl\u00e4der by Janutex L\u00e4der av Jokke-produkter Hundv\u00e4nliga produkter med 100 \u00e5rs erfarenhet ! Enligt tradition reste V\u00e4in\u00f6 Porkola 1922 fr\u00e5n K\u00e4lvi\u00e4 till Gamlakarleby v\u00e5rmarknad f\u00f6r att s\u00e4lja egentillverkade arbetshandskor. Under v\u00e5r 100-\u00e5riga f\u00f6retagshistoria har [&hellip;]","og_url":"https:\/\/jokke.com\/se\/","og_site_name":"Jokke","article_modified_time":"2025-08-22T10:09:39+00:00","twitter_card":"summary_large_image","twitter_misc":{"Ber\u00e4knad l\u00e4stid":"4 minuter"},"schema":{"@context":"https:\/\/schema.org","@graph":[{"@type":"WebPage","@id":"https:\/\/jokke.com\/se\/","url":"https:\/\/jokke.com\/se\/","name":"Hem - Jokke","isPartOf":{"@id":"https:\/\/jokke.com\/se\/#website"},"datePublished":"2020-06-14T09:40:52+00:00","dateModified":"2025-08-22T10:09:39+00:00","breadcrumb":{"@id":"https:\/\/jokke.com\/se\/#breadcrumb"},"inLanguage":"sv-SE","potentialAction":[{"@type":"ReadAction","target":["https:\/\/jokke.com\/se\/"]}]},{"@type":"BreadcrumbList","@id":"https:\/\/jokke.com\/se\/#breadcrumb","itemListElement":[{"@type":"ListItem","position":1,"name":"Home","item":"https:\/\/jokke.com\/se\/"},{"@type":"ListItem","position":2,"name":"Hem"}]},{"@type":"WebSite","@id":"https:\/\/jokke.com\/se\/#website","url":"https:\/\/jokke.com\/se\/","name":"Jokke","description":"","potentialAction":[{"@type":"SearchAction","target":{"@type":"EntryPoint","urlTemplate":"https:\/\/jokke.com\/se\/?s={search_term_string}"},"query-input":{"@type":"PropertyValueSpecification","valueRequired":true,"valueName":"search_term_string"}}],"inLanguage":"sv-SE"}]}},"_links":{"self":[{"href":"https:\/\/jokke.com\/se\/wp-json\/wp\/v2\/pages\/36272","targetHints":{"allow":["GET"]}}],"collection":[{"href":"https:\/\/jokke.com\/se\/wp-json\/wp\/v2\/pages"}],"about":[{"href":"https:\/\/jokke.com\/se\/wp-json\/wp\/v2\/types\/page"}],"author":[{"embeddable":true,"href":"https:\/\/jokke.com\/se\/wp-json\/wp\/v2\/users\/1670"}],"replies":[{"embeddable":true,"href":"https:\/\/jokke.com\/se\/wp-json\/wp\/v2\/comments?post=36272"}],"version-history":[{"count":148,"href":"https:\/\/jokke.com\/se\/wp-json\/wp\/v2\/pages\/36272\/revisions"}],"predecessor-version":[{"id":55773,"href":"https:\/\/jokke.com\/se\/wp-json\/wp\/v2\/pages\/36272\/revisions\/55773"}],"wp:attachment":[{"href":"https:\/\/jokke.com\/se\/wp-json\/wp\/v2\/media?parent=36272"}],"curies":[{"name":"wp","href":"https:\/\/api.w.org\/{rel}","templated":true}]}}