{"id":12556,"date":"2018-08-16T12:45:15","date_gmt":"2018-08-16T12:45:15","guid":{"rendered":"http:\/\/jokke.com\/se\/?page_id=12556"},"modified":"2018-08-16T12:45:15","modified_gmt":"2018-08-16T12:45:15","slug":"hantering-av-personuppgifter","status":"publish","type":"page","link":"https:\/\/jokke.com\/se\/hantering-av-personuppgifter\/","title":{"rendered":"Hantering av personuppgifter"},"content":{"rendered":"<p>Jokke Pet Oy str\u00e4var efter att behandla all din data inom EU\/EES.<br \/>\nI de fall data behandlas i land utanf\u00f6r denna region kommer Jokke Pet Oy vidta \u00e5tg\u00e4rder f\u00f6r att datan<br \/>\nhanteras s\u00e4kert och i samma niv\u00e5 som inom EU\/EES.<\/p>\n<p>Dina personuppgifter anv\u00e4nds endast f\u00f6r att kunna fullf\u00f6lja v\u00e5ra \u00e5taganden<\/p>\n<p>Vi delar inte och s\u00e4ljer n\u00e5gra uppgifter vidare.<\/p>\n<p>Vid k\u00f6p m\u00e5ste du samtycka till att vi anv\u00e4nder dina personuppgifter f\u00f6r att kunna leverera dina varor.<br \/>\nDe uppgifter vi beh\u00f6ver \u00e4r din adress, mejl och telefonnummer.<br \/>\nVi m\u00e5ste ocks\u00e5 av bokf\u00f6ringsk\u00e4l spara dina best\u00e4llningar i sju \u00e5r i enlighet med bokf\u00f6ringslagen.<br \/>\nVi vill ocks\u00e5 kunna bist\u00e5 med service om du t ex beh\u00f6ver reklamera en vara eller utnyttja din garanti.<\/p>\n<p>Vi f\u00e5r aldrig del av personnummer eller kortuppgifter d\u00e5 de uppgifterna g\u00e5r direkt till de betalf\u00f6retag vi anlitar.<\/p>\n<p>Din orderhistorik sparas och du kan enkelt logga in f\u00f6r att se tidigare best\u00e4llningar.<br \/>\nLikas\u00e5 kan du prenemurera p\u00e5 v\u00e5rt nyhetsbrev f\u00f6r att f\u00e5 information, nyheter, rabatter och tips.<\/p>\n<p>Inga uppgifter sparas mer \u00e4n n\u00f6dv\u00e4ndigt.<br \/>\nDet inneb\u00e4r att vi nu raderat gamla mejlkonversationer och dokument som inte l\u00e4ngre \u00e4r aktuella.<br \/>\nVi har ocks\u00e5 sett \u00f6ver v\u00e5ra s\u00e4kerhetsrutiner s\u00e5 att de uppgifter vi har f\u00f6rvaras s\u00e5 s\u00e4kert som m\u00f6jligt.<br \/>\nP\u00e5 v\u00e5rt f\u00f6retag finns det tv\u00e5 personer som kan ta del av personuppgifter och det \u00e4r endast f\u00f6r att kunna hj\u00e4lpa dig i v\u00e5r<br \/>\nkundtj\u00e4nst eller se till att du f\u00e5r dina varor s\u00e5 snabbt som m\u00f6jligt.<br \/>\nDu kan kontakta oss om du vill veta vilka uppgifter som finns lagrade, \u00e4ndra p\u00e5 n\u00e5gon felaktighet<br \/>\neller om du vill att n\u00e5gra uppgifter ska tas bort. sales@jokke.com<\/p>\n<p>Externa akt\u00f6rer som beh\u00f6ver tillg\u00e5ng till viss data \u00e4r Check-out f\u00f6r dina betalningar. D\u00e4refter \u00e4r det Finska Posten som<br \/>\nbeh\u00f6ver din adress f\u00f6r att kunna leverera din vara. Som bank anv\u00e4nder vi av oss Nordea och Osuuspankki.<br \/>\nAlla dessa akt\u00f6rer, precis som oss, \u00e4r enligt lag skyldiga att f\u00f6rvara dina uppgifter p\u00e5 ett s\u00e4kert s\u00e4tt.<\/p>\n<p>Den h\u00e4r hemsidan anv\u00e4nder sig av cookies. Det \u00e4r en textfil som hj\u00e4lper oss att f\u00f6b\u00e4ttra anv\u00e4ndarupplevelsen p\u00e5 hemsidan.<br \/>\nVi kan inte indentifiera dig som person utifr\u00e5n dessa uppgifter.<br \/>\nDen ger oss statistik p\u00e5 popul\u00e4ra produkter och hur hemsidan anv\u00e4nds av v\u00e5ra bes\u00f6kare.<br \/>\nDet g\u00e5r att st\u00e4lla in din webl\u00e4sare s\u00e5 att cookies blockeras om du skulle vilja.<\/p>\n<p>Cookies \u00e4r grunden f\u00f6r att g\u00f6ra hemsidan s\u00e5 kundanpassad som m\u00f6jligt och underl\u00e4tta f\u00f6r v\u00e5ra bes\u00f6kare.<br \/>\nDet g\u00f6r via via Google Analytics men ocks\u00e5 via pixel fr\u00e5n Facebook. Det \u00e4r ingen information vi delar med andra<br \/>\nutan enbart till f\u00f6r att f\u00f6rb\u00e4ttra v\u00e5r hemsida och service till dig som kund.<\/p>\n<p>Dina mejl och sms till oss raderas s\u00e5 fort vi svarat p\u00e5 dina fr\u00e5gor och tills eventuella problem blivit l\u00f6sta.<br \/>\nOm du \u00e4r os\u00e4ker p\u00e5 vilken data som finns lagrad om dig s\u00e5 kan du kontakta v\u00e5r kundservice sales@jokke.com<\/p>\n","protected":false},"excerpt":{"rendered":"<p>Jokke Pet Oy str\u00e4var efter att behandla all din data inom EU\/EES. I de fall data behandlas i land utanf\u00f6r denna region kommer Jokke Pet Oy vidta \u00e5tg\u00e4rder f\u00f6r att datan hanteras s\u00e4kert och i samma niv\u00e5 som inom EU\/EES. Dina personuppgifter anv\u00e4nds endast f\u00f6r att kunna fullf\u00f6lja v\u00e5ra \u00e5taganden Vi delar inte och s\u00e4ljer [&hellip;]<\/p>\n","protected":false},"author":1,"featured_media":0,"parent":0,"menu_order":0,"comment_status":"closed","ping_status":"closed","template":"","meta":{"_acf_changed":false,"footnotes":""},"class_list":["post-12556","page","type-page","status-publish","hentry"],"acf":[],"yoast_head":"<!-- This site is optimized with the Yoast SEO plugin v26.7 - https:\/\/yoast.com\/wordpress\/plugins\/seo\/ -->\n<title>Hantering av personuppgifter - Jokke<\/title>\n<meta name=\"robots\" content=\"index, follow, max-snippet:-1, max-image-preview:large, max-video-preview:-1\" \/>\n<link rel=\"canonical\" href=\"https:\/\/jokke.com\/se\/hantering-av-personuppgifter\/\" \/>\n<meta property=\"og:locale\" content=\"sv_SE\" \/>\n<meta property=\"og:type\" content=\"article\" \/>\n<meta property=\"og:title\" content=\"Hantering av personuppgifter - Jokke\" \/>\n<meta property=\"og:description\" content=\"Jokke Pet Oy str\u00e4var efter att behandla all din data inom EU\/EES. I de fall data behandlas i land utanf\u00f6r denna region kommer Jokke Pet Oy vidta \u00e5tg\u00e4rder f\u00f6r att datan hanteras s\u00e4kert och i samma niv\u00e5 som inom EU\/EES. Dina personuppgifter anv\u00e4nds endast f\u00f6r att kunna fullf\u00f6lja v\u00e5ra \u00e5taganden Vi delar inte och s\u00e4ljer [&hellip;]\" \/>\n<meta property=\"og:url\" content=\"https:\/\/jokke.com\/se\/hantering-av-personuppgifter\/\" \/>\n<meta property=\"og:site_name\" content=\"Jokke\" \/>\n<meta name=\"twitter:card\" content=\"summary_large_image\" \/>\n<meta name=\"twitter:label1\" content=\"Ber\u00e4knad l\u00e4stid\" \/>\n\t<meta name=\"twitter:data1\" content=\"3 minuter\" \/>\n<script type=\"application\/ld+json\" class=\"yoast-schema-graph\">{\"@context\":\"https:\/\/schema.org\",\"@graph\":[{\"@type\":\"WebPage\",\"@id\":\"https:\/\/jokke.com\/se\/hantering-av-personuppgifter\/\",\"url\":\"https:\/\/jokke.com\/se\/hantering-av-personuppgifter\/\",\"name\":\"Hantering av personuppgifter - Jokke\",\"isPartOf\":{\"@id\":\"https:\/\/jokke.com\/se\/#website\"},\"datePublished\":\"2018-08-16T12:45:15+00:00\",\"breadcrumb\":{\"@id\":\"https:\/\/jokke.com\/se\/hantering-av-personuppgifter\/#breadcrumb\"},\"inLanguage\":\"sv-SE\",\"potentialAction\":[{\"@type\":\"ReadAction\",\"target\":[\"https:\/\/jokke.com\/se\/hantering-av-personuppgifter\/\"]}]},{\"@type\":\"BreadcrumbList\",\"@id\":\"https:\/\/jokke.com\/se\/hantering-av-personuppgifter\/#breadcrumb\",\"itemListElement\":[{\"@type\":\"ListItem\",\"position\":1,\"name\":\"Home\",\"item\":\"https:\/\/jokke.com\/se\/\"},{\"@type\":\"ListItem\",\"position\":2,\"name\":\"Hantering av personuppgifter\"}]},{\"@type\":\"WebSite\",\"@id\":\"https:\/\/jokke.com\/se\/#website\",\"url\":\"https:\/\/jokke.com\/se\/\",\"name\":\"Jokke\",\"description\":\"\",\"potentialAction\":[{\"@type\":\"SearchAction\",\"target\":{\"@type\":\"EntryPoint\",\"urlTemplate\":\"https:\/\/jokke.com\/se\/?s={search_term_string}\"},\"query-input\":{\"@type\":\"PropertyValueSpecification\",\"valueRequired\":true,\"valueName\":\"search_term_string\"}}],\"inLanguage\":\"sv-SE\"}]}<\/script>\n<!-- \/ Yoast SEO plugin. -->","yoast_head_json":{"title":"Hantering av personuppgifter - Jokke","robots":{"index":"index","follow":"follow","max-snippet":"max-snippet:-1","max-image-preview":"max-image-preview:large","max-video-preview":"max-video-preview:-1"},"canonical":"https:\/\/jokke.com\/se\/hantering-av-personuppgifter\/","og_locale":"sv_SE","og_type":"article","og_title":"Hantering av personuppgifter - Jokke","og_description":"Jokke Pet Oy str\u00e4var efter att behandla all din data inom EU\/EES. I de fall data behandlas i land utanf\u00f6r denna region kommer Jokke Pet Oy vidta \u00e5tg\u00e4rder f\u00f6r att datan hanteras s\u00e4kert och i samma niv\u00e5 som inom EU\/EES. Dina personuppgifter anv\u00e4nds endast f\u00f6r att kunna fullf\u00f6lja v\u00e5ra \u00e5taganden Vi delar inte och s\u00e4ljer [&hellip;]","og_url":"https:\/\/jokke.com\/se\/hantering-av-personuppgifter\/","og_site_name":"Jokke","twitter_card":"summary_large_image","twitter_misc":{"Ber\u00e4knad l\u00e4stid":"3 minuter"},"schema":{"@context":"https:\/\/schema.org","@graph":[{"@type":"WebPage","@id":"https:\/\/jokke.com\/se\/hantering-av-personuppgifter\/","url":"https:\/\/jokke.com\/se\/hantering-av-personuppgifter\/","name":"Hantering av personuppgifter - Jokke","isPartOf":{"@id":"https:\/\/jokke.com\/se\/#website"},"datePublished":"2018-08-16T12:45:15+00:00","breadcrumb":{"@id":"https:\/\/jokke.com\/se\/hantering-av-personuppgifter\/#breadcrumb"},"inLanguage":"sv-SE","potentialAction":[{"@type":"ReadAction","target":["https:\/\/jokke.com\/se\/hantering-av-personuppgifter\/"]}]},{"@type":"BreadcrumbList","@id":"https:\/\/jokke.com\/se\/hantering-av-personuppgifter\/#breadcrumb","itemListElement":[{"@type":"ListItem","position":1,"name":"Home","item":"https:\/\/jokke.com\/se\/"},{"@type":"ListItem","position":2,"name":"Hantering av personuppgifter"}]},{"@type":"WebSite","@id":"https:\/\/jokke.com\/se\/#website","url":"https:\/\/jokke.com\/se\/","name":"Jokke","description":"","potentialAction":[{"@type":"SearchAction","target":{"@type":"EntryPoint","urlTemplate":"https:\/\/jokke.com\/se\/?s={search_term_string}"},"query-input":{"@type":"PropertyValueSpecification","valueRequired":true,"valueName":"search_term_string"}}],"inLanguage":"sv-SE"}]}},"_links":{"self":[{"href":"https:\/\/jokke.com\/se\/wp-json\/wp\/v2\/pages\/12556","targetHints":{"allow":["GET"]}}],"collection":[{"href":"https:\/\/jokke.com\/se\/wp-json\/wp\/v2\/pages"}],"about":[{"href":"https:\/\/jokke.com\/se\/wp-json\/wp\/v2\/types\/page"}],"author":[{"embeddable":true,"href":"https:\/\/jokke.com\/se\/wp-json\/wp\/v2\/users\/1"}],"replies":[{"embeddable":true,"href":"https:\/\/jokke.com\/se\/wp-json\/wp\/v2\/comments?post=12556"}],"version-history":[{"count":1,"href":"https:\/\/jokke.com\/se\/wp-json\/wp\/v2\/pages\/12556\/revisions"}],"predecessor-version":[{"id":12557,"href":"https:\/\/jokke.com\/se\/wp-json\/wp\/v2\/pages\/12556\/revisions\/12557"}],"wp:attachment":[{"href":"https:\/\/jokke.com\/se\/wp-json\/wp\/v2\/media?parent=12556"}],"curies":[{"name":"wp","href":"https:\/\/api.w.org\/{rel}","templated":true}]}}